{"id":83709,"date":"2022-02-14T15:30:26","date_gmt":"2022-02-14T14:30:26","guid":{"rendered":"https:\/\/www.dogpride.nl\/?post_type=product&#038;p=83709"},"modified":"2026-03-13T09:48:28","modified_gmt":"2026-03-13T08:48:28","slug":"mooria-original-halsband-blue-yellow-mood","status":"publish","type":"product","link":"https:\/\/dogpride.nl\/de\/mooria-original-halsband-blue-yellow-mood\/","title":{"rendered":"MOORIA Original Halsband Blau\/Gelb-Stimmung"},"content":{"rendered":"<h4>MOORIA Original Halsband Blau\/Gelb-Stimmung<\/h4>\n<p>MOORIA Original Halsband Blau\/Gelb-Stimmung. Die Halsb\u00e4nder und Leinen von MOORIA bestehen aus funktionellen wasserdichten Stoffen. Die Basis besteht aus schwerem Nylongewebe, das mit bedrucktem oder einfarbigem Softshell-Gewebe \u00fcberzogen ist.<br \/>\nUnsere Halsb\u00e4nder und Leinen haben die gleiche Funktionalit\u00e4t und Widerstandsf\u00e4higkeit wie beliebte Nylonprodukte; Dar\u00fcber hinaus bieten wir ein attraktives Erscheinungsbild durch eine gro\u00dfe Auswahl an Mustern, Drucken und Farben.<br \/>\nDie hervorragende Textilbasis ist nicht der einzige Vorteil unserer Produkte. Auch die gesamte weitere Hardware wie Schnallen, Ringe und Karabiner sind hochwertig und hochwertig verarbeitet.<br \/>\nWir verwenden ausschlie\u00dflich Hardware von sorgf\u00e4ltig ausgew\u00e4hlten Herstellern in Europa und den USA. Durch den Fokus auf hohe Qualit\u00e4t und Funktionalit\u00e4t k\u00f6nnen wir diese einzigartig attraktiven und stilvollen Produkte anbieten.<\/p>\n<p>* An dem kleinen Ring kann eine Medaille etc. befestigt werden.<\/p>\n<p>* Erh\u00e4ltlich mit Kunststoff- oder Aluminiumverschluss.<\/p>\n<p>*\u00a0<a title=\"Passende Linien verf\u00fcgbar\" href=\"https:\/\/dogpride.nl\/de\/mooria-original-lijn-blue-yellow-mood\/\">https:\/\/dogpride.nl\/mooria-original-lijn-blue-yellow-mood\/<\/a><\/p>\n<p><strong>Namensschild:<\/strong><\/p>\n<ul>\n<li>Das Anbringen eines Namensschilds erleichtert das Auffinden Ihres weggelaufenen Hundes. Geben Sie den Namen und die Telefonnummer des Hundes, die Sie auf dem Halsband haben m\u00f6chten, genau so ein, wie sie auf dem Halsband erscheinen sollen \u2013 Gro\u00dfbuchstaben, Leerzeichen, Telefonnummernformat usw.<\/li>\n<\/ul>\n<p><strong>Dekorative Fliege:<\/strong><\/p>\n<ul>\n<li>W\u00e4hlen Sie, wenn Sie m\u00f6chten, eine elegante Fliege f\u00fcr den Kragen. Die Fliege ist an einem elastischen Band befestigt und daher abnehmbar. Die Fliege wird im gleichen Muster und in der gleichen Gr\u00f6\u00dfe wie der Kragen hergestellt.<\/li>\n<\/ul>\n<p><strong>Ma\u00dfe:<\/strong><\/p>\n<p><img loading=\"lazy\" decoding=\"async\" class=\"alignnone size-full wp-image-81263 lazyautosizes ls-is-cached lazyloaded\" src=\"https:\/\/www.dogpride.nl\/wp-content\/uploads\/mAATTABEL-mOORIA-HALSBANDEN-1.jpg\" sizes=\"auto, 816px\" srcset=\"https:\/\/www.dogpride.nl\/wp-content\/uploads\/mAATTABEL-mOORIA-HALSBANDEN-1-200x117.jpg 200w, https:\/\/www.dogpride.nl\/wp-content\/uploads\/mAATTABEL-mOORIA-HALSBANDEN-1-300x176.jpg 300w, https:\/\/www.dogpride.nl\/wp-content\/uploads\/mAATTABEL-mOORIA-HALSBANDEN-1-400x235.jpg 400w, https:\/\/www.dogpride.nl\/wp-content\/uploads\/mAATTABEL-mOORIA-HALSBANDEN-1-600x352.jpg 600w, https:\/\/www.dogpride.nl\/wp-content\/uploads\/mAATTABEL-mOORIA-HALSBANDEN-1-768x451.jpg 768w, https:\/\/www.dogpride.nl\/wp-content\/uploads\/mAATTABEL-mOORIA-HALSBANDEN-1-800x470.jpg 800w, https:\/\/www.dogpride.nl\/wp-content\/uploads\/mAATTABEL-mOORIA-HALSBANDEN-1.jpg 853w\" alt=\"Mooria Maatbabel\" width=\"853\" height=\"501\" data-orig-src=\"https:\/\/www.dogpride.nl\/wp-content\/uploads\/mAATTABEL-mOORIA-HALSBANDEN-1.jpg\" data-srcset=\"https:\/\/www.dogpride.nl\/wp-content\/uploads\/mAATTABEL-mOORIA-HALSBANDEN-1-200x117.jpg 200w, https:\/\/www.dogpride.nl\/wp-content\/uploads\/mAATTABEL-mOORIA-HALSBANDEN-1-300x176.jpg 300w, https:\/\/www.dogpride.nl\/wp-content\/uploads\/mAATTABEL-mOORIA-HALSBANDEN-1-400x235.jpg 400w, https:\/\/www.dogpride.nl\/wp-content\/uploads\/mAATTABEL-mOORIA-HALSBANDEN-1-600x352.jpg 600w, https:\/\/www.dogpride.nl\/wp-content\/uploads\/mAATTABEL-mOORIA-HALSBANDEN-1-768x451.jpg 768w, https:\/\/www.dogpride.nl\/wp-content\/uploads\/mAATTABEL-mOORIA-HALSBANDEN-1-800x470.jpg 800w, https:\/\/www.dogpride.nl\/wp-content\/uploads\/mAATTABEL-mOORIA-HALSBANDEN-1.jpg 853w\" data-sizes=\"auto\" data-orig-sizes=\"(max-width: 853px) 100vw, 853px\" \/><\/p>\n<p><a href=\"https:\/\/www.mooria.eu\/\" target=\"_blank\" rel=\"noopener\"><img loading=\"lazy\" decoding=\"async\" class=\"alignnone wp-image-118346 size-full\" src=\"https:\/\/dogpride.nl\/wp-content\/uploads\/Logo-MOORIA-2.png\" sizes=\"auto, (max-width: 233px) 100vw, 233px\" srcset=\"https:\/\/dogpride.nl\/wp-content\/uploads\/Logo-MOORIA-2.png 233w, https:\/\/dogpride.nl\/wp-content\/uploads\/Logo-MOORIA-2-18x4.png 18w\" alt=\"Logo Mooria\" width=\"233\" height=\"53\" \/><\/a><\/p>\n<p><a href=\"https:\/\/dogpride.nl\/de\/hondenhalsbanden\/mooria-hondenhalsbanden\/?product-page=2\"><img loading=\"lazy\" decoding=\"async\" class=\"alignnone\" title=\"MOORIA Original Halsband Blau\/Gelb-Stimmung\" src=\"https:\/\/dogpride.nl\/wp-content\/uploads\/obj4-blue-yellow-mood-150x150.jpg\" alt=\"MOORIA Original Halsband Blue\/Yellow-Mood\" width=\"150\" height=\"150\" \/><\/a><\/p>","protected":false},"excerpt":{"rendered":"<p>MOORIA Original Halsband Blue\/Yellow-Mood\u00a0 halsbanden en lijnen hebben dezelfde functionaliteit en weerstand als populaire nylonproducten; daarnaast bieden wij een aantrekkelijk uiterlijk door een breed scala aan patronen, bedrukkingen en kleuren.<\/p>","protected":false},"featured_media":83710,"template":"","meta":[],"product_brand":[],"product_cat":[696],"product_tag":[],"class_list":{"0":"post-83709","1":"product","2":"type-product","3":"status-publish","4":"has-post-thumbnail","6":"product_cat-mooria-hondenhalsbanden","7":"product_shipping_class-vast-tarief-eu-overig","9":"first","10":"instock","11":"taxable","12":"shipping-taxable","13":"purchasable","14":"product-type-variable"},"mb":[],"mfb_rest_fields":["title"],"_links":{"self":[{"href":"https:\/\/dogpride.nl\/de\/wp-json\/wp\/v2\/product\/83709","targetHints":{"allow":["GET"]}}],"collection":[{"href":"https:\/\/dogpride.nl\/de\/wp-json\/wp\/v2\/product"}],"about":[{"href":"https:\/\/dogpride.nl\/de\/wp-json\/wp\/v2\/types\/product"}],"wp:featuredmedia":[{"embeddable":true,"href":"https:\/\/dogpride.nl\/de\/wp-json\/wp\/v2\/media\/83710"}],"wp:attachment":[{"href":"https:\/\/dogpride.nl\/de\/wp-json\/wp\/v2\/media?parent=83709"}],"wp:term":[{"taxonomy":"product_brand","embeddable":true,"href":"https:\/\/dogpride.nl\/de\/wp-json\/wp\/v2\/product_brand?post=83709"},{"taxonomy":"product_cat","embeddable":true,"href":"https:\/\/dogpride.nl\/de\/wp-json\/wp\/v2\/product_cat?post=83709"},{"taxonomy":"product_tag","embeddable":true,"href":"https:\/\/dogpride.nl\/de\/wp-json\/wp\/v2\/product_tag?post=83709"}],"curies":[{"name":"wp","href":"https:\/\/api.w.org\/{rel}","templated":true}]}}