{"id":81007,"date":"2022-02-02T17:04:27","date_gmt":"2022-02-02T16:04:27","guid":{"rendered":"https:\/\/www.dogpride.nl\/?post_type=product&#038;p=81007"},"modified":"2026-01-15T13:12:11","modified_gmt":"2026-01-15T12:12:11","slug":"gymnic-peanut-ball-plus","status":"publish","type":"product","link":"https:\/\/dogpride.nl\/de\/gymnic-peanut-ball-plus\/","title":{"rendered":"Gymnic Erdnussball Plus"},"content":{"rendered":"<h4>Gymnic Erdnussball Plus<\/h4>\n<p>Gymnic Erdnussball Plus<\/p>\n<p><strong>Professionele Gymnic Peanut Ball Plus voor hondentraining<\/strong><\/p>\n<p>De perfecte Gymnic Peanut Ball Plus voor hondentraining. Deze pindaballen beschikken namelijk over een Burst Resistant Quality systeem (anti-burst systeem).<\/p>\n<p>Das BRQ-System sorgt daf\u00fcr, dass der Ball langsam Luft verliert (und nicht platzt), wenn er durch \u00e4u\u00dfere Einfl\u00fcsse besch\u00e4digt wird. Der Hund wird daher nicht erschreckt, wenn der Ball besch\u00e4digt ist.<\/p>\n<p><strong>Der Erdnussball, auch Erdnussball genannt<\/strong><\/p>\n<p>De Gymnic Peanut Ball Plus wordt veel gebruikt voor training van (sport-, werk-)honden, en voor revalidatie en therapie. De unieke vorm van de pinda beperkt de beweging tot alleen de voor- en achterwaartse beweging.<\/p>\n<p>Bei Verwendung des Balls in L\u00e4ngsrichtung kann sich der Hund auch seitw\u00e4rts bewegen.<\/p>\n<p>Die Erdnussform dieser Gymnastikb\u00e4lle bietet eine gr\u00f6\u00dfere Kontaktfl\u00e4che mit dem Boden als die Gymnastikb\u00e4lle und Eierb\u00e4lle und sorgt so f\u00fcr mehr Stabilit\u00e4t beim Training.<\/p>\n<p>De Gymnic Peanut Ball Plus bal kun je gebruiken om de spieren van de hond te versterken<\/p>\n<p><a href=\"https:\/\/dogpride.nl\/de\/diverse-hondensporten\/peanut-ballen\/\"><img loading=\"lazy\" decoding=\"async\" class=\"alignnone\" title=\"Gymnic Erdnussball Plus\" src=\"https:\/\/dogpride.nl\/wp-content\/uploads\/Physio-roll-pinda-bal-alle-maten-2-150x150.jpg\" alt=\"Gymnic Peanut Ball Plus\" width=\"150\" height=\"150\" \/><\/a><\/p>\n<p>Indem sie ein Leckerli direkt \u00fcber ihren Kopf halten, m\u00fcssen sie mit den Vorderbeinen auf der Erdnuss stehen und dabei Nacken und R\u00fccken strecken.<\/p>\n<p>Wir arbeiten an Gleichgewicht und Gleichgewicht. Das ist nicht nur gut f\u00fcr die St\u00e4rkung der Muskulatur des Hundes, sondern auch f\u00fcr sein (Selbst-)Selbstvertrauen. Der Hund kann auch darauf sitzen oder liegen.<\/p>\n<p>De Gymnic Peanut Ball Plus zijn sterk, en gemaakt van een goede kwaliteit PVC. De peanut ball is ook uitermate geschikt voor diagnostische doeleinden, training van de actieve stabiliteit, balans, flexibiliteit, co\u00f6rdinatie, revalidatie en therapie.<\/p>\n<h5>Wie w\u00e4hle ich die f\u00fcr meinen Hund am besten geeignete Erdnussb\u00e4llchengr\u00f6\u00dfe aus?<\/h5>\n<p>Das h\u00e4ngt davon ab, welche Art von \u00dcbungen Sie mit dem Hund machen m\u00f6chten. Eine Richtlinie finden Sie jedoch in der folgenden Tabelle.<\/p>\n<p><img decoding=\"async\" class=\"alignnone\" title=\"\" src=\"https:\/\/www.sportenspelvoordieren.nl\/\/uploads\/images\/tabel-pindaballen.jpg\" alt=\"\" width=\"622\" \/><\/p>\n<ul>\n<li>Wenn Sie den Erdnussball zum Aufstellen des vierbeinigen Hundes verwenden m\u00f6chten, messen Sie die K\u00f6rpergr\u00f6\u00dfe des Hundes im Stehen von den Vorderbeinen bis zu den Hinterbeinen.<\/li>\n<\/ul>\n<p><a href=\"https:\/\/dogpride.nl\/de\/diverse-hondensporten\/peanut-ballen\/\"><img loading=\"lazy\" decoding=\"async\" class=\"alignnone\" title=\"Gymnic Erdnussball Plus\" src=\"https:\/\/dogpride.nl\/wp-content\/uploads\/Physio-roll-pinda-bal-alle-maten-2-150x150.jpg\" alt=\"Gymnic Peanut Ball Plus\" width=\"150\" height=\"150\" \/><\/a><\/p>\n<p>Der Hund muss in seiner nat\u00fcrlichen Haltung\/Position vollst\u00e4ndig auf dem Erdnussball stehen k\u00f6nnen. <strong>F\u00fcr einen kleinen Hund k\u00f6nnen Sie immer einen gr\u00f6\u00dferen Erdnussball w\u00e4hlen, f\u00fcr einen gro\u00dfen Hund jedoch niemals einen kleineren Erdnussball.<\/strong><\/p>\n<p>Wenn Sie mehrere Hunde haben, w\u00e4hlen Sie den Erdnussball, der zum gr\u00f6\u00dften Hund passt.<\/p>\n<p>Die Verwendung eines gr\u00f6\u00dferen Balls bietet bei einem kleinen Hund den Vorteil, dass man mehr Arbeitsfl\u00e4che hat und den eigenen R\u00fccken schont (dadurch muss man sich nicht so stark b\u00fccken).<\/p>\n<h5>Wenn Sie den Erdnussball beispielsweise zum Training der Stabilit\u00e4t der Hinterhand, f\u00fcr Belastungs\u00fcbungen oder f\u00fcr die Rehabilitation (wobei der Hund teils auf dem Boden und teils auf dem Ball steht) verwenden m\u00f6chten, dann entscheiden Sie sich f\u00fcr einen Erdnussball etwas unterhalb der Widerristh\u00f6he des Hundes.<\/h5>\n<p>Die angegebene H\u00f6he der Erdnusskugel ist die maximale H\u00f6he der Kugel. Pumpen Sie den Ball nicht h\u00f6her als diese H\u00f6he auf. Die Herausforderung der \u00dcbungen l\u00e4sst sich anpassen, indem der Ball weniger stark aufgepumpt wird.<\/p>\n<p>Beaufsichtigen Sie den Hund stets, wenn Sie mit diesem Ausgleichsmaterial arbeiten. Wir empfehlen, den Hund in einem Geschirr oder Sicherheitsgeschirr\/-weste zu halten, insbesondere wenn er neu und aufregend ist.<\/p>\n<p><iframe loading=\"lazy\" title=\"Erdnussball - Alprovi sportsgameforanimals.nl\" width=\"1290\" height=\"968\" src=\"https:\/\/www.youtube.com\/embed\/WSjNrZDXbu8?feature=oembed\" frameborder=\"0\" allow=\"accelerometer; autoplay; clipboard-write; encrypted-media; gyroscope; picture-in-picture; web-share\" referrerpolicy=\"strict-origin-when-cross-origin\" allowfullscreen><\/iframe><\/p>\n<table class=\"product-specification-list\" style=\"height: 120px;\" width=\"940\">\n<tbody>\n<tr>\n<td>Marke:<\/td>\n<td class=\"\">Fitnessstudio<\/td>\n<\/tr>\n<tr>\n<td><strong>F\u00e4rben):<\/strong><\/td>\n<td class=\"\"><strong>Hoch 55 x L\u00e4nge 90 cm, Farbe: Limettengr\u00fcn oder Hoch 70 x L\u00e4nge 115 cm, Farbe: Blau<\/strong><\/td>\n<\/tr>\n<tr>\n<td>Maximales (Benutzer-)Gewicht:<\/td>\n<td class=\"\">120kg.<\/td>\n<\/tr>\n<tr>\n<td>Inklusive:<\/td>\n<td class=\"\">BRQ-System<\/td>\n<\/tr>\n<\/tbody>\n<\/table>\n<p>&nbsp;<\/p>\n<p><a href=\"https:\/\/www.sportenspelvoordieren.nl\/\" target=\"_blank\" rel=\"noopener\"><img loading=\"lazy\" decoding=\"async\" class=\"alignnone wp-image-149678 size-medium\" src=\"https:\/\/dogpride.nl\/wp-content\/uploads\/Logo-Alprovi-300x92.jpg\" alt=\"Logo Alprovi\" width=\"300\" height=\"92\" srcset=\"https:\/\/dogpride.nl\/wp-content\/uploads\/Logo-Alprovi-300x92.jpg 300w, https:\/\/dogpride.nl\/wp-content\/uploads\/Logo-Alprovi-18x6.jpg 18w, https:\/\/dogpride.nl\/wp-content\/uploads\/Logo-Alprovi-250x77.jpg 250w, https:\/\/dogpride.nl\/wp-content\/uploads\/Logo-Alprovi.jpg 332w\" sizes=\"auto, (max-width: 300px) 100vw, 300px\" \/><\/a><\/p>","protected":false},"excerpt":{"rendered":"<p>Der perfekte Erdnussball f\u00fcr das Hundetraining. Diese Erdnussb\u00e4llchen verf\u00fcgen \u00fcber ein Burst-Resistant-Quality-System (Anti-Burst-System). Das BRQ-System sorgt daf\u00fcr, dass der Ball langsam Luft verliert (und nicht platzt), wenn er durch \u00e4u\u00dfere Einfl\u00fcsse besch\u00e4digt wird.<\/p>","protected":false},"featured_media":81008,"template":"","meta":[],"product_brand":[],"product_cat":[3507],"product_tag":[],"class_list":{"0":"post-81007","1":"product","2":"type-product","3":"status-publish","4":"has-post-thumbnail","6":"product_cat-spelmateriaal","8":"first","9":"instock","10":"taxable","11":"shipping-taxable","12":"purchasable","13":"product-type-variable"},"mb":[],"mfb_rest_fields":["title"],"_links":{"self":[{"href":"https:\/\/dogpride.nl\/de\/wp-json\/wp\/v2\/product\/81007","targetHints":{"allow":["GET"]}}],"collection":[{"href":"https:\/\/dogpride.nl\/de\/wp-json\/wp\/v2\/product"}],"about":[{"href":"https:\/\/dogpride.nl\/de\/wp-json\/wp\/v2\/types\/product"}],"wp:featuredmedia":[{"embeddable":true,"href":"https:\/\/dogpride.nl\/de\/wp-json\/wp\/v2\/media\/81008"}],"wp:attachment":[{"href":"https:\/\/dogpride.nl\/de\/wp-json\/wp\/v2\/media?parent=81007"}],"wp:term":[{"taxonomy":"product_brand","embeddable":true,"href":"https:\/\/dogpride.nl\/de\/wp-json\/wp\/v2\/product_brand?post=81007"},{"taxonomy":"product_cat","embeddable":true,"href":"https:\/\/dogpride.nl\/de\/wp-json\/wp\/v2\/product_cat?post=81007"},{"taxonomy":"product_tag","embeddable":true,"href":"https:\/\/dogpride.nl\/de\/wp-json\/wp\/v2\/product_tag?post=81007"}],"curies":[{"name":"wp","href":"https:\/\/api.w.org\/{rel}","templated":true}]}}