{"id":81002,"date":"2022-02-02T16:47:46","date_gmt":"2022-02-02T15:47:46","guid":{"rendered":"https:\/\/www.dogpride.nl\/?post_type=product&#038;p=81002"},"modified":"2026-01-15T13:12:14","modified_gmt":"2026-01-15T12:12:14","slug":"gymnic-peanut-ball-senso","status":"publish","type":"product","link":"https:\/\/dogpride.nl\/de\/gymnic-peanut-ball-senso\/","title":{"rendered":"Gymnic Peanut Ball Senso"},"content":{"rendered":"<h4>Gymnic Peanut Ball Senso<\/h4>\n<p>Gymnic Peanut Ball Senso<\/p>\n<p><strong>Der Peanut Ball Senso, auch Erdnussball genannt, aber mit Noppen<\/strong><\/p>\n<p>Aufgrund der Noppen ist dieser Erdnussball sehr gut f\u00fcr Hunde mit neurologischen St\u00f6rungen geeignet. Die Noppen sorgen f\u00fcr sensorische Reize und sorgen f\u00fcr eine sanfte Massage.<\/p>\n<p><a href=\"https:\/\/dogpride.nl\/de\/diverse-hondensporten\/peanut-ballen\/\"><img loading=\"lazy\" decoding=\"async\" class=\"alignnone\" title=\"Gymnic Peanut Ball Senso\" src=\"https:\/\/dogpride.nl\/wp-content\/uploads\/Sens-o-Roll-150x150.jpg\" alt=\"Gymnic Peanut Ball Senso\" width=\"150\" height=\"150\" \/><\/a><\/p>\n<p>De Gymnic Peanut Ball Senso wordt veel gebruikt voor training van (sport-, werk-)honden, en voor revalidatie en therapie.<\/p>\n<p>Die einzigartige Form der Erdnuss beschr\u00e4nkt die Bewegung nur auf Vorw\u00e4rts- und R\u00fcckw\u00e4rtsbewegungen.<\/p>\n<p>Bei Verwendung des Balls in L\u00e4ngsrichtung kann sich der Hund auch seitw\u00e4rts bewegen.<br \/>\nDie Erdnussform dieser Gymnastikb\u00e4lle bietet eine gr\u00f6\u00dfere Kontaktfl\u00e4che mit dem Boden als die Gymnastikb\u00e4lle und Eierb\u00e4lle und sorgt so f\u00fcr mehr Stabilit\u00e4t beim Training.<\/p>\n<p><a href=\"https:\/\/dogpride.nl\/de\/diverse-hondensporten\/peanut-ballen\/\"><img loading=\"lazy\" decoding=\"async\" class=\"alignnone\" title=\"Gymnic Peanut Ball Senso\" src=\"https:\/\/dogpride.nl\/wp-content\/uploads\/Sens-o-Roll-150x150.jpg\" alt=\"Gymnic Peanut Ball Senso\" width=\"150\" height=\"150\" \/><\/a><\/p>\n<p>Mit dem Peanut Ball Senso st\u00e4rken Sie die Muskulatur des Hundes. Indem er ein Leckerli direkt \u00fcber den Kopf h\u00e4lt, muss sich der Hund, der mit den Vorderbeinen auf dem Erdnussball steht, leicht anheben und dabei Hals und R\u00fccken strecken.<\/p>\n<p>Wir arbeiten an Gleichgewicht und Gleichgewicht. Das ist nicht nur gut f\u00fcr die St\u00e4rkung der Muskulatur des Hundes, sondern auch f\u00fcr sein (Selbst-)Selbstvertrauen. Der Hund kann auch darauf sitzen oder liegen.<br \/>\nEr wordt ook gevarieerd met de hardheid van de bal, om de moeilijkheidsgraad in balans te vari\u00ebren.<\/p>\n<ul>\n<li>Der Peanut Ball Senso ist robust und aus hochwertigem PVC gefertigt. Der Peanut Ball Senso eignet sich auch hervorragend f\u00fcr diagnostische Zwecke, das Training der aktiven Stabilit\u00e4t, des Gleichgewichts, der Flexibilit\u00e4t, der Koordination, der Rehabilitation und der Therapie.<\/li>\n<\/ul>\n<table class=\"product-specification-list\" style=\"height: 123px;\" width=\"431\">\n<tbody>\n<tr>\n<td>Marke:<\/td>\n<td class=\"\">Fitnessstudio<\/td>\n<\/tr>\n<tr>\n<td>Gr\u00f6\u00dfe:<\/td>\n<td class=\"\">50x80cm<\/td>\n<\/tr>\n<tr>\n<td>F\u00e4rben):<\/td>\n<td class=\"\">Orange<\/td>\n<\/tr>\n<tr>\n<td>Maximales (Benutzer-)Gewicht:<\/td>\n<td class=\"\">120 kg<\/td>\n<\/tr>\n<\/tbody>\n<\/table>\n<p>&nbsp;<\/p>\n<p><a href=\"https:\/\/www.sportenspelvoordieren.nl\/\" target=\"_blank\" rel=\"noopener\"><img loading=\"lazy\" decoding=\"async\" class=\"alignnone wp-image-149678 size-medium\" src=\"https:\/\/dogpride.nl\/wp-content\/uploads\/Logo-Alprovi-300x92.jpg\" alt=\"Logo Alprovi\" width=\"300\" height=\"92\" srcset=\"https:\/\/dogpride.nl\/wp-content\/uploads\/Logo-Alprovi-300x92.jpg 300w, https:\/\/dogpride.nl\/wp-content\/uploads\/Logo-Alprovi-18x6.jpg 18w, https:\/\/dogpride.nl\/wp-content\/uploads\/Logo-Alprovi-250x77.jpg 250w, https:\/\/dogpride.nl\/wp-content\/uploads\/Logo-Alprovi.jpg 332w\" sizes=\"auto, (max-width: 300px) 100vw, 300px\" \/><\/a><\/p>","protected":false},"excerpt":{"rendered":"<p>Aufgrund der Noppen ist dieser Erdnussball sehr gut f\u00fcr Hunde mit neurologischen St\u00f6rungen geeignet. Die Noppen sorgen f\u00fcr sensorische Reize und sorgen f\u00fcr eine sanfte Massage.<\/p>","protected":false},"featured_media":81003,"template":"","meta":[],"product_brand":[],"product_cat":[3507],"product_tag":[],"class_list":{"0":"post-81002","1":"product","2":"type-product","3":"status-publish","4":"has-post-thumbnail","6":"product_cat-spelmateriaal","8":"first","9":"instock","10":"taxable","11":"shipping-taxable","12":"purchasable","13":"product-type-simple"},"mb":[],"mfb_rest_fields":["title"],"_links":{"self":[{"href":"https:\/\/dogpride.nl\/de\/wp-json\/wp\/v2\/product\/81002","targetHints":{"allow":["GET"]}}],"collection":[{"href":"https:\/\/dogpride.nl\/de\/wp-json\/wp\/v2\/product"}],"about":[{"href":"https:\/\/dogpride.nl\/de\/wp-json\/wp\/v2\/types\/product"}],"wp:featuredmedia":[{"embeddable":true,"href":"https:\/\/dogpride.nl\/de\/wp-json\/wp\/v2\/media\/81003"}],"wp:attachment":[{"href":"https:\/\/dogpride.nl\/de\/wp-json\/wp\/v2\/media?parent=81002"}],"wp:term":[{"taxonomy":"product_brand","embeddable":true,"href":"https:\/\/dogpride.nl\/de\/wp-json\/wp\/v2\/product_brand?post=81002"},{"taxonomy":"product_cat","embeddable":true,"href":"https:\/\/dogpride.nl\/de\/wp-json\/wp\/v2\/product_cat?post=81002"},{"taxonomy":"product_tag","embeddable":true,"href":"https:\/\/dogpride.nl\/de\/wp-json\/wp\/v2\/product_tag?post=81002"}],"curies":[{"name":"wp","href":"https:\/\/api.w.org\/{rel}","templated":true}]}}