{"id":80995,"date":"2022-02-02T16:34:05","date_gmt":"2022-02-02T15:34:05","guid":{"rendered":"https:\/\/www.dogpride.nl\/?post_type=product&#038;p=80995"},"modified":"2026-01-15T13:15:59","modified_gmt":"2026-01-15T12:15:59","slug":"groot-balanskussen-55-cm","status":"publish","type":"product","link":"https:\/\/dogpride.nl\/de\/groot-balanskussen-55-cm\/","title":{"rendered":"Gro\u00dfes Balancekissen 55 cm"},"content":{"rendered":"<h4>Gro\u00dfes Balancekissen 55 cm<\/h4>\n<p>Gro\u00dfes Balancekissen 55 cm<\/p>\n<p>Groot balanskussen 55 cm voor evenwichts- en actieve stabiliteitsoefeningen met je dier<\/p>\n<p>Das Balancekissen hat eine glatte Seite und eine genoppte Seite. Die Sinnesspitzen sorgen f\u00fcr zus\u00e4tzliche neurologische Stimulation.<\/p>\n<p><strong>Wie nutzt man das Balancekissen beim Hund?<br \/>\n<\/strong>Kleine Hunde k\u00f6nnen darauf stehen und gro\u00dfe Hunde k\u00f6nnen lernen, auf dem Kissen zu sitzen. Durch Erh\u00f6hen oder Verringern der Luftmenge im Balancekissen schaffen Sie f\u00fcr jeden einzelnen Hund eine passende Herausforderung. Durch den gro\u00dfen Durchmesser k\u00f6nnen Sie die Stabilit\u00e4t der Vorder-, Hinterbeine und des R\u00fcckens trainieren. Geeignet f\u00fcr Hunde jeden Alters, um Gleichgewicht, Propriozeption und Kraft zu trainieren.<br \/>\nF\u00fcr mehr Stabilit\u00e4t k\u00f6nnen Sie einen\u00a0<a href=\"https:\/\/dogpride.nl\/de\/produkt\/onderstel-voor-balanskussen-en-donut\/\">Chassis<\/a>\u00a0setzt.<\/p>\n<p>Bitte beachten Sie: Benutzen Sie das Balancekissen nur als Trainingsmaterial und f\u00fchren Sie den Hund auf dem Kissen. Lassen Sie den Hund nicht mit dem Balancekissen allein und vermeiden Sie so Verletzungen und die M\u00f6glichkeit, dass der Hund das Material zerst\u00f6ren kann.<\/p>\n<ul>\n<li>Das Balancekissen erf\u00fcllt h\u00f6chste Umwelt- und Sicherheitsstandards und ist latexfrei.<strong>Aufpumpen:<\/strong>\u00a0Entfernen Sie den Stopfen vom Produkt und setzen Sie die Pumpe in das Loch ein.\u00a0<strong>Spitze:<\/strong>\u00a0L\u00f6sen Sie den Stecker mit einem Teel\u00f6ffel aus dem Balance-Pad.<\/li>\n<\/ul>\n<table class=\"product-specification-list\" style=\"height: 97px;\" width=\"264\">\n<tbody>\n<tr>\n<td>Marke:<\/td>\n<td class=\"\">Mooffz<\/td>\n<\/tr>\n<tr>\n<td>Durchmesser:<\/td>\n<td class=\"\">55 cm<\/td>\n<\/tr>\n<tr>\n<td>F\u00e4rben):<\/td>\n<td class=\"\">Orange<\/td>\n<\/tr>\n<\/tbody>\n<\/table>\n<p><a href=\"https:\/\/dogpride.nl\/de\/diverse-hondensporten\/balans-coordinatie\/\"><img loading=\"lazy\" decoding=\"async\" class=\"alignnone\" title=\"Gro\u00dfes Balancekissen 55 cm\" src=\"https:\/\/dogpride.nl\/wp-content\/uploads\/Groot-balanskussen-art.-95.14-3-150x150.jpg\" alt=\"Groot balanskussen 55 cm\" width=\"150\" height=\"150\" \/><\/a><\/p>\n<p><span style=\"color: #ffffff;\"><a style=\"color: #ffffff;\" href=\"https:\/\/www.amazon.nl\/\" target=\"_blank\" rel=\"noopener\">https:\/\/www.amazon.nl\/<\/a><\/span><\/p>","protected":false},"excerpt":{"rendered":"<p>Kleine Hunde k\u00f6nnen darauf stehen und gro\u00dfe Hunde k\u00f6nnen lernen, auf dem Kissen zu sitzen. Durch Erh\u00f6hen oder Verringern der Luftmenge im Balancekissen schaffen Sie f\u00fcr jeden einzelnen Hund eine passende Herausforderung.<\/p>","protected":false},"featured_media":80996,"template":"","meta":[],"product_brand":[],"product_cat":[3506],"product_tag":[22200,22198,22199,3286],"class_list":{"0":"post-80995","1":"product","2":"type-product","3":"status-publish","4":"has-post-thumbnail","6":"product_cat-balans-coordinatie","7":"product_tag-55cm","8":"product_tag-balanskussen","9":"product_tag-mooffz","10":"product_tag-oranje","12":"first","13":"instock","14":"taxable","15":"shipping-taxable","16":"purchasable","17":"product-type-simple"},"mb":[],"mfb_rest_fields":["title"],"_links":{"self":[{"href":"https:\/\/dogpride.nl\/de\/wp-json\/wp\/v2\/product\/80995","targetHints":{"allow":["GET"]}}],"collection":[{"href":"https:\/\/dogpride.nl\/de\/wp-json\/wp\/v2\/product"}],"about":[{"href":"https:\/\/dogpride.nl\/de\/wp-json\/wp\/v2\/types\/product"}],"wp:featuredmedia":[{"embeddable":true,"href":"https:\/\/dogpride.nl\/de\/wp-json\/wp\/v2\/media\/80996"}],"wp:attachment":[{"href":"https:\/\/dogpride.nl\/de\/wp-json\/wp\/v2\/media?parent=80995"}],"wp:term":[{"taxonomy":"product_brand","embeddable":true,"href":"https:\/\/dogpride.nl\/de\/wp-json\/wp\/v2\/product_brand?post=80995"},{"taxonomy":"product_cat","embeddable":true,"href":"https:\/\/dogpride.nl\/de\/wp-json\/wp\/v2\/product_cat?post=80995"},{"taxonomy":"product_tag","embeddable":true,"href":"https:\/\/dogpride.nl\/de\/wp-json\/wp\/v2\/product_tag?post=80995"}],"curies":[{"name":"wp","href":"https:\/\/api.w.org\/{rel}","templated":true}]}}