{"id":80993,"date":"2022-02-02T16:25:41","date_gmt":"2022-02-02T15:25:41","guid":{"rendered":"https:\/\/www.dogpride.nl\/?post_type=product&#038;p=80993"},"modified":"2026-01-15T13:18:57","modified_gmt":"2026-01-15T12:18:57","slug":"groot-balanskussen-55-cm-inclusief-onderstel","status":"publish","type":"product","link":"https:\/\/dogpride.nl\/de\/groot-balanskussen-55-cm-inclusief-onderstel\/","title":{"rendered":"Groot balanskussen 55 cm inclusief onderstel"},"content":{"rendered":"<h4 class=\"title\">Groot balanskussen 55 cm inclusief onderstel<\/h4>\n<p class=\"title\">Groot balanskussen 55 cm inclusief onderstel<\/p>\n<p>Das gro\u00dfe Gleichgewichtskissen 55 cm mit Untergestell ist ideal f\u00fcr Hunde jeden Alters, um an Gleichgewicht, Propriozeption und Kraft zu arbeiten<\/p>\n<p>Durch die Platzierung des gro\u00dfen Balancekissens in der Schale schaffen Sie zus\u00e4tzliche Stabilit\u00e4t.<\/p>\n<p>Het Groot balanskussen 55 cm inclusief onderstel heeft een gladde zijde en een noppen zijde. De sensorische knobbels zorgen voor extra neurologische stimulatie.<\/p>\n<p>Kleine Hunde k\u00f6nnen darauf stehen und gro\u00dfe Hunde k\u00f6nnen lernen, auf dem Kissen zu sitzen.<\/p>\n<p>Durch Erh\u00f6hen oder Verringern der Luftmenge im Balancekissen kann f\u00fcr jeden einzelnen Hund eine passende Herausforderung geschaffen werden. Durch den gro\u00dfen Durchmesser k\u00f6nnen Sie sowohl die Stabilit\u00e4t der Vorder- als auch der Hinterbeine trainieren.<\/p>\n<p>\u00c4ltere Hunde mit Gleichgewichtsst\u00f6rungen werden von dem Fahrgestell stark profitieren. Hunde mit neurologischen oder orthop\u00e4dischen Problemen k\u00f6nnen mit dem Balancekissen in Kombination mit der Unterlage sicher arbeiten.<\/p>\n<ul>\n<li>Bitte beachten Sie: Benutzen Sie das Balancekissen nur als Trainingsmaterial und f\u00fchren Sie den Hund auf dem Kissen. Lassen Sie den Hund nicht mit dem Balancekissen allein und vermeiden Sie so Verletzungen und die M\u00f6glichkeit, dass der Hund das Material zerst\u00f6ren kann.<\/li>\n<\/ul>\n<table class=\"product-specification-list\" style=\"height: 113px;\" width=\"413\">\n<tbody>\n<tr>\n<td>Marke:<\/td>\n<td class=\"\">Mooffz<\/td>\n<\/tr>\n<tr>\n<td>Durchmesser:<\/td>\n<td class=\"\">Balancekissen: 55 cm<\/td>\n<\/tr>\n<tr>\n<td>F\u00e4rben):<\/td>\n<td class=\"\">Orange<\/td>\n<\/tr>\n<tr>\n<td>Inklusive:<\/td>\n<td class=\"\">Sockel: Durchmesser 60 cm<\/td>\n<\/tr>\n<\/tbody>\n<\/table>\n<p>&nbsp;<\/p>\n<p><a href=\"https:\/\/dogpride.nl\/de\/diverse-hondensporten\/balans-coordinatie\/\"><img loading=\"lazy\" decoding=\"async\" class=\"alignnone\" title=\"Groot balanskussen 55 cm inclusief onderstel\" src=\"https:\/\/dogpride.nl\/wp-content\/uploads\/Groot-balanskussen-met-onderstel-95.11-99.36-4-150x150.jpg\" alt=\"Groot balanskussen 55 cm inclusief onderstel\" width=\"150\" height=\"150\" \/><\/a><\/p>\n<p><span style=\"color: #ffffff;\"><a style=\"color: #ffffff;\" href=\"https:\/\/www.amazon.nl\/\" target=\"_blank\" rel=\"noopener\">https:\/\/www.amazon.nl\/<\/a><\/span><\/p>","protected":false},"excerpt":{"rendered":"<p>Das gro\u00dfe Gleichgewichtskissen 55 cm mit Untergestell ist ideal f\u00fcr Hunde jeden Alters, um an Gleichgewicht, Propriozeption und Kraft zu arbeiten.<\/p>","protected":false},"featured_media":80992,"template":"","meta":[],"product_brand":[],"product_cat":[3506],"product_tag":[22200,22201,22199],"class_list":{"0":"post-80993","1":"product","2":"type-product","3":"status-publish","4":"has-post-thumbnail","6":"product_cat-balans-coordinatie","7":"product_tag-55cm","8":"product_tag-balanslussen","9":"product_tag-mooffz","11":"first","12":"instock","13":"taxable","14":"shipping-taxable","15":"purchasable","16":"product-type-simple"},"mb":[],"mfb_rest_fields":["title"],"_links":{"self":[{"href":"https:\/\/dogpride.nl\/de\/wp-json\/wp\/v2\/product\/80993","targetHints":{"allow":["GET"]}}],"collection":[{"href":"https:\/\/dogpride.nl\/de\/wp-json\/wp\/v2\/product"}],"about":[{"href":"https:\/\/dogpride.nl\/de\/wp-json\/wp\/v2\/types\/product"}],"wp:featuredmedia":[{"embeddable":true,"href":"https:\/\/dogpride.nl\/de\/wp-json\/wp\/v2\/media\/80992"}],"wp:attachment":[{"href":"https:\/\/dogpride.nl\/de\/wp-json\/wp\/v2\/media?parent=80993"}],"wp:term":[{"taxonomy":"product_brand","embeddable":true,"href":"https:\/\/dogpride.nl\/de\/wp-json\/wp\/v2\/product_brand?post=80993"},{"taxonomy":"product_cat","embeddable":true,"href":"https:\/\/dogpride.nl\/de\/wp-json\/wp\/v2\/product_cat?post=80993"},{"taxonomy":"product_tag","embeddable":true,"href":"https:\/\/dogpride.nl\/de\/wp-json\/wp\/v2\/product_tag?post=80993"}],"curies":[{"name":"wp","href":"https:\/\/api.w.org\/{rel}","templated":true}]}}