{"id":80910,"date":"2022-02-01T15:25:42","date_gmt":"2022-02-01T14:25:42","guid":{"rendered":"https:\/\/www.dogpride.nl\/?post_type=product&#038;p=80910"},"modified":"2026-03-17T10:33:39","modified_gmt":"2026-03-17T09:33:39","slug":"mooffz-antislip-mat-l200xb100cm","status":"publish","type":"product","link":"https:\/\/dogpride.nl\/de\/mooffz-antislip-mat-l200xb100cm\/","title":{"rendered":"Mooffz Antirutschmatte L200xB100cm"},"content":{"rendered":"<h4>Mooffz Antirutschmatte L200xB100cm<\/h4>\n<p>Mooffz Antirutschmatte L200xB100cm<\/p>\n<p>Nicht nur Menschen, sondern auch Tiere k\u00f6nnen ausrutschen. Besonders bei rutschigem Untergrund ist die Rutschgefahr hoch. Mit dieser Anti-Rutsch-Matte k\u00f6nnen Sie sicher Sport treiben und spielen und Ausrutschen geh\u00f6rt der Vergangenheit an!<\/p>\n<p><a href=\"https:\/\/dogpride.nl\/de\/diverse-hondensporten\/balans-coordinatie\/?product-page=1\"><img loading=\"lazy\" decoding=\"async\" class=\"alignnone\" title=\"Mooffz Antirutschmatte L200xB100cm\" src=\"https:\/\/dogpride.nl\/wp-content\/uploads\/Mooffz-Anti-slipmat-1-150x150.jpg\" alt=\"Mooffz Antislip Mat L200xB100cm\" width=\"150\" height=\"150\" \/><\/a><\/p>\n<ul>\n<li>Multifunktional<\/li>\n<li>Verhindert ein Verrutschen<\/li>\n<li>Bietet zus\u00e4tzlichen Halt<\/li>\n<li>Sorgt f\u00fcr eine feine Oberfl\u00e4che<\/li>\n<li>Vielseitig einsetzbar<\/li>\n<li>Leicht zuschneidbar<\/li>\n<\/ul>\n<p><a href=\"https:\/\/nl.wikipedia.org\/wiki\/Hoofdpagina\" target=\"_blank\" rel=\"noopener\"><img loading=\"lazy\" decoding=\"async\" class=\"alignnone\" title=\"Mooffz Antirutschmatte L200xB100cm\" src=\"https:\/\/dogpride.nl\/wp-content\/uploads\/Mooffz-Anti-slipmat-1-150x150.jpg\" alt=\"Mooffz Antislip Mat L200xB100cm\" width=\"150\" height=\"150\" \/><\/a><\/p>\n<p><strong>Hinweis: Verwenden Sie die Materialien immer unter Aufsicht.<\/strong><\/p>\n<p>N\u00fctzlich! Durch die Verwendung dieser Anti-Rutsch-Matte als Unterlage bei Gleichgewichts\u00fcbungen k\u00f6nnen Tiere sicher auf- und absteigen.<\/p>\n<table class=\"product-specification-list\" style=\"height: 34px;\" width=\"392\">\n<tbody>\n<tr>\n<td>Gr\u00f6\u00dfe:<\/td>\n<td class=\"\">L200xB100 cm<\/td>\n<\/tr>\n<\/tbody>\n<\/table>","protected":false},"excerpt":{"rendered":"<p>Nicht nur Menschen, sondern auch Tiere k\u00f6nnen ausrutschen. Besonders bei rutschigem Untergrund ist die Rutschgefahr hoch. Mit dieser Anti-Rutsch-Matte k\u00f6nnen Sie sicher Sport treiben und spielen und Ausrutschen geh\u00f6rt der Vergangenheit an!<\/p>","protected":false},"featured_media":80911,"template":"","meta":[],"product_brand":[],"product_cat":[3506],"product_tag":[5216,22199],"class_list":{"0":"post-80910","1":"product","2":"type-product","3":"status-publish","4":"has-post-thumbnail","6":"product_cat-balans-coordinatie","7":"product_tag-antislip","8":"product_tag-mooffz","10":"first","11":"instock","12":"taxable","13":"shipping-taxable","14":"purchasable","15":"product-type-simple"},"mb":[],"mfb_rest_fields":["title"],"_links":{"self":[{"href":"https:\/\/dogpride.nl\/de\/wp-json\/wp\/v2\/product\/80910","targetHints":{"allow":["GET"]}}],"collection":[{"href":"https:\/\/dogpride.nl\/de\/wp-json\/wp\/v2\/product"}],"about":[{"href":"https:\/\/dogpride.nl\/de\/wp-json\/wp\/v2\/types\/product"}],"wp:featuredmedia":[{"embeddable":true,"href":"https:\/\/dogpride.nl\/de\/wp-json\/wp\/v2\/media\/80911"}],"wp:attachment":[{"href":"https:\/\/dogpride.nl\/de\/wp-json\/wp\/v2\/media?parent=80910"}],"wp:term":[{"taxonomy":"product_brand","embeddable":true,"href":"https:\/\/dogpride.nl\/de\/wp-json\/wp\/v2\/product_brand?post=80910"},{"taxonomy":"product_cat","embeddable":true,"href":"https:\/\/dogpride.nl\/de\/wp-json\/wp\/v2\/product_cat?post=80910"},{"taxonomy":"product_tag","embeddable":true,"href":"https:\/\/dogpride.nl\/de\/wp-json\/wp\/v2\/product_tag?post=80910"}],"curies":[{"name":"wp","href":"https:\/\/api.w.org\/{rel}","templated":true}]}}