{"id":80870,"date":"2022-02-01T14:00:33","date_gmt":"2022-02-01T13:00:33","guid":{"rendered":"https:\/\/www.dogpride.nl\/?post_type=product&#038;p=80870"},"modified":"2025-11-15T09:44:37","modified_gmt":"2025-11-15T08:44:37","slug":"mooffz-markeringshoedjes-groot-o15cm","status":"publish","type":"product","link":"https:\/\/dogpride.nl\/de\/mooffz-markeringshoedjes-groot-o15cm\/","title":{"rendered":"Mooffz Markierungskappen gro\u00df \u00d815cm"},"content":{"rendered":"<h4>Mooffz Markierungskappen gro\u00df \u00d815cm<\/h4>\n<p>Mooffz Markierungskappen gro\u00df \u00d815cm<\/p>\n<p><strong>Set mit 10 gro\u00dfen Markierungsscheiben, zur Verwendung als Markierungspunkt oder als Mini-H\u00fcrdenset<\/strong><\/p>\n<p>In den Markierungskappen befinden sich Kerben auf unterschiedlichen H\u00f6hen, auf denen Sie einen Stock platzieren k\u00f6nnen. Dadurch ist das Arbeiten in verschiedenen H\u00f6hen problemlos m\u00f6glich: bei 5, 10 und 15 cm. Die Markierungskappen sind vielseitig einsetzbar, unter anderem zur Streckenmarkierung, beim Slalom, beim Cavaletti-Training und bei Sprung\u00fcbungen.<\/p>\n<h5><strong>Springen:<\/strong><\/h5>\n<p>Wenn Sie den Hund \u00fcber einen Stock springen lassen m\u00f6chten, bauen Sie dies immer langsam auf. F\u00fcgen Sie das \u201eHoch\u201c-Signal erst hinzu, wenn der Hund den Sprung gemeistert hat, und geben Sie das Signal erst dann, wenn der Hund springt. Zwingen Sie Ihren Hund niemals. Wenn der Hund nicht m\u00f6chte, versuchen Sie, mit Ihrem Hund \u00fcber das Hindernis zu springen.<\/p>\n<ul>\n<li>Geben Sie dem Hund Raum f\u00fcr einen guten Start und eine gute Landung und bringen Sie ihm bei, sauber in der Mitte \u00fcber das Hindernis zu springen.<\/li>\n<\/ul>\n<table class=\"product-specification-list\" style=\"height: 135px;\" width=\"779\">\n<tbody>\n<tr>\n<td>Durchmesser:<\/td>\n<td class=\"\">15 cm<\/td>\n<\/tr>\n<tr>\n<td>H\u00f6he:<\/td>\n<td class=\"\">30 cm. Einstellbar auf 3 verschiedene H\u00f6hen: 5, 10 und 15 cm<\/td>\n<\/tr>\n<tr>\n<td>F\u00e4rben)<\/td>\n<td class=\"\">5x Gelb, 5x Blau<\/td>\n<\/tr>\n<tr>\n<td>Inklusive:<\/td>\n<td class=\"\">Halter f\u00fcr 10 Scheiben<\/td>\n<\/tr>\n<tr>\n<td>Satz:<\/td>\n<td class=\"\">ab 10<\/td>\n<\/tr>\n<\/tbody>\n<\/table>\n<p><a href=\"https:\/\/dogpride.nl\/de\/diverse-hondensporten\/agility-obedience\/?product-page=2\"><img loading=\"lazy\" decoding=\"async\" class=\"alignnone\" title=\"Mooffz Markierungskappen gro\u00df \u00d815cm\" src=\"https:\/\/dogpride.nl\/wp-content\/uploads\/Mooffz-Markeringhoedjes-groot-art.-1615-5-150x150.jpg\" alt=\"Mooffz Markeringshoedjes Groot \u00d815cm\" width=\"150\" height=\"150\" \/><\/a><\/p>\n<p><a href=\"https:\/\/www.bol.com\/nl\/nl\/b\/mooffz\/16537942\/\" target=\"_blank\" rel=\"noopener\"><img loading=\"lazy\" decoding=\"async\" class=\"alignnone wp-image-142832 size-thumbnail\" src=\"https:\/\/dogpride.nl\/wp-content\/uploads\/Logo-5-150x150.jpg\" alt=\"Logo\" width=\"150\" height=\"150\" srcset=\"https:\/\/dogpride.nl\/wp-content\/uploads\/Logo-5-150x150.jpg 150w, https:\/\/dogpride.nl\/wp-content\/uploads\/Logo-5-12x12.jpg 12w, https:\/\/dogpride.nl\/wp-content\/uploads\/Logo-5-100x100.jpg 100w, https:\/\/dogpride.nl\/wp-content\/uploads\/Logo-5.jpg 225w\" sizes=\"auto, (max-width: 150px) 100vw, 150px\" \/><\/a><\/p>","protected":false},"excerpt":{"rendered":"<p>Mooffz Markeringshoedjes Groot \u00d815cm. Set van 10 grote markeringsschijven, te gebruiken als markeringspunt of als mini horde set. In de markeringshoedjes zitten op verschillende hoogtes inkepingen waar je een stok op kan leggen.<\/p>","protected":false},"featured_media":80872,"template":"","meta":[],"product_brand":[],"product_cat":[2956],"product_tag":[],"class_list":{"0":"post-80870","1":"product","2":"type-product","3":"status-publish","4":"has-post-thumbnail","6":"product_cat-agility-behendigheid","8":"first","9":"instock","10":"taxable","11":"shipping-taxable","12":"purchasable","13":"product-type-simple"},"mb":[],"mfb_rest_fields":["title"],"_links":{"self":[{"href":"https:\/\/dogpride.nl\/de\/wp-json\/wp\/v2\/product\/80870","targetHints":{"allow":["GET"]}}],"collection":[{"href":"https:\/\/dogpride.nl\/de\/wp-json\/wp\/v2\/product"}],"about":[{"href":"https:\/\/dogpride.nl\/de\/wp-json\/wp\/v2\/types\/product"}],"wp:featuredmedia":[{"embeddable":true,"href":"https:\/\/dogpride.nl\/de\/wp-json\/wp\/v2\/media\/80872"}],"wp:attachment":[{"href":"https:\/\/dogpride.nl\/de\/wp-json\/wp\/v2\/media?parent=80870"}],"wp:term":[{"taxonomy":"product_brand","embeddable":true,"href":"https:\/\/dogpride.nl\/de\/wp-json\/wp\/v2\/product_brand?post=80870"},{"taxonomy":"product_cat","embeddable":true,"href":"https:\/\/dogpride.nl\/de\/wp-json\/wp\/v2\/product_cat?post=80870"},{"taxonomy":"product_tag","embeddable":true,"href":"https:\/\/dogpride.nl\/de\/wp-json\/wp\/v2\/product_tag?post=80870"}],"curies":[{"name":"wp","href":"https:\/\/api.w.org\/{rel}","templated":true}]}}