{"id":80862,"date":"2022-02-01T13:43:54","date_gmt":"2022-02-01T12:43:54","guid":{"rendered":"https:\/\/www.dogpride.nl\/?post_type=product&#038;p=80862"},"modified":"2025-11-15T09:48:58","modified_gmt":"2025-11-15T08:48:58","slug":"pion-30-cm-met-gaten","status":"publish","type":"product","link":"https:\/\/dogpride.nl\/de\/pion-30-cm-met-gaten\/","title":{"rendered":"Bauer 30 cm mit L\u00f6chern"},"content":{"rendered":"<h4>Bauer 30 cm mit L\u00f6chern<\/h4>\n<p>Bauer 30 cm mit L\u00f6chern<\/p>\n<p><strong>Multifunktionale Spielfigur f\u00fcr Agility oder Agility-Training<\/strong><\/p>\n<p>De Pion 30 cm met gaten zijn gemaakt van kunststof. Er kan eventueel een stok zowel horizontaal als verticaal in de pion worden geplaatst. De pionnen kunnen ook gecombineerd worden met hoepels (die kunnen bovenop de pion geschoven worden).<\/p>\n<p><strong>Cavaletti-Training<\/strong><\/p>\n<p>Das Cavaletti-Training ist ein gro\u00dfartiges Training f\u00fcr Hunde, um das Gleichgewicht zu finden und zu halten, ihre Schrittl\u00e4nge anzupassen und Muskeln anzuspannen und zu entspannen.<\/p>\n<h5 class=\"fusion-responsive-typography-calculated\" data-fontsize=\"22\" data-lineheight=\"22px\"><strong>Lernen<\/strong><\/h5>\n<p>Stellen Sie eine Reihe Cavaletti (4-6) auf und lassen Sie den Hund in einer sanften Bewegung dar\u00fcber laufen.<\/p>\n<p>Achtung: Nicht rennen oder springen! Dabei handelt es sich nicht um eine Renn\u00fcbung, sondern um Koordination und Harmonie. F\u00fchren Sie den Hund zu Beginn im Gleichschritt \u00fcber die Cavaletti. Wenn der Hund zu schnell geht, legen Sie zwischen den Hindernissen ein Leckerli auf den Boden, damit der Hund langsamer wird.<\/p>\n<p>Sobald der Hund das Gehen \u00fcber die Cavaletti beherrscht, k\u00f6nnen die H\u00fcrden im Trab ge\u00fcbt werden. Hinweis: Wenn der Hund an der Leine arbeitet, sollte diese w\u00e4hrend der \u00dcbung locker sein. Die Leine sollte den Hund nicht behindern.<\/p>\n<h5 class=\"fusion-responsive-typography-calculated\" data-fontsize=\"22\" data-lineheight=\"22px\"><strong>Distanz<\/strong><\/h5>\n<p>Achten Sie immer darauf, dass zwischen den Cavaletti gen\u00fcgend Platz bleibt. Passen Sie den Abstand f\u00fcr jeden Hund individuell an. Die R\u00fcckenlinie des Hundes sollte gerade und entspannt bleiben, wenn er \u00fcber die Cavaletti l\u00e4uft. Muss der Hund beim \u00dcbersteigen den R\u00fccken kr\u00fcmmen, liegen die Hindernisse zu nah beieinander.<\/p>\n<p>Als Anfangsabstand zwischen den Cavaletti verwenden Sie den Abstand zwischen den Vorder- und Hinterbeinen des Hundes, gemessen im stehenden Zustand, oder berechnen Sie den Abstand als doppelte Ellenbogenh\u00f6he des Tieres, also die H\u00f6he des Hundes vom Boden bis zum Ellenbogen.<\/p>\n<p><strong>H\u00f6he<\/strong><br \/>\nDie H\u00f6he der Cavaletti sollte die Absatzh\u00f6he des Hundes nicht \u00fcberschreiten. Halten Sie also die H\u00fcrden niedrig.<\/p>\n<h5 class=\"fusion-responsive-typography-calculated\" data-fontsize=\"22\" data-lineheight=\"22px\"><strong>ACHTUNG!<\/strong><\/h5>\n<p>\u00dcber einen Cavaletti zu steigen, versuchen Sie es selbst mehrmals hintereinander, kostet einem Hund viel Kraft. Machen Sie diese \u00dcbung daher nicht zu oft hintereinander und steigern Sie den Schwierigkeitsgrad langsam, indem Sie die Cavaletti beispielsweise etwas weiter auseinander platzieren, sodass der Hund seine Schrittl\u00e4nge verl\u00e4ngern muss. Untersch\u00e4tzen Sie nicht, wie m\u00fcde Sie von \u201eeinfachen\u201c Schritten werden k\u00f6nnen!<\/p>\n<p><strong>Leverbare kleuren Pion 30 cm met gaten:<\/strong><\/p>\n<ul>\n<li>Blau<\/li>\n<li>Rot<\/li>\n<li>Gr\u00fcn<\/li>\n<li>Gelb<\/li>\n<\/ul>\n<p><a href=\"https:\/\/dogpride.nl\/de\/diverse-hondensporten\/agility-obedience\/?product-page=2\"><img loading=\"lazy\" decoding=\"async\" class=\"alignnone\" title=\"Bauer 30 cm mit L\u00f6chern\" src=\"https:\/\/dogpride.nl\/wp-content\/uploads\/Pion-met-gaten-art.-1581-1594-1-150x150.jpg\" alt=\"Pion 30 cm met gaten\" width=\"150\" height=\"150\" \/><\/a><\/p>\n<p><span style=\"color: #ffffff;\"><a style=\"color: #ffffff;\" href=\"https:\/\/www.bol.com\/nl\/nl\/b\/mooffz\/16537942\/\" target=\"_blank\" rel=\"noopener\">https:\/\/www.bol.com\/nl\/nl\/b\/mooffz\/16537942\/<\/a><\/span><\/p>\n<p><strong>Wird pro 10 St\u00fcck geliefert. Wenn Sie ein Set mit gemischten Farben w\u00fcnschen, k\u00f6nnen Sie dies bei der Bestellung im Textfeld angeben.<\/strong><\/p>\n<table class=\"product-specification-list\" style=\"height: 67px;\" width=\"1063\">\n<tbody>\n<tr>\n<td>Gr\u00f6\u00dfe:<\/td>\n<td class=\"\">H\u00f6he 30 cm; Basis 23 cm; 2 L\u00f6cher auf 4 Seiten; H\u00f6henl\u00f6cher bei 12 und 22 cm<\/td>\n<\/tr>\n<tr>\n<td>Preis:<\/td>\n<td class=\"\">pro Einheit<\/td>\n<\/tr>\n<\/tbody>\n<\/table>","protected":false},"excerpt":{"rendered":"<p>Pion 30 cm met gaten De pionnen zijn gemaakt van kunststof. Er kan eventueel een stok zowel horizontaal als verticaal in de pion worden geplaatst. De pionnen kunnen ook gecombineerd worden met hoepels (die kunnen bovenop de pion geschoven worden).<\/p>","protected":false},"featured_media":80853,"template":"","meta":[],"product_brand":[],"product_cat":[2956],"product_tag":[],"class_list":{"0":"post-80862","1":"product","2":"type-product","3":"status-publish","4":"has-post-thumbnail","6":"product_cat-agility-behendigheid","8":"first","9":"instock","10":"taxable","11":"shipping-taxable","12":"purchasable","13":"product-type-variable"},"mb":[],"mfb_rest_fields":["title"],"_links":{"self":[{"href":"https:\/\/dogpride.nl\/de\/wp-json\/wp\/v2\/product\/80862","targetHints":{"allow":["GET"]}}],"collection":[{"href":"https:\/\/dogpride.nl\/de\/wp-json\/wp\/v2\/product"}],"about":[{"href":"https:\/\/dogpride.nl\/de\/wp-json\/wp\/v2\/types\/product"}],"wp:featuredmedia":[{"embeddable":true,"href":"https:\/\/dogpride.nl\/de\/wp-json\/wp\/v2\/media\/80853"}],"wp:attachment":[{"href":"https:\/\/dogpride.nl\/de\/wp-json\/wp\/v2\/media?parent=80862"}],"wp:term":[{"taxonomy":"product_brand","embeddable":true,"href":"https:\/\/dogpride.nl\/de\/wp-json\/wp\/v2\/product_brand?post=80862"},{"taxonomy":"product_cat","embeddable":true,"href":"https:\/\/dogpride.nl\/de\/wp-json\/wp\/v2\/product_cat?post=80862"},{"taxonomy":"product_tag","embeddable":true,"href":"https:\/\/dogpride.nl\/de\/wp-json\/wp\/v2\/product_tag?post=80862"}],"curies":[{"name":"wp","href":"https:\/\/api.w.org\/{rel}","templated":true}]}}