{"id":80819,"date":"2022-02-01T11:35:28","date_gmt":"2022-02-01T10:35:28","guid":{"rendered":"https:\/\/www.dogpride.nl\/?post_type=product&#038;p=80819"},"modified":"2025-11-15T10:45:23","modified_gmt":"2025-11-15T09:45:23","slug":"flexibele-hoepel-60-cm","status":"publish","type":"product","link":"https:\/\/dogpride.nl\/de\/flexibele-hoepel-60-cm\/","title":{"rendered":"Flexibler Reifen 60 cm"},"content":{"rendered":"<h4>Flexibler Reifen 60 cm<\/h4>\n<p>Flexibler Reifen 60 cm<\/p>\n<p><strong>Mit Reifen k\u00f6nnen Sie sich zahlreiche \u00dcbungen f\u00fcr das Hundetraining ausdenken<\/strong><\/p>\n<p>Leer bijvoorbeeld de hond door eenFlexibele Hoepel 60 cm\u00a0 heen te lopen door hem te lokken met iets lekkers. Stapt de hond moeiteloos door de hoepel? Dan is het ook leuk om de hoepel in een multifunctionele voet te zetten. Zet meerdere combinaties achter- of naast elkaar en laat de hond daar in een rechte lijn of als slalom doorheen lopen.<\/p>\n<p>Eine weitere lustige \u00dcbung besteht darin, den Hund unter einen Reifen kriechen zu lassen, der auf dem Boden steht. Halten Sie den Reifen zun\u00e4chst leicht \u00fcber dem Boden, damit Ihr Hund seine Nase, seinen Kopf und dann seinen K\u00f6rper darunter platzieren kann. Mit etwas Leckerem vor der Nase klappt das bestimmt!<\/p>\n<p><a href=\"https:\/\/dogpride.nl\/de\/diverse-hondensporten\/agility-obedience\/?product-page=2\"><img loading=\"lazy\" decoding=\"async\" class=\"alignnone\" title=\"Flexibler Reifen 60 cm\" src=\"https:\/\/dogpride.nl\/wp-content\/uploads\/Hoepels-1551-1554-1-1-150x150.jpg\" alt=\"Flexibele Hoepel 60 cm\" width=\"150\" height=\"150\" \/><\/a><\/p>\n<p>Eine weitere lustige \u00dcbung besteht darin, den Hund r\u00fcckw\u00e4rts durch den Reifen treten zu lassen. Eine noch anspruchsvollere \u00dcbung ist: Kann der Hund durch einen Rollreifen laufen?<\/p>\n<p>Die flexiblen Reifen sind in 4 verschiedenen Gr\u00f6\u00dfen und Farben erh\u00e4ltlich.<\/p>\n<p><strong>Verf\u00fcgbare Farben:<\/strong><\/p>\n<ul>\n<li>Blau<\/li>\n<li>Rot<\/li>\n<li>Gr\u00fcn<\/li>\n<li>Gelb<\/li>\n<\/ul>\n<p><strong>Wordt geleverd per stuk. Wanneer je een set van gemixte kleuren wil, kan je dit aangeven in het tekstveld tijdens het bestellen.<\/strong><\/p>\n<p><a href=\"https:\/\/www.bol.com\/nl\/nl\/b\/mooffz\/16537942\/\" target=\"_blank\" rel=\"noopener\"><img loading=\"lazy\" decoding=\"async\" class=\"alignnone\" title=\"Flexibler Reifen 60 cm\" src=\"https:\/\/dogpride.nl\/wp-content\/uploads\/Hoepels-1551-1554-1-1-150x150.jpg\" alt=\"Flexibele Hoepel 60 cm\" width=\"150\" height=\"150\" \/><\/a><\/p>","protected":false},"excerpt":{"rendered":"<p>Met de Flexibele Hoepel 60 cm zijn tal van oefeningen voor hondentraining te verzinnen. Leer bijvoorbeeld de hond door een hoepel heen te lopen door hem te lokken met iets lekkers. Stapt de hond moeiteloos door de hoepel? Dan is het ook leuk om de hoepel in een multifunctionele voet te zetten.<\/p>","protected":false},"featured_media":80820,"template":"","meta":[],"product_brand":[],"product_cat":[2956],"product_tag":[],"class_list":{"0":"post-80819","1":"product","2":"type-product","3":"status-publish","4":"has-post-thumbnail","6":"product_cat-agility-behendigheid","8":"first","9":"instock","10":"taxable","11":"shipping-taxable","12":"purchasable","13":"product-type-variable"},"mb":[],"mfb_rest_fields":["title"],"_links":{"self":[{"href":"https:\/\/dogpride.nl\/de\/wp-json\/wp\/v2\/product\/80819","targetHints":{"allow":["GET"]}}],"collection":[{"href":"https:\/\/dogpride.nl\/de\/wp-json\/wp\/v2\/product"}],"about":[{"href":"https:\/\/dogpride.nl\/de\/wp-json\/wp\/v2\/types\/product"}],"wp:featuredmedia":[{"embeddable":true,"href":"https:\/\/dogpride.nl\/de\/wp-json\/wp\/v2\/media\/80820"}],"wp:attachment":[{"href":"https:\/\/dogpride.nl\/de\/wp-json\/wp\/v2\/media?parent=80819"}],"wp:term":[{"taxonomy":"product_brand","embeddable":true,"href":"https:\/\/dogpride.nl\/de\/wp-json\/wp\/v2\/product_brand?post=80819"},{"taxonomy":"product_cat","embeddable":true,"href":"https:\/\/dogpride.nl\/de\/wp-json\/wp\/v2\/product_cat?post=80819"},{"taxonomy":"product_tag","embeddable":true,"href":"https:\/\/dogpride.nl\/de\/wp-json\/wp\/v2\/product_tag?post=80819"}],"curies":[{"name":"wp","href":"https:\/\/api.w.org\/{rel}","templated":true}]}}