{"id":80804,"date":"2022-02-01T11:16:27","date_gmt":"2022-02-01T10:16:27","guid":{"rendered":"https:\/\/www.dogpride.nl\/?post_type=product&#038;p=80804"},"modified":"2025-11-15T10:48:21","modified_gmt":"2025-11-15T09:48:21","slug":"multifunctionele-voet-voor-hoepel","status":"publish","type":"product","link":"https:\/\/dogpride.nl\/de\/multifunctionele-voet-voor-hoepel\/","title":{"rendered":"Multifunktionsfu\u00df f\u00fcr Reifen"},"content":{"rendered":"<h4>Multifunktionsfu\u00df f\u00fcr Reifen<\/h4>\n<p>Mit den multifunktionalen F\u00fc\u00dfen und Reifen lassen sich zahlreiche \u00dcbungen f\u00fcr das Hooper- und Hundetraining gestalten<\/p>\n<p>Leer bijvoorbeeld in het begin de hond door een hoepel heen te lopen door de hond te lokken met iets lekkers.<\/p>\n<p>Stapt de hond moeiteloos door de hoepel? Dan is het ook leuk om een hoepel in een Multifunctionele voet voor hoepel<\/p>\n<p>te zetten.<\/p>\n<p>Stellen Sie mehrere Kombinationen hinter- oder nebeneinander und lassen Sie den Hund diese in einer geraden Linie oder im Slalom durchlaufen.<\/p>\n<p>In die Multifunktionsf\u00fc\u00dfe k\u00f6nnen auch St\u00f6cke gesteckt werden.<\/p>\n<p><a href=\"https:\/\/dogpride.nl\/de\/diverse-hondensporten\/agility-obedience\/?product-page=2\"><img loading=\"lazy\" decoding=\"async\" class=\"alignnone\" title=\"Multifunktionsfu\u00df f\u00fcr Reifen\" src=\"https:\/\/dogpride.nl\/wp-content\/uploads\/Multifunctionele-voet-art.-1601-3-150x150.jpg\" alt=\"Multifunctionele voet voor hoepel\" width=\"150\" height=\"150\" \/><\/a><\/p>\n<p>Stellen Sie mehrere F\u00fc\u00dfe mit St\u00f6cken auf und schicken Sie den Hund um einen weiteren Stock herum. Anschlie\u00dfend rufen Sie den Hund zu sich zur\u00fcck.<\/p>\n<ul>\n<li>Diese Kombination wird auch h\u00e4ufig f\u00fcr das Hooper-Training verwendet. Ein g\u00fcnstiges und einfach zu verstauendes Set.<\/li>\n<\/ul>\n<table class=\"product-specification-list\" style=\"height: 81px;\" width=\"488\">\n<tbody>\n<tr>\n<td>Gr\u00f6\u00dfe:<\/td>\n<td class=\"\">Durchmesser 20 cm, H\u00f6he: 11 cm<\/td>\n<\/tr>\n<tr>\n<td>F\u00e4rben):<\/td>\n<td class=\"\">Gelb<\/td>\n<\/tr>\n<tr>\n<td>Preis:<\/td>\n<td class=\"\">pro Einheit<\/td>\n<\/tr>\n<\/tbody>\n<\/table>\n<p><a href=\"https:\/\/www.bol.com\/nl\/nl\/b\/mooffz\/16537942\/\" target=\"_blank\" rel=\"noopener\"><img loading=\"lazy\" decoding=\"async\" class=\"alignnone\" title=\"Multifunktionsfu\u00df f\u00fcr Reifen\" src=\"https:\/\/dogpride.nl\/wp-content\/uploads\/Multifunctionele-voet-art.-1601-3-150x150.jpg\" alt=\"Multifunctionele voet voor hoepel\" width=\"150\" height=\"150\" \/><\/a><\/p>","protected":false},"excerpt":{"rendered":"<p>Stellen Sie mehrere F\u00fc\u00dfe mit St\u00f6cken auf und schicken Sie den Hund um einen weiteren Stock herum. Anschlie\u00dfend rufen Sie den Hund zu sich zur\u00fcck. Diese Kombination wird auch h\u00e4ufig f\u00fcr das Hooper-Training verwendet.<\/p>","protected":false},"featured_media":80805,"template":"","meta":[],"product_brand":[],"product_cat":[2956],"product_tag":[],"class_list":{"0":"post-80804","1":"product","2":"type-product","3":"status-publish","4":"has-post-thumbnail","6":"product_cat-agility-behendigheid","8":"first","9":"instock","10":"taxable","11":"shipping-taxable","12":"purchasable","13":"product-type-simple"},"mb":[],"mfb_rest_fields":["title"],"_links":{"self":[{"href":"https:\/\/dogpride.nl\/de\/wp-json\/wp\/v2\/product\/80804","targetHints":{"allow":["GET"]}}],"collection":[{"href":"https:\/\/dogpride.nl\/de\/wp-json\/wp\/v2\/product"}],"about":[{"href":"https:\/\/dogpride.nl\/de\/wp-json\/wp\/v2\/types\/product"}],"wp:featuredmedia":[{"embeddable":true,"href":"https:\/\/dogpride.nl\/de\/wp-json\/wp\/v2\/media\/80805"}],"wp:attachment":[{"href":"https:\/\/dogpride.nl\/de\/wp-json\/wp\/v2\/media?parent=80804"}],"wp:term":[{"taxonomy":"product_brand","embeddable":true,"href":"https:\/\/dogpride.nl\/de\/wp-json\/wp\/v2\/product_brand?post=80804"},{"taxonomy":"product_cat","embeddable":true,"href":"https:\/\/dogpride.nl\/de\/wp-json\/wp\/v2\/product_cat?post=80804"},{"taxonomy":"product_tag","embeddable":true,"href":"https:\/\/dogpride.nl\/de\/wp-json\/wp\/v2\/product_tag?post=80804"}],"curies":[{"name":"wp","href":"https:\/\/api.w.org\/{rel}","templated":true}]}}