{"id":80798,"date":"2022-02-01T10:52:08","date_gmt":"2022-02-01T09:52:08","guid":{"rendered":"https:\/\/www.dogpride.nl\/?post_type=product&#038;p=80798"},"modified":"2025-11-15T10:52:04","modified_gmt":"2025-11-15T09:52:04","slug":"rubber-voet-voor-stok","status":"publish","type":"product","link":"https:\/\/dogpride.nl\/de\/rubber-voet-voor-stok\/","title":{"rendered":"Gummifu\u00df f\u00fcr Stock"},"content":{"rendered":"<h4>Gummifu\u00df f\u00fcr Stock<\/h4>\n<p>Gummifu\u00df f\u00fcr Stock<\/p>\n<p><strong>Flacher runder Gummifu\u00df f\u00fcr St\u00f6cke mit einem Durchmesser von 2,5 cm<\/strong><\/p>\n<p>Dieser Fu\u00df ist extra beschwert und daher sehr stabil. Der Gummifu\u00df kann sowohl im Innen- als auch im Au\u00dfenbereich verwendet werden. Kombinieren Sie sie mit St\u00f6cken, um einen Slalom- oder H\u00fcrdenparcours f\u00fcr Beweglichkeit oder Beweglichkeitstraining zu erstellen.<\/p>\n<p><a href=\"https:\/\/dogpride.nl\/de\/diverse-hondensporten\/agility-obedience\/?product-page=2\"><img loading=\"lazy\" decoding=\"async\" class=\"alignnone\" title=\"Gummifu\u00df f\u00fcr Stock\" src=\"https:\/\/dogpride.nl\/wp-content\/uploads\/Rubberen-voet-art.-1602-9-150x150.jpg\" alt=\"Rubber voet voor stok\" width=\"150\" height=\"150\" \/><\/a><\/p>\n<h5><strong>Anregung zur \u00dcbung<\/strong>:<\/h5>\n<p>Platzieren Sie einen Stock auf dem Gummifu\u00df und bringen Sie dem Hund bei, links und rechts um den Stock herum zu gehen. Tun Sie dies zun\u00e4chst mit Hilfe eines Leckerlis in der Hand und versuchen Sie es sp\u00e4ter aus der Ferne.<\/p>\n<p>F\u00fchren Sie den Hund um den Stock herum und nennen Sie, was der Hund \u201eim Uhrzeigersinn\u201c oder \u201egegen den Uhrzeigersinn\u201c tut. Wenn der Hund diese \u00dcbung beherrscht, k\u00f6nnen Sie den Abstand des Stocks vergr\u00f6\u00dfern und den Hund alleine darum herumlaufen lassen.<\/p>\n<table class=\"product-specification-list\" style=\"height: 166px;\" width=\"745\">\n<tbody>\n<tr>\n<td>Durchmesser:<\/td>\n<td class=\"\">23 cm<\/td>\n<\/tr>\n<tr>\n<td>H\u00f6he:<\/td>\n<td class=\"\">5 cm<\/td>\n<\/tr>\n<tr>\n<td>F\u00e4rben):<\/td>\n<td class=\"\">Schwarz<\/td>\n<\/tr>\n<tr>\n<td>Gewicht:<\/td>\n<td class=\"\">1,1 kg<\/td>\n<\/tr>\n<tr>\n<td>Passend f\u00fcr:<\/td>\n<td class=\"\">St\u00e4bchen mit einem Durchmesser von 2,5 cm<\/td>\n<\/tr>\n<tr>\n<td>Preis:<\/td>\n<td class=\"\">pro Einheit<\/td>\n<\/tr>\n<\/tbody>\n<\/table>\n<p><a href=\"https:\/\/www.bol.com\/nl\/nl\/b\/mooffz\/16537942\/\" target=\"_blank\" rel=\"noopener\"><img loading=\"lazy\" decoding=\"async\" class=\"alignnone\" title=\"Gummifu\u00df f\u00fcr Stock\" src=\"https:\/\/dogpride.nl\/wp-content\/uploads\/Rubberen-voet-art.-1602-9-150x150.jpg\" alt=\"Rubber voet voor stok\" width=\"150\" height=\"150\" \/><\/a><\/p>","protected":false},"excerpt":{"rendered":"<p>Dieser Fu\u00df ist extra beschwert und daher sehr stabil. Der Gummifu\u00df kann sowohl im Innen- als auch im Au\u00dfenbereich verwendet werden. Kombinieren Sie sie mit St\u00f6cken, um einen Slalom- oder H\u00fcrdenparcours f\u00fcr Beweglichkeit oder Beweglichkeitstraining zu erstellen.<\/p>","protected":false},"featured_media":80799,"template":"","meta":[],"product_brand":[],"product_cat":[2956],"product_tag":[],"class_list":{"0":"post-80798","1":"product","2":"type-product","3":"status-publish","4":"has-post-thumbnail","6":"product_cat-agility-behendigheid","8":"first","9":"instock","10":"taxable","11":"shipping-taxable","12":"purchasable","13":"product-type-simple"},"mb":[],"mfb_rest_fields":["title"],"_links":{"self":[{"href":"https:\/\/dogpride.nl\/de\/wp-json\/wp\/v2\/product\/80798","targetHints":{"allow":["GET"]}}],"collection":[{"href":"https:\/\/dogpride.nl\/de\/wp-json\/wp\/v2\/product"}],"about":[{"href":"https:\/\/dogpride.nl\/de\/wp-json\/wp\/v2\/types\/product"}],"wp:featuredmedia":[{"embeddable":true,"href":"https:\/\/dogpride.nl\/de\/wp-json\/wp\/v2\/media\/80799"}],"wp:attachment":[{"href":"https:\/\/dogpride.nl\/de\/wp-json\/wp\/v2\/media?parent=80798"}],"wp:term":[{"taxonomy":"product_brand","embeddable":true,"href":"https:\/\/dogpride.nl\/de\/wp-json\/wp\/v2\/product_brand?post=80798"},{"taxonomy":"product_cat","embeddable":true,"href":"https:\/\/dogpride.nl\/de\/wp-json\/wp\/v2\/product_cat?post=80798"},{"taxonomy":"product_tag","embeddable":true,"href":"https:\/\/dogpride.nl\/de\/wp-json\/wp\/v2\/product_tag?post=80798"}],"curies":[{"name":"wp","href":"https:\/\/api.w.org\/{rel}","templated":true}]}}