{"id":80793,"date":"2022-02-01T10:42:43","date_gmt":"2022-02-01T09:42:43","guid":{"rendered":"https:\/\/www.dogpride.nl\/?post_type=product&#038;p=80793"},"modified":"2025-11-15T10:52:28","modified_gmt":"2025-11-15T09:52:28","slug":"buigzame-houder-slalomstok-met-stalen-pin","status":"publish","type":"product","link":"https:\/\/dogpride.nl\/de\/buigzame-houder-slalomstok-met-stalen-pin\/","title":{"rendered":"Flexible Halterung f\u00fcr Slalomstange mit Stahlstift"},"content":{"rendered":"<h4>Flexible Halterung f\u00fcr Slalomstange mit Stahlstift<\/h4>\n<p>Flexible Halterung f\u00fcr Slalomstange mit Stahlstift<\/p>\n<p><strong>Halterung f\u00fcr St\u00f6cke mit Federkupplung und Stahlstift f\u00fcr einen Slalomparcours<\/strong><\/p>\n<p>Bei diesem tollen Slalomsystem k\u00f6nnen Sie die Stangen mit einem Durchmesser von 2,5 cm in jeder gew\u00fcnschten L\u00e4nge und Farbe (80, 100, 120 cm) zusammenstellen. So k\u00f6nnen Sie Ihre eigene Slalomstrecke aufbauen.<\/p>\n<p>Der Halter verf\u00fcgt \u00fcber eine Federkupplung, damit sich die St\u00f6cke biegen lassen, und einen Stahlstift, mit dem das Ganze im Boden gesteckt werden kann.<\/p>\n<p><a href=\"https:\/\/dogpride.nl\/de\/diverse-hondensporten\/agility-obedience\/?product-page=2\"><img loading=\"lazy\" decoding=\"async\" class=\"alignnone\" title=\"Flexible Halterung f\u00fcr Slalomstange mit Stahlstift\" src=\"https:\/\/dogpride.nl\/wp-content\/uploads\/Houder-slalomstok-art.-1603-2-150x150.jpg\" alt=\"Buigzame houder slalomstok met stalen pin\" width=\"150\" height=\"150\" \/><\/a><\/p>\n<h5><strong>\u00dcbungsvorschlag:<\/strong><\/h5>\n<p>Platzieren Sie einen Stock auf dem Halter und bringen Sie dem Hund bei, links und rechts um den Stock herum zu gehen. Tun Sie dies zun\u00e4chst mit Hilfe eines Leckerlis in der Hand und versuchen Sie es sp\u00e4ter aus der Ferne.<\/p>\n<p>F\u00fchren Sie den Hund um den Stock herum und nennen Sie, was der Hund \u201eim Uhrzeigersinn\u201c oder \u201egegen den Uhrzeigersinn\u201c tut.<\/p>\n<p>Wenn der Hund diese \u00dcbung beherrscht, k\u00f6nnen Sie den Abstand des Stocks vergr\u00f6\u00dfern und den Hund alleine darum herumlaufen lassen.<\/p>\n<ul>\n<li>Die St\u00f6cke sind nicht im Lieferumfang der Halterungen enthalten, k\u00f6nnen aber separat bestellt werden.<\/li>\n<li>L\u00e4nge: 32 cm, L\u00e4nge Stahlstift 14 cm<\/li>\n<li>Material: Polypropylen und Stahlstift<\/li>\n<\/ul>\n<p><strong>Deze buigzame houders worden per stuk verkocht!<\/strong><\/p>\n<p><a href=\"https:\/\/www.bol.com\/nl\/nl\/b\/mooffz\/16537942\/\" target=\"_blank\" rel=\"noopener\"><img loading=\"lazy\" decoding=\"async\" class=\"alignnone\" title=\"Flexible Halterung f\u00fcr Slalomstange mit Stahlstift\" src=\"https:\/\/dogpride.nl\/wp-content\/uploads\/Houder-slalomstok-art.-1603-3-150x150.jpg\" alt=\"Buigzame houder slalomstok met stalen pin\" width=\"150\" height=\"150\" \/><\/a><\/p>","protected":false},"excerpt":{"rendered":"<p>Buigzame houder slalomstok met stalen pin.In dit geweldige slalomsysteem kun je de stokken monteren met een doorsnede van 2,5 cm in elke gewenste lengte en kleur (80, 100, 120 cm) en daarmee een eigen slalom parcours opzetten.<\/p>","protected":false},"featured_media":80794,"template":"","meta":[],"product_brand":[],"product_cat":[2956],"product_tag":[],"class_list":{"0":"post-80793","1":"product","2":"type-product","3":"status-publish","4":"has-post-thumbnail","6":"product_cat-agility-behendigheid","8":"first","9":"instock","10":"taxable","11":"shipping-taxable","12":"purchasable","13":"product-type-simple"},"mb":[],"mfb_rest_fields":["title"],"_links":{"self":[{"href":"https:\/\/dogpride.nl\/de\/wp-json\/wp\/v2\/product\/80793","targetHints":{"allow":["GET"]}}],"collection":[{"href":"https:\/\/dogpride.nl\/de\/wp-json\/wp\/v2\/product"}],"about":[{"href":"https:\/\/dogpride.nl\/de\/wp-json\/wp\/v2\/types\/product"}],"wp:featuredmedia":[{"embeddable":true,"href":"https:\/\/dogpride.nl\/de\/wp-json\/wp\/v2\/media\/80794"}],"wp:attachment":[{"href":"https:\/\/dogpride.nl\/de\/wp-json\/wp\/v2\/media?parent=80793"}],"wp:term":[{"taxonomy":"product_brand","embeddable":true,"href":"https:\/\/dogpride.nl\/de\/wp-json\/wp\/v2\/product_brand?post=80793"},{"taxonomy":"product_cat","embeddable":true,"href":"https:\/\/dogpride.nl\/de\/wp-json\/wp\/v2\/product_cat?post=80793"},{"taxonomy":"product_tag","embeddable":true,"href":"https:\/\/dogpride.nl\/de\/wp-json\/wp\/v2\/product_tag?post=80793"}],"curies":[{"name":"wp","href":"https:\/\/api.w.org\/{rel}","templated":true}]}}