{"id":80781,"date":"2022-02-01T10:25:08","date_gmt":"2022-02-01T09:25:08","guid":{"rendered":"https:\/\/www.dogpride.nl\/?post_type=product&#038;p=80781"},"modified":"2025-11-15T11:10:52","modified_gmt":"2025-11-15T10:10:52","slug":"horden-systeem-voor-pion","status":"publish","type":"product","link":"https:\/\/dogpride.nl\/de\/horden-systeem-voor-pion\/","title":{"rendered":"H\u00fcrdensystem f\u00fcr Bauern"},"content":{"rendered":"<h4>H\u00fcrdensystem f\u00fcr Bauern<\/h4>\n<p>H\u00fcrdensystem f\u00fcr Bauern<\/p>\n<p><strong>Ein einfaches System zum Bau von H\u00fcrden<\/strong><\/p>\n<p>Dit Horden systeem voor pion bestaat uit een set van twee houders die op een 30 of een 50 cm pion kunnen worden bevestigd (pionnen niet meegeleverd).<br \/>\nDe houders kunnen op verschillende hoogten op de pion worden afgesteld, hierdoor heb je veel variatie mogelijkheden.<\/p>\n<p><a href=\"https:\/\/dogpride.nl\/de\/diverse-hondensporten\/agility-obedience\/?product-page=2\"><img loading=\"lazy\" decoding=\"async\" class=\"alignnone\" title=\"H\u00fcrdensystem f\u00fcr Bauern\" src=\"https:\/\/dogpride.nl\/wp-content\/uploads\/Horden-systeem-pion-1616-1605-3-150x150.jpg\" alt=\"Horden systeem voor pion\" width=\"150\" height=\"150\" \/><\/a><\/p>\n<p>Da der Stick bei Kontakt aus der Halterung f\u00e4llt, handelt es sich um ein sehr sicheres System!<\/p>\n<p>F\u00fcr jeden Hund kann eine passende H\u00f6he gew\u00e4hlt werden. Sch\u00f6ne Erg\u00e4nzung zu einem Hundekurs und Agility-Training. Die Halterungen sind sehr leicht und daher sehr einfach zu transportieren.<\/p>\n<p><strong>Springen:<\/strong> Wil je de hond laten springen over een stok, bouw dit dan altijd rustig op. Voeg het signaal &#8216;hoog&#8217; pas toe als de hond het springen beheerst en geef het signaal dan in eerste instantie op het moment dat de hond springt.<br \/>\nDwing je hond nooit. Wil de hond niet, probeer dan samen met je hond over de hindernis te springen.<\/p>\n<h5>Geben Sie dem Hund Raum f\u00fcr einen guten Start und eine gute Landung und bringen Sie ihm bei, sauber in der Mitte \u00fcber das Hindernis zu springen.<\/h5>\n<p>H\u00f6henspr\u00fcnge k\u00f6nnen Sie auf viele verschiedene Arten bauen. Dadurch entsteht f\u00fcr den Hund eine neue (Lern-)Situation. Optisch macht es f\u00fcr den Hund einen gro\u00dfen Unterschied, ob man 1 oder mehrere Sticks verwendet.<\/p>\n<p>Erh\u00e4ltlich in zwei Versionen.<\/p>\n<ul>\n<li>M \u2013 F\u00fcr 30-cm-Bauern<\/li>\n<li>L \u2013 F\u00fcr 50 cm Bauern<\/li>\n<\/ul>\n<p><a href=\"https:\/\/www.bol.com\/nl\/nl\/b\/mooffz\/16537942\/\" target=\"_blank\" rel=\"noopener\"><img loading=\"lazy\" decoding=\"async\" class=\"alignnone\" title=\"H\u00fcrdensystem f\u00fcr Bauern\" src=\"https:\/\/dogpride.nl\/wp-content\/uploads\/Horden-systeem-pion-1616-1605-3-150x150.jpg\" alt=\"Horden systeem voor pion\" width=\"150\" height=\"150\" \/><\/a><\/p>\n<table class=\"product-specification-list\" style=\"height: 127px;\" width=\"1646\">\n<tbody>\n<tr>\n<td>Gr\u00f6\u00dfe:<\/td>\n<td class=\"\">zwischen den St\u00fctzen 5 cm<\/td>\n<\/tr>\n<tr>\n<td>L\u00e4nge:<\/td>\n<td class=\"\">L\u00e4nge des H\u00fcrdensystems f\u00fcr 30-cm-Kegel: 36 cm und in 8 verschiedenen H\u00f6hen verstellbar. L\u00e4nge des H\u00fcrdensystems f\u00fcr 50-cm-Kegel: 45 cm und in 10 verschiedenen H\u00f6hen verstellbar<\/td>\n<\/tr>\n<tr>\n<td>Material:<\/td>\n<td class=\"\">Plastik<\/td>\n<\/tr>\n<tr>\n<td>Satz:<\/td>\n<td class=\"\">van 2<\/td>\n<\/tr>\n<\/tbody>\n<\/table>","protected":false},"excerpt":{"rendered":"<p>Dit Horden systeem voor pion bestaat uit een set van twee houders die op een 30 of een 50 cm pion kunnen worden bevestigd (pionnen niet meegeleverd). De houders kunnen op verschillende hoogten op de pion worden afgesteld.<\/p>","protected":false},"featured_media":80782,"template":"","meta":[],"product_brand":[],"product_cat":[2956],"product_tag":[],"class_list":{"0":"post-80781","1":"product","2":"type-product","3":"status-publish","4":"has-post-thumbnail","6":"product_cat-agility-behendigheid","8":"first","9":"instock","10":"taxable","11":"shipping-taxable","12":"purchasable","13":"product-type-variable"},"mb":[],"mfb_rest_fields":["title"],"_links":{"self":[{"href":"https:\/\/dogpride.nl\/de\/wp-json\/wp\/v2\/product\/80781","targetHints":{"allow":["GET"]}}],"collection":[{"href":"https:\/\/dogpride.nl\/de\/wp-json\/wp\/v2\/product"}],"about":[{"href":"https:\/\/dogpride.nl\/de\/wp-json\/wp\/v2\/types\/product"}],"wp:featuredmedia":[{"embeddable":true,"href":"https:\/\/dogpride.nl\/de\/wp-json\/wp\/v2\/media\/80782"}],"wp:attachment":[{"href":"https:\/\/dogpride.nl\/de\/wp-json\/wp\/v2\/media?parent=80781"}],"wp:term":[{"taxonomy":"product_brand","embeddable":true,"href":"https:\/\/dogpride.nl\/de\/wp-json\/wp\/v2\/product_brand?post=80781"},{"taxonomy":"product_cat","embeddable":true,"href":"https:\/\/dogpride.nl\/de\/wp-json\/wp\/v2\/product_cat?post=80781"},{"taxonomy":"product_tag","embeddable":true,"href":"https:\/\/dogpride.nl\/de\/wp-json\/wp\/v2\/product_tag?post=80781"}],"curies":[{"name":"wp","href":"https:\/\/api.w.org\/{rel}","templated":true}]}}