{"id":80775,"date":"2022-02-01T09:51:19","date_gmt":"2022-02-01T08:51:19","guid":{"rendered":"https:\/\/www.dogpride.nl\/?post_type=product&#038;p=80775"},"modified":"2025-11-15T11:15:32","modified_gmt":"2025-11-15T10:15:32","slug":"multifunctionele-clip-voor-hoepels-en-stokken","status":"publish","type":"product","link":"https:\/\/dogpride.nl\/de\/multifunctionele-clip-voor-hoepels-en-stokken\/","title":{"rendered":"Multifunktionaler Clip f\u00fcr Reifen und St\u00f6cke"},"content":{"rendered":"<h4>Multifunktionaler Clip f\u00fcr Reifen und St\u00f6cke<\/h4>\n<p>Multifunktionaler Clip f\u00fcr Reifen und St\u00f6cke<\/p>\n<p>Ein multifunktionaler Befestigungsclip zum Verbinden von St\u00f6cken und Reifen miteinander. Geeignet f\u00fcr die Kombinationen Stick-Stick und Stick-Flat Hoop oder Stick-Round Hula Hoop. Da der Clip um 360 Grad drehbar ist, kann der Reifen sowohl horizontal als auch vertikal platziert werden.<\/p>\n<p><a href=\"https:\/\/dogpride.nl\/de\/diverse-hondensporten\/agility-obedience\/?product-page=2\"><img loading=\"lazy\" decoding=\"async\" class=\"alignnone\" title=\"Multifunktionaler Clip f\u00fcr Reifen und St\u00f6cke\" src=\"https:\/\/dogpride.nl\/wp-content\/uploads\/Multifunctionele-clip-art.-1606-13-150x150.jpg\" alt=\"Multifunctionele Clip voor hoepels en stokken\" width=\"80\" height=\"80\" \/><\/a><\/p>\n<p>Mit Hilfe dieser Clips k\u00f6nnen Sie einen Parcours oder eine H\u00fcrde zusammenstellen.<\/p>\n<table class=\"product-specification-list\" style=\"height: 122px;\" width=\"372\">\n<tbody>\n<tr>\n<td>F\u00e4rben):<\/td>\n<td class=\"\">Schwarz<\/td>\n<\/tr>\n<tr>\n<td>Material:<\/td>\n<td class=\"\">360 Grad drehbar<\/td>\n<\/tr>\n<tr>\n<td>Gewicht:<\/td>\n<td class=\"\">22 Gramm<\/td>\n<\/tr>\n<tr>\n<td>Preis:<\/td>\n<td class=\"\">per 2 stuks<\/td>\n<\/tr>\n<\/tbody>\n<\/table>\n<p><a href=\"https:\/\/www.bol.com\/nl\/nl\/b\/mooffz\/16537942\/\" target=\"_blank\" rel=\"noopener\"><img loading=\"lazy\" decoding=\"async\" class=\"alignnone\" title=\"Multifunktionaler Clip f\u00fcr Reifen und St\u00f6cke\" src=\"https:\/\/dogpride.nl\/wp-content\/uploads\/Multifunctionele-clip-art.-1606-10-150x150.jpg\" alt=\"Multifunctionele Clip voor hoepels en stokken\" width=\"90\" height=\"90\" \/><\/a><\/p>","protected":false},"excerpt":{"rendered":"<p>Ein multifunktionaler Befestigungsclip zum Verbinden von St\u00f6cken und Reifen miteinander. Geeignet f\u00fcr die Kombinationen Stick-Stick und Stick-Flat Hoop oder Stick-Round Hula Hoop.<\/p>","protected":false},"featured_media":80777,"template":"","meta":[],"product_brand":[],"product_cat":[2956],"product_tag":[],"class_list":{"0":"post-80775","1":"product","2":"type-product","3":"status-publish","4":"has-post-thumbnail","6":"product_cat-agility-behendigheid","8":"first","9":"instock","10":"taxable","11":"shipping-taxable","12":"purchasable","13":"product-type-simple"},"mb":[],"mfb_rest_fields":["title"],"_links":{"self":[{"href":"https:\/\/dogpride.nl\/de\/wp-json\/wp\/v2\/product\/80775","targetHints":{"allow":["GET"]}}],"collection":[{"href":"https:\/\/dogpride.nl\/de\/wp-json\/wp\/v2\/product"}],"about":[{"href":"https:\/\/dogpride.nl\/de\/wp-json\/wp\/v2\/types\/product"}],"wp:featuredmedia":[{"embeddable":true,"href":"https:\/\/dogpride.nl\/de\/wp-json\/wp\/v2\/media\/80777"}],"wp:attachment":[{"href":"https:\/\/dogpride.nl\/de\/wp-json\/wp\/v2\/media?parent=80775"}],"wp:term":[{"taxonomy":"product_brand","embeddable":true,"href":"https:\/\/dogpride.nl\/de\/wp-json\/wp\/v2\/product_brand?post=80775"},{"taxonomy":"product_cat","embeddable":true,"href":"https:\/\/dogpride.nl\/de\/wp-json\/wp\/v2\/product_cat?post=80775"},{"taxonomy":"product_tag","embeddable":true,"href":"https:\/\/dogpride.nl\/de\/wp-json\/wp\/v2\/product_tag?post=80775"}],"curies":[{"name":"wp","href":"https:\/\/api.w.org\/{rel}","templated":true}]}}