{"id":80770,"date":"2022-02-01T09:40:43","date_gmt":"2022-02-01T08:40:43","guid":{"rendered":"https:\/\/www.dogpride.nl\/?post_type=product&#038;p=80770"},"modified":"2026-04-21T15:33:55","modified_gmt":"2026-04-21T13:33:55","slug":"educ-o-disks-targetschijven-set-van-4","status":"publish","type":"product","link":"https:\/\/dogpride.nl\/de\/educ-o-disks-targetschijven-set-van-4\/","title":{"rendered":"Educ o Disks Zielscheiben-Set mit 4 St\u00fcck"},"content":{"rendered":"<h4>Educ o Disks Zielscheiben-Set mit 4 St\u00fcck<\/h4>\n<p>Educ o Disks Zielscheiben-Set mit 4 St\u00fcck<\/p>\n<p><strong>Zieltraining kann eine unterhaltsame und ansprechende M\u00f6glichkeit sein, Ihrem Hund beizubringen, auf eine bestimmte Stelle zu treten und dort zu bleiben<\/strong><\/p>\n<p>Benutzen Sie die Zielscheiben, um den Hund von Ziel zu Ziel zu bewegen. Bringen Sie auf diese Weise die Befehle \u201ebleiben\u201c, \u201eweggehen\u201c oder \u201ehingehen\u201c bei.<\/p>\n<p><a href=\"https:\/\/dogpride.nl\/de\/diverse-hondensporten\/agility-obedience\/?product-page=2\"><img loading=\"lazy\" decoding=\"async\" class=\"alignnone\" title=\"Educ o Disks Zielscheiben-Set mit 4 St\u00fcck\" src=\"https:\/\/dogpride.nl\/wp-content\/uploads\/Educ-o-disk-targetschijven-art.-10111-1-150x150.jpg\" alt=\"Educ o Disks targetschijven set van 4\" width=\"150\" height=\"150\" \/><\/a><\/p>\n<p>Verwenden Sie ein Leckerli oder einen Clicker, um den Hund zu belohnen, wenn der Hund Interesse an der Zielscheibe zeigt. Wenn der Hund die Ziele ber\u00fchren kann, wenn sie auf dem Boden liegen, kann er mit anderen Balancematerialien nachhelfen. Sie k\u00f6nnen die Scheiben auch verwenden, um den Hund geradlinig \u00fcber eine Reihe von Hindernissen (z. B. Reifen oder Spr\u00fcnge) vorw\u00e4rts zu schicken.<\/p>\n<p>Sie k\u00f6nnen auch 2 Zielscheiben auf beiden Seiten einer Erdnusskugel platzieren. Bringen Sie dem Hund bei, zwei Vorderpfoten auf die Zielscheiben zu legen. Dann k\u00f6nnen 4 Zielscheiben auf den Erdnussball gelegt werden und der Hund muss auf 4 Zielscheiben und einem Erdnussball stehen. Wenn das keine Herausforderung ist!<\/p>\n<p>Die Zielscheiben bestehen aus rutschfestem Material, das f\u00fcr zus\u00e4tzlichen Halt sorgt. Kann mit verschiedenen \u00dcbungsmaterialien verwendet werden.<\/p>\n<ul>\n<li>Hinweis: Benutzen Sie die Zielscheiben nur als Trainingsmaterial und f\u00fchren Sie den Hund mit einem Peanut-Ball. Lassen Sie den Hund nicht alleine, das verhindert Verletzungen und die M\u00f6glichkeit, dass er das Material zerst\u00f6ren kann.<\/li>\n<\/ul>\n<table class=\"product-specification-list\" style=\"height: 114px;\" width=\"582\">\n<tbody>\n<tr>\n<td>Durchmesser:<\/td>\n<td class=\"\">21 cm<\/td>\n<\/tr>\n<tr>\n<td>Material:<\/td>\n<td class=\"\">rutschfest, 1 gerippte Seite und eine glatte Seite<\/td>\n<\/tr>\n<tr>\n<td>Satz:<\/td>\n<td class=\"\">ab 4<\/td>\n<\/tr>\n<\/tbody>\n<\/table>\n<p><a href=\"https:\/\/www.bol.com\/nl\/nl\/b\/mooffz\/16537942\/\" target=\"_blank\" rel=\"noopener\"><img loading=\"lazy\" decoding=\"async\" class=\"alignnone\" title=\"Educ o Disks Zielscheiben-Set mit 4 St\u00fcck\" src=\"https:\/\/dogpride.nl\/wp-content\/uploads\/Educ-o-disk-targetschijven-art.-10111-1-150x150.jpg\" alt=\"Educ o Disks targetschijven set van 4\" width=\"150\" height=\"150\" \/><\/a><\/p>","protected":false},"excerpt":{"rendered":"<p>Target training kan een leuke en boeiende manier zijn om je hond te leren stappen op een aangewezen plek en op een bepaalde plek te blijven staan. Educ o Disks targetschijven set van 4<\/p>","protected":false},"featured_media":80772,"template":"","meta":[],"product_brand":[],"product_cat":[2956],"product_tag":[],"class_list":{"0":"post-80770","1":"product","2":"type-product","3":"status-publish","4":"has-post-thumbnail","6":"product_cat-agility-behendigheid","8":"first","9":"instock","10":"taxable","11":"shipping-taxable","12":"purchasable","13":"product-type-simple"},"mb":[],"mfb_rest_fields":["title"],"_links":{"self":[{"href":"https:\/\/dogpride.nl\/de\/wp-json\/wp\/v2\/product\/80770","targetHints":{"allow":["GET"]}}],"collection":[{"href":"https:\/\/dogpride.nl\/de\/wp-json\/wp\/v2\/product"}],"about":[{"href":"https:\/\/dogpride.nl\/de\/wp-json\/wp\/v2\/types\/product"}],"wp:featuredmedia":[{"embeddable":true,"href":"https:\/\/dogpride.nl\/de\/wp-json\/wp\/v2\/media\/80772"}],"wp:attachment":[{"href":"https:\/\/dogpride.nl\/de\/wp-json\/wp\/v2\/media?parent=80770"}],"wp:term":[{"taxonomy":"product_brand","embeddable":true,"href":"https:\/\/dogpride.nl\/de\/wp-json\/wp\/v2\/product_brand?post=80770"},{"taxonomy":"product_cat","embeddable":true,"href":"https:\/\/dogpride.nl\/de\/wp-json\/wp\/v2\/product_cat?post=80770"},{"taxonomy":"product_tag","embeddable":true,"href":"https:\/\/dogpride.nl\/de\/wp-json\/wp\/v2\/product_tag?post=80770"}],"curies":[{"name":"wp","href":"https:\/\/api.w.org\/{rel}","templated":true}]}}