{"id":80765,"date":"2022-02-01T09:30:40","date_gmt":"2022-02-01T08:30:40","guid":{"rendered":"https:\/\/www.dogpride.nl\/?post_type=product&#038;p=80765"},"modified":"2026-02-02T08:04:01","modified_gmt":"2026-02-02T07:04:01","slug":"mooffz-targetschijven-set-van-8","status":"publish","type":"product","link":"https:\/\/dogpride.nl\/de\/mooffz-targetschijven-set-van-8\/","title":{"rendered":"Mooffz Zielscheiben-Set mit 8 St\u00fcck"},"content":{"rendered":"<h4>Mooffz Zielscheiben-Set mit 8 St\u00fcck<\/h4>\n<p>Mooffz Zielscheiben-Set mit 8 St\u00fcck<\/p>\n<p><strong>Bringen Sie Ihrem Hund bei, ein \u201eZiel\u201c mit der Nase oder der Pfote zu ber\u00fchren. Ber\u00fchren!<\/strong><\/p>\n<p>Beginnen Sie damit, die CD von Hand anzubieten. Sobald der Hund die Scheibe mit der Nase ber\u00fchrt, sagen Sie \u201eBer\u00fchren\u201c. Legen Sie dann die Scheibe auf den Boden und pr\u00fcfen Sie, ob der Hund diese Scheibe auch ber\u00fchren m\u00f6chte. Sobald der Hund es mit der Nase ber\u00fchrt, sagen Sie \u201eBer\u00fchren\u201c und belohnen Sie den Hund. Belohnen Sie Ihren Hund mit einem Leckerli oder Clicker, wenn er Interesse an der Zielscheibe zeigt.<\/p>\n<p>Wat ook een leuke oefening is, is de Mooffz targetschijven set van 8 tegen bijvoorbeeld een meubelstuk te houden bijvoorbeeld \u2018touch\u2019 bank. Probeer vervolgens de targetschijf ertussen uit te halen. Je kunt zo de hond meerdere objecten leren benoemen.<\/p>\n<p>Jetzt k\u00f6nnen Sie mit den Zielscheiben beginnen, den Hund von Ziel zu Ziel zu schicken und ihn an einem bestimmten Ort stehen zu lassen. Eine weitere sch\u00f6ne \u00dcbung besteht darin, eine Zielscheibe in die Hand zu nehmen und ein wenig zu laufen. Versuchen Sie, den Hund beim Gehen dazu zu bringen, mit der Nase die Zielscheibe zu ber\u00fchren. Bevor Sie es merken, haben Sie eine sch\u00f6ne Tracking-\u00dcbung!<\/p>\n<p>DeMooffz targetschijven set van 8 zijn soepele schijfjes gevuld met een klein beetje lucht. Voor puppy\u2019s is dit een leuke eerste voorbereiding voor een balanskussen. Laat ze maar eens met de voorpootjes op 2 schijven gaan staan.<\/p>\n<ul>\n<li>Hinweis: Benutzen Sie die Zielscheiben ausschlie\u00dflich als Trainingsmaterial. Wenn Sie die Scheibe in der Hand halten, verhindern Sie, dass der Hund darauf bei\u00dft.<\/li>\n<\/ul>\n<table class=\"product-specification-list\">\n<tbody>\n<tr>\n<td>Durchmesser:<\/td>\n<td class=\"\">Scheiben: 9,5 cm<\/td>\n<\/tr>\n<tr>\n<td>Material:<\/td>\n<td class=\"\">Anti-Rutsch<\/td>\n<\/tr>\n<tr>\n<td>Satz:<\/td>\n<td class=\"\">von 8: 2x gr\u00fcn, 2x gelb, 2x blau, 2x rot<\/td>\n<\/tr>\n<\/tbody>\n<\/table>\n<p>&nbsp;<\/p>\n<p><a href=\"https:\/\/dogpride.nl\/de\/?s=targetschijven&amp;post_type=product\"><img loading=\"lazy\" decoding=\"async\" class=\"alignnone\" title=\"Mooffz Zielscheiben-Set mit 8 St\u00fcck\" src=\"https:\/\/dogpride.nl\/wp-content\/uploads\/Mooffz-targetschijven-art.-10136-1-scaled.jpg\" alt=\"Mooffz targetschijven set van 8\" width=\"413\" height=\"275\" \/><\/a><\/p>\n<p><span style=\"color: #ffffff;\"><a style=\"color: #ffffff;\" href=\"https:\/\/www.alprovi.nl\/mooffz?srsltid=AfmBOoq3odzdYtTJ-3cxNa-9Fijo56NJJ5nHsourSATXqyIk1HVuseLC\" target=\"_blank\" rel=\"noopener\">https:\/\/www.alprovi.nl\/mooffz?srsltid=AfmBOoq3odzdYtTJ-3cxNa-9Fijo56NJJ5nHsourSATXqyIk1HVuseLC<\/a><\/span><\/p>\n<p><iframe loading=\"lazy\" title=\"Trainingsmaterialen mogelijkheden met de Mooffz targetschijf - Sport en Spel voor Dieren\" width=\"1290\" height=\"726\" src=\"https:\/\/www.youtube.com\/embed\/6Dl7600tHBY?feature=oembed\" frameborder=\"0\" allow=\"accelerometer; autoplay; clipboard-write; encrypted-media; gyroscope; picture-in-picture; web-share\" referrerpolicy=\"strict-origin-when-cross-origin\" allowfullscreen><\/iframe><\/p>","protected":false},"excerpt":{"rendered":"<p>Beginnen Sie damit, die CD von Hand anzubieten. Sobald der Hund die Scheibe mit der Nase ber\u00fchrt, sagen Sie \u201eBer\u00fchren\u201c. Legen Sie dann die Scheibe auf den Boden und pr\u00fcfen Sie, ob der Hund diese Scheibe auch ber\u00fchren m\u00f6chte.<\/p>","protected":false},"featured_media":80766,"template":"","meta":[],"product_brand":[],"product_cat":[2956],"product_tag":[],"class_list":{"0":"post-80765","1":"product","2":"type-product","3":"status-publish","4":"has-post-thumbnail","6":"product_cat-agility-behendigheid","8":"first","9":"instock","10":"taxable","11":"shipping-taxable","12":"purchasable","13":"product-type-simple"},"mb":[],"mfb_rest_fields":["title"],"_links":{"self":[{"href":"https:\/\/dogpride.nl\/de\/wp-json\/wp\/v2\/product\/80765","targetHints":{"allow":["GET"]}}],"collection":[{"href":"https:\/\/dogpride.nl\/de\/wp-json\/wp\/v2\/product"}],"about":[{"href":"https:\/\/dogpride.nl\/de\/wp-json\/wp\/v2\/types\/product"}],"wp:featuredmedia":[{"embeddable":true,"href":"https:\/\/dogpride.nl\/de\/wp-json\/wp\/v2\/media\/80766"}],"wp:attachment":[{"href":"https:\/\/dogpride.nl\/de\/wp-json\/wp\/v2\/media?parent=80765"}],"wp:term":[{"taxonomy":"product_brand","embeddable":true,"href":"https:\/\/dogpride.nl\/de\/wp-json\/wp\/v2\/product_brand?post=80765"},{"taxonomy":"product_cat","embeddable":true,"href":"https:\/\/dogpride.nl\/de\/wp-json\/wp\/v2\/product_cat?post=80765"},{"taxonomy":"product_tag","embeddable":true,"href":"https:\/\/dogpride.nl\/de\/wp-json\/wp\/v2\/product_tag?post=80765"}],"curies":[{"name":"wp","href":"https:\/\/api.w.org\/{rel}","templated":true}]}}