{"id":80391,"date":"2022-01-27T09:59:36","date_gmt":"2022-01-27T08:59:36","guid":{"rendered":"https:\/\/www.dogpride.nl\/?post_type=product&#038;p=80391"},"modified":"2025-11-26T08:35:05","modified_gmt":"2025-11-26T07:35:05","slug":"lets-sleep-donut-50cm","status":"publish","type":"product","link":"https:\/\/dogpride.nl\/de\/lets-sleep-donut-50cm\/","title":{"rendered":"Let&#039;s Sleep Donut 50cm"},"content":{"rendered":"<h4>Let&#039;s Sleep Donut 50cm<\/h4>\n<p>Let&#039;s Sleep Donut 50cm<\/p>\n<p>Den ganzen Weg von jetzt an; dieser flauschige Donutkorb!<br \/>\nSpeziell entwickelt, um sich zu entspannen und gut zu schlafen.<\/p>\n<p>Ein sch\u00f6ner Schlaf-\/Ruheplatz beugt viel Stress vor und sorgt daf\u00fcr, dass sich Hunde sofort wohlf\u00fchlen.<br \/>\nDie runde Donutform sorgt daf\u00fcr, dass Haustiere in jeder Position bequem darin liegen k\u00f6nnen.<br \/>\nDas weiche Material vermittelt sofort ein angenehmes und angenehmes, sicheres Gef\u00fchl. Auch f\u00fcr Welpen sehr gut geeignet!<\/p>\n<p>Da der Donut keine harten Kanten hat, eignet er sich auch hervorragend f\u00fcr Haustiere mit Gelenkproblemen.<br \/>\nDas sch\u00f6ne Design dieses Donutkorbs passt perfekt in jedes Interieur.<\/p>\n<ul>\n<li>Super weich, wunderbar warm und bequem<\/li>\n<li>Entwickelt in Zusammenarbeit mit Tier\u00e4rzten und anderen Fachleuten<\/li>\n<li>Die Unterseite ist mit einer Anti-Rutsch-Schicht versehen<\/li>\n<li>Erh\u00e4ltlich in verschiedenen Farben<\/li>\n<li>Geeignet f\u00fcr Hunde und Katzen<\/li>\n<li>Hoher Komfort<\/li>\n<li>Reduziert Stress<\/li>\n<\/ul>\n<p><strong>Formaat Let&#8217;s Sleep Donut 50cm<\/strong><br \/>\nM \u2013 \u00f8 50 cm<br \/>\nL \u2013 \u00f8 60 cm<br \/>\nXL \u2013 \u00f8 80 cm<br \/>\nXXL \u2013 \u00f8 100 cm<\/p>\n<p>&nbsp;<\/p>\n<p><a href=\"https:\/\/dogpride.nl\/de\/hondenmanden\/manden-matrassen\/\"><img loading=\"lazy\" decoding=\"async\" class=\"alignnone\" title=\"Let&#039;s Sleep Donut 50cm\" src=\"https:\/\/dogpride.nl\/wp-content\/uploads\/LETS379C2-let-s-sleep-donut-50-cm-bruin-150x150.webp\" alt=\"Let's Sleep Donut 50cm\" width=\"150\" height=\"150\" \/><\/a><\/p>\n<p><span style=\"color: #ffffff;\"><a style=\"color: #ffffff;\" href=\"https:\/\/www.bol.com\/nl\/nl\/p\/let-s-sleep-donut-m-50-cm-lichtgrijs\/9300000043425316\/?Referrer=ADVNLGOO002049-S---PMAX-C-22298708857&amp;gad_source=1&amp;gad_campaignid=22305485965&amp;gbraid=0AAAAAD5OnmNzK9bBTu7fz2HegxLVnwQw7&amp;gclid=Cj0KCQiAxJXJBhD_ARIsAH_JGjhe5Z1EXQAT8tUq8J70zeO9YthVy79c-4bi8V66SLB-0ZMEDl3qEMUaAhvDEALw_wcB\" target=\"_blank\" rel=\"noopener\">https:\/\/www.bol.com\/nl\/nl\/p\/let-s-sleep-donut-m-50-cm-lichtgrijs\/9300000043425316\/?Referrer=ADVNLGOO002049-S&#8212;PMAX-C-22298708857&amp;gad_source=1&amp;gad_campaignid=22305485965&amp;gbraid=0AAAAAD5OnmNzK9bBTu7fz2HegxLVnwQw7&amp;gclid=Cj0KCQiAxJXJBhD_ARIsAH_JGjhe5Z1EXQAT8tUq8J70zeO9YthVy79c-4bi8V66SLB-0ZMEDl3qEMUaAhvDEALw_wcB<\/a><\/span><\/p>\n<p>&nbsp;<\/p>","protected":false},"excerpt":{"rendered":"<p>Ein sch\u00f6ner Schlaf-\/Ruheplatz beugt viel Stress vor und sorgt daf\u00fcr, dass sich Hunde sofort wohlf\u00fchlen. Das weiche Material vermittelt sofort ein angenehmes und angenehmes, sicheres Gef\u00fchl. Auch f\u00fcr Welpen sehr gut geeignet!<\/p>","protected":false},"featured_media":80392,"template":"","meta":[],"product_brand":[],"product_cat":[307],"product_tag":[5251,5250,5252],"class_list":{"0":"post-80391","1":"product","2":"type-product","3":"status-publish","4":"has-post-thumbnail","6":"product_cat-hondenmanden-en-matrassen","7":"product_tag-donut","8":"product_tag-lets-sleep","9":"product_tag-o50-cm","11":"first","12":"instock","13":"taxable","14":"shipping-taxable","15":"purchasable","16":"product-type-variable"},"mb":[],"mfb_rest_fields":["title"],"_links":{"self":[{"href":"https:\/\/dogpride.nl\/de\/wp-json\/wp\/v2\/product\/80391","targetHints":{"allow":["GET"]}}],"collection":[{"href":"https:\/\/dogpride.nl\/de\/wp-json\/wp\/v2\/product"}],"about":[{"href":"https:\/\/dogpride.nl\/de\/wp-json\/wp\/v2\/types\/product"}],"wp:featuredmedia":[{"embeddable":true,"href":"https:\/\/dogpride.nl\/de\/wp-json\/wp\/v2\/media\/80392"}],"wp:attachment":[{"href":"https:\/\/dogpride.nl\/de\/wp-json\/wp\/v2\/media?parent=80391"}],"wp:term":[{"taxonomy":"product_brand","embeddable":true,"href":"https:\/\/dogpride.nl\/de\/wp-json\/wp\/v2\/product_brand?post=80391"},{"taxonomy":"product_cat","embeddable":true,"href":"https:\/\/dogpride.nl\/de\/wp-json\/wp\/v2\/product_cat?post=80391"},{"taxonomy":"product_tag","embeddable":true,"href":"https:\/\/dogpride.nl\/de\/wp-json\/wp\/v2\/product_tag?post=80391"}],"curies":[{"name":"wp","href":"https:\/\/api.w.org\/{rel}","templated":true}]}}