{"id":79957,"date":"2022-01-21T16:07:32","date_gmt":"2022-01-21T15:07:32","guid":{"rendered":"https:\/\/www.dogpride.nl\/?post_type=product&#038;p=79957"},"modified":"2025-11-26T10:49:54","modified_gmt":"2025-11-26T09:49:54","slug":"mypado-dakstabilisatie-dog-cave","status":"publish","type":"product","link":"https:\/\/dogpride.nl\/de\/mypado-dakstabilisatie-dog-cave\/","title":{"rendered":"MYPADO Dachstabilisierung Hundeh\u00f6hle"},"content":{"rendered":"<h4>MYPADO Dachstabilisierung Hundeh\u00f6hle<\/h4>\n<p>MYPADO Dachstabilisierung Hundeh\u00f6hle<\/p>\n<div class=\"right\">\n<p>Unsere Dachstabilisierung sorgt f\u00fcr noch mehr Stabilit\u00e4t der Dachkonstruktion. Nach der Montage wird die Stabilisierung einfach in die Hundeh\u00f6hle gelegt. Nahezu unsichtbar wird das Dach oben stabil gehalten.<\/p>\n<h4>MATERIAL<\/h4>\n<ul>\n<li>Plastik<\/li>\n<\/ul>\n<h4>BESONDERHEITEN<\/h4>\n<ul>\n<li>Kehrt in die urspr\u00fcngliche Form zur\u00fcck<\/li>\n<\/ul>\n<h4>LIEFERUMFANG<\/h4>\n<ul>\n<li>Dachstabilisierung (demontiert)<\/li>\n<\/ul>\n<p>KOMPATIBEL MIT<\/p>\n<ul>\n<li>Hundeh\u00f6hlenschale<\/li>\n<li>Hundeh\u00f6hle Luola<\/li>\n<\/ul>\n<p><strong>VERF\u00dcGBARE GR\u00d6SSEN:<\/strong><\/p>\n<ul>\n<li><span id=\"groessespan\">S \u2013 Durchmesser 60 cm<\/span><\/li>\n<li>M \u2013 Durchmesser 75 cm<\/li>\n<li>L \u2013 Durchmesser 90 cm<\/li>\n<li>XL \u2013 Durchmesser 120 cm<\/li>\n<\/ul>\n<p><a href=\"https:\/\/dogpride.nl\/wp-admin\/post.php?post=79604&amp;action=edit\"><img loading=\"lazy\" decoding=\"async\" class=\"alignnone\" title=\"MYPADO Dachstabilisierung Hundeh\u00f6hle\" src=\"https:\/\/dogpride.nl\/wp-content\/uploads\/hundehoehle-shell-fakefur-graubeige-12_1280x1280-150x150.jpg\" alt=\"MYPADO Dakstabilisatie Dog Cave\" width=\"150\" height=\"150\" \/><\/a><\/p>\n<p><a href=\"https:\/\/www.mypado.de\/\" target=\"_blank\" rel=\"noopener\"><img loading=\"lazy\" decoding=\"async\" class=\"alignnone wp-image-144946 size-full\" src=\"https:\/\/dogpride.nl\/wp-content\/uploads\/logo-mypad-2.jpg\" alt=\"\" width=\"197\" height=\"75\" srcset=\"https:\/\/dogpride.nl\/wp-content\/uploads\/logo-mypad-2.jpg 197w, https:\/\/dogpride.nl\/wp-content\/uploads\/logo-mypad-2-18x7.jpg 18w\" sizes=\"auto, (max-width: 197px) 100vw, 197px\" \/><\/a><\/p>\n<\/div>","protected":false},"excerpt":{"rendered":"<p>Unsere Dachstabilisierung sorgt f\u00fcr noch mehr Stabilit\u00e4t der Dachkonstruktion. Nach der Montage wird die Stabilisierung einfach in die Hundeh\u00f6hle gelegt. Nahezu unsichtbar wird das Dach oben stabil gehalten.<\/p>","protected":false},"featured_media":79958,"template":"","meta":[],"product_brand":[],"product_cat":[3462],"product_tag":[14849,8104],"class_list":{"0":"post-79957","1":"product","2":"type-product","3":"status-publish","4":"has-post-thumbnail","6":"product_cat-mypado-accessoires","7":"product_tag-dakstabilisatie","8":"product_tag-dog-cave","10":"first","11":"instock","12":"taxable","13":"shipping-taxable","14":"purchasable","15":"product-type-variable"},"mb":[],"mfb_rest_fields":["title"],"_links":{"self":[{"href":"https:\/\/dogpride.nl\/de\/wp-json\/wp\/v2\/product\/79957","targetHints":{"allow":["GET"]}}],"collection":[{"href":"https:\/\/dogpride.nl\/de\/wp-json\/wp\/v2\/product"}],"about":[{"href":"https:\/\/dogpride.nl\/de\/wp-json\/wp\/v2\/types\/product"}],"wp:featuredmedia":[{"embeddable":true,"href":"https:\/\/dogpride.nl\/de\/wp-json\/wp\/v2\/media\/79958"}],"wp:attachment":[{"href":"https:\/\/dogpride.nl\/de\/wp-json\/wp\/v2\/media?parent=79957"}],"wp:term":[{"taxonomy":"product_brand","embeddable":true,"href":"https:\/\/dogpride.nl\/de\/wp-json\/wp\/v2\/product_brand?post=79957"},{"taxonomy":"product_cat","embeddable":true,"href":"https:\/\/dogpride.nl\/de\/wp-json\/wp\/v2\/product_cat?post=79957"},{"taxonomy":"product_tag","embeddable":true,"href":"https:\/\/dogpride.nl\/de\/wp-json\/wp\/v2\/product_tag?post=79957"}],"curies":[{"name":"wp","href":"https:\/\/api.w.org\/{rel}","templated":true}]}}