{"id":79810,"date":"2022-01-20T13:59:59","date_gmt":"2022-01-20T12:59:59","guid":{"rendered":"https:\/\/www.dogpride.nl\/?post_type=product&#038;p=79810"},"modified":"2025-10-21T14:24:32","modified_gmt":"2025-10-21T12:24:32","slug":"recon-k9-floatation-harnas","status":"publish","type":"product","link":"https:\/\/dogpride.nl\/de\/recon-k9-floatation-harnas\/","title":{"rendered":"RECON K9 FLOATATION-Gurt"},"content":{"rendered":"<h4>RECON K9 FLOATATION-Gurt<\/h4>\n<p>RECON K9 FLOATATION-Gurt<\/p>\n<p><strong><span class=\"VIiyi\" lang=\"fr\"><span class=\"JLqJ4b ChMk0b\">Dieses Hundegeschirr ist eine Auftriebshilfe f\u00fcr Hunde.\u00a0<\/span><\/span><\/strong><\/p>\n<p><span class=\"VIiyi\" lang=\"fr\"><span class=\"JLqJ4b ChMk0b\">Das CFD (Canine Flotation Device) bietet Ihrem Hund in einer sicheren, gut sitzenden Weste einen positiven Auftrieb.<\/span><\/span><\/p>\n<p><span class=\"VIiyi\" lang=\"fr\"><span class=\"JLqJ4b ChMk0b\">Die Weste ist ergonomisch gestaltet und kann in Verbindung mit Ihrer taktischen Weste oder einzeln verwendet werden.<\/span><br \/>\n<span class=\"JLqJ4b ChMk0b\">Das einzigartige Design bietet volle Bewegungsfreiheit mit strategisch platziertem geschlossenzelligem Schaumstoff, damit Ihr Hund zentriert bleibt und seine Bewegungen unter Kontrolle bleibt.\u00a0<\/span><\/span><\/p>\n<p><span class=\"VIiyi\" lang=\"fr\"><span class=\"JLqJ4b ChMk0b\">F\u00e4rben:\u00a0<\/span><span class=\"JLqJ4b ChMk0b\">\u00a0Coyote, Multi Cam\u00a0<\/span><\/span><\/p>\n<p><span class=\"VIiyi\" lang=\"fr\"><span class=\"JLqJ4b ChMk0b\">Kleine Gr\u00f6\u00dfe,<\/span><span class=\"JLqJ4b ChMk0b\">\u00a0Mittel und gro\u00df <\/span><\/span><\/p>\n<p><span class=\"VIiyi\" lang=\"fr\"><span class=\"JLqJ4b ChMk0b\"><strong>Eigenschaften:<\/strong>\u00a0<\/span><\/span><\/p>\n<ul>\n<li><span class=\"VIiyi\" lang=\"fr\"><span class=\"JLqJ4b ChMk0b\">1000 Denier Mil Spec Cordura\u00a0<\/span><\/span><\/li>\n<li><span class=\"VIiyi\" lang=\"fr\"><span class=\"JLqJ4b ChMk0b\">4 Reihen MOLLE auf jeder Seite, inklusive Backplate-Brust f\u00fcr viele Verwendungsm\u00f6glichkeiten als Zubeh\u00f6r\u00a0<\/span><\/span><\/li>\n<li><span class=\"VIiyi\" lang=\"fr\"><span class=\"JLqJ4b ChMk0b\">Sichere 2-Zoll-Fast-Tek-Schnallen mit Klettverschluss f\u00fcr schnelles An- und Ausziehen<\/span><\/span><\/li>\n<\/ul>\n<p><strong>Gr\u00f6\u00dfentabellen:<\/strong><\/p>\n<p><img loading=\"lazy\" decoding=\"async\" class=\"alignnone size-full wp-image-79814\" src=\"https:\/\/www.dogpride.nl\/wp-content\/uploads\/verybig-5571-4.jpg\" alt=\"RECON K9 Maattabel\" width=\"520\" height=\"520\" srcset=\"https:\/\/dogpride.nl\/wp-content\/uploads\/verybig-5571-4.jpg 520w, https:\/\/dogpride.nl\/wp-content\/uploads\/verybig-5571-4-250x250.jpg 250w, https:\/\/dogpride.nl\/wp-content\/uploads\/verybig-5571-4-100x100.jpg 100w, https:\/\/dogpride.nl\/wp-content\/uploads\/verybig-5571-4-400x400.jpg 400w, https:\/\/dogpride.nl\/wp-content\/uploads\/verybig-5571-4-300x300.jpg 300w, https:\/\/dogpride.nl\/wp-content\/uploads\/verybig-5571-4-150x150.jpg 150w, https:\/\/dogpride.nl\/wp-content\/uploads\/verybig-5571-4-66x66.jpg 66w, https:\/\/dogpride.nl\/wp-content\/uploads\/verybig-5571-4-200x200.jpg 200w\" sizes=\"auto, (max-width: 520px) 100vw, 520px\" \/> <img loading=\"lazy\" decoding=\"async\" class=\"alignnone size-full wp-image-79813\" src=\"https:\/\/www.dogpride.nl\/wp-content\/uploads\/verybig-5571-3.jpg\" alt=\"RECON K9 Maattabel\" width=\"520\" height=\"520\" srcset=\"https:\/\/dogpride.nl\/wp-content\/uploads\/verybig-5571-3.jpg 520w, https:\/\/dogpride.nl\/wp-content\/uploads\/verybig-5571-3-250x250.jpg 250w, https:\/\/dogpride.nl\/wp-content\/uploads\/verybig-5571-3-100x100.jpg 100w, https:\/\/dogpride.nl\/wp-content\/uploads\/verybig-5571-3-400x400.jpg 400w, https:\/\/dogpride.nl\/wp-content\/uploads\/verybig-5571-3-300x300.jpg 300w, https:\/\/dogpride.nl\/wp-content\/uploads\/verybig-5571-3-150x150.jpg 150w, https:\/\/dogpride.nl\/wp-content\/uploads\/verybig-5571-3-66x66.jpg 66w, https:\/\/dogpride.nl\/wp-content\/uploads\/verybig-5571-3-200x200.jpg 200w\" sizes=\"auto, (max-width: 520px) 100vw, 520px\" \/><\/p>\n<p>&nbsp;<\/p>","protected":false},"excerpt":{"rendered":"<p><span class=\"VIiyi\" lang=\"fr\"><span class=\"JLqJ4b ChMk0b\">Das einzigartige Design bietet volle Bewegungsfreiheit mit strategisch platziertem geschlossenzelligem Schaumstoff, damit Ihr Hund zentriert bleibt und seine Bewegungen unter Kontrolle bleibt.\u00a0<\/span><\/span><\/p>","protected":false},"featured_media":79811,"template":"","meta":[],"product_brand":[],"product_cat":[2814],"product_tag":[],"class_list":{"0":"post-79810","1":"product","2":"type-product","3":"status-publish","4":"has-post-thumbnail","6":"product_cat-hondenharnassen","8":"first","9":"instock","10":"taxable","11":"shipping-taxable","12":"purchasable","13":"product-type-variable"},"mb":[],"mfb_rest_fields":["title"],"_links":{"self":[{"href":"https:\/\/dogpride.nl\/de\/wp-json\/wp\/v2\/product\/79810","targetHints":{"allow":["GET"]}}],"collection":[{"href":"https:\/\/dogpride.nl\/de\/wp-json\/wp\/v2\/product"}],"about":[{"href":"https:\/\/dogpride.nl\/de\/wp-json\/wp\/v2\/types\/product"}],"wp:featuredmedia":[{"embeddable":true,"href":"https:\/\/dogpride.nl\/de\/wp-json\/wp\/v2\/media\/79811"}],"wp:attachment":[{"href":"https:\/\/dogpride.nl\/de\/wp-json\/wp\/v2\/media?parent=79810"}],"wp:term":[{"taxonomy":"product_brand","embeddable":true,"href":"https:\/\/dogpride.nl\/de\/wp-json\/wp\/v2\/product_brand?post=79810"},{"taxonomy":"product_cat","embeddable":true,"href":"https:\/\/dogpride.nl\/de\/wp-json\/wp\/v2\/product_cat?post=79810"},{"taxonomy":"product_tag","embeddable":true,"href":"https:\/\/dogpride.nl\/de\/wp-json\/wp\/v2\/product_tag?post=79810"}],"curies":[{"name":"wp","href":"https:\/\/api.w.org\/{rel}","templated":true}]}}