{"id":79796,"date":"2022-01-20T13:47:25","date_gmt":"2022-01-20T12:47:25","guid":{"rendered":"https:\/\/www.dogpride.nl\/?post_type=product&#038;p=79796"},"modified":"2025-10-21T14:24:46","modified_gmt":"2025-10-21T12:24:46","slug":"recon-k9-sentinel-harnas","status":"publish","type":"product","link":"https:\/\/dogpride.nl\/de\/recon-k9-sentinel-harnas\/","title":{"rendered":"RECON K9 SENTINEL-Geschirr"},"content":{"rendered":"<h4>RECON K9 SENTINEL-Geschirr<\/h4>\n<p>RECON K9 SENTINEL-Geschirr<\/p>\n<p><strong><span class=\"VIiyi\" lang=\"fr\"><span class=\"JLqJ4b ChMk0b\">Ein Geschirr f\u00fcr Hunde und Hundebrigaden (K9)<\/span><\/span><\/strong><\/p>\n<p><span class=\"VIiyi\" lang=\"fr\"><span class=\"JLqJ4b ChMk0b\">Dieses f\u00fcr eine effiziente Bewegung optimierte Geschirr verf\u00fcgt \u00fcber eine abnehmbare, gepolsterte Brustplatte und einen ergonomischen Nackengurt f\u00fcr die st\u00e4rksten Zugkr\u00e4fte.<\/span><br \/>\n<span class=\"JLqJ4b ChMk0b\">Ein starker Mil-Spec-V-Ring und ein taktischer Griff bieten zuverl\u00e4ssige Kontrolle und Schutz f\u00fcr Ihren Hund.<\/span><br \/>\n<span class=\"JLqJ4b ChMk0b\">Die Hinzuf\u00fcgung von zwei Reihen MOLLE sowie Klettverschluss bietet ausreichend Platz f\u00fcr Abzeichen und Zubeh\u00f6r.<\/span><\/span><\/p>\n<p><span class=\"VIiyi\" lang=\"fr\"><span class=\"JLqJ4b ChMk0b\"><span class=\"goog-text-highlight\">F\u00e4rben:\u00a0<\/span><\/span><span class=\"JLqJ4b ChMk0b\"><span class=\"goog-text-highlight\">\u00a0Coyote, Multi Cam<\/span><\/span><\/span><\/p>\n<p><strong><span class=\"JLqJ4b ChMk0b\"><span class=\"goog-text-highlight\">Eigenschaften:<\/span><\/span><\/strong><\/p>\n<ul>\n<li><span class=\"VIiyi\" lang=\"fr\"><span class=\"JLqJ4b ChMk0b\"><span class=\"goog-text-highlight\">Gepolsterter K\u00f6rper aus 1000 Denier Cordura\u2122 f\u00fcr mehr Widerstandsf\u00e4higkeit und Komfort\u00a0<\/span><\/span><\/span><\/li>\n<li><span class=\"VIiyi\" lang=\"fr\"><span class=\"JLqJ4b ChMk0b\"><span class=\"goog-text-highlight\">Ergonomischer Nackengurt zur Vermeidung von Erstickungsgefahr\u00a0<\/span><\/span><\/span><\/li>\n<li><span class=\"VIiyi\" lang=\"fr\"><span class=\"JLqJ4b ChMk0b\"><span class=\"goog-text-highlight\">2 Reihen MOLLE\u00a0<\/span><\/span><\/span><\/li>\n<li><span class=\"VIiyi\" lang=\"fr\"><span class=\"JLqJ4b ChMk0b\"><span class=\"goog-text-highlight\">Abnehmbare, gepolsterte Brustplatte f\u00fcr zus\u00e4tzlichen Schutz\u00a0<\/span><\/span><\/span><\/li>\n<li><span class=\"VIiyi\" lang=\"fr\"><span class=\"JLqJ4b ChMk0b\"><span class=\"goog-text-highlight\">Cobra\u2122-Polymerschnalle\u00a0<\/span><\/span><\/span><\/li>\n<li><span class=\"VIiyi\" lang=\"fr\"><span class=\"JLqJ4b ChMk0b\"><span class=\"goog-text-highlight\">Bakenbefestigung mit Sicherheitsgurt\u00a0<\/span><\/span><\/span><\/li>\n<li><span class=\"VIiyi\" lang=\"fr\"><span class=\"JLqJ4b ChMk0b\"><span class=\"goog-text-highlight\">D\u00fcnner taktischer Polymergriff\u00a0<\/span><\/span><\/span><\/li>\n<li><span class=\"VIiyi\" lang=\"fr\"><span class=\"JLqJ4b ChMk0b\"><span class=\"goog-text-highlight\">Mil-Spec-Hardware und Nylongewebe<\/span><\/span><\/span><\/li>\n<\/ul>\n<p><strong>Gr\u00f6\u00dfentabelle:\u00a0<\/strong><\/p>\n<p><img loading=\"lazy\" decoding=\"async\" class=\"alignnone size-full wp-image-79803\" src=\"https:\/\/www.dogpride.nl\/wp-content\/uploads\/verybig-5570-7.jpg\" alt=\"Maattabel\" width=\"520\" height=\"520\" srcset=\"https:\/\/dogpride.nl\/wp-content\/uploads\/verybig-5570-7.jpg 520w, https:\/\/dogpride.nl\/wp-content\/uploads\/verybig-5570-7-250x250.jpg 250w, https:\/\/dogpride.nl\/wp-content\/uploads\/verybig-5570-7-100x100.jpg 100w, https:\/\/dogpride.nl\/wp-content\/uploads\/verybig-5570-7-400x400.jpg 400w, https:\/\/dogpride.nl\/wp-content\/uploads\/verybig-5570-7-300x300.jpg 300w, https:\/\/dogpride.nl\/wp-content\/uploads\/verybig-5570-7-150x150.jpg 150w, https:\/\/dogpride.nl\/wp-content\/uploads\/verybig-5570-7-66x66.jpg 66w, https:\/\/dogpride.nl\/wp-content\/uploads\/verybig-5570-7-200x200.jpg 200w\" sizes=\"auto, (max-width: 520px) 100vw, 520px\" \/> <img loading=\"lazy\" decoding=\"async\" class=\"alignnone size-full wp-image-79802\" src=\"https:\/\/www.dogpride.nl\/wp-content\/uploads\/verybig-5570-6.jpg\" alt=\"Maattabel\" width=\"520\" height=\"520\" srcset=\"https:\/\/dogpride.nl\/wp-content\/uploads\/verybig-5570-6.jpg 520w, https:\/\/dogpride.nl\/wp-content\/uploads\/verybig-5570-6-250x250.jpg 250w, https:\/\/dogpride.nl\/wp-content\/uploads\/verybig-5570-6-100x100.jpg 100w, https:\/\/dogpride.nl\/wp-content\/uploads\/verybig-5570-6-400x400.jpg 400w, https:\/\/dogpride.nl\/wp-content\/uploads\/verybig-5570-6-300x300.jpg 300w, https:\/\/dogpride.nl\/wp-content\/uploads\/verybig-5570-6-150x150.jpg 150w, https:\/\/dogpride.nl\/wp-content\/uploads\/verybig-5570-6-66x66.jpg 66w, https:\/\/dogpride.nl\/wp-content\/uploads\/verybig-5570-6-200x200.jpg 200w\" sizes=\"auto, (max-width: 520px) 100vw, 520px\" \/><\/p>","protected":false},"excerpt":{"rendered":"<p><span class=\"VIiyi\" lang=\"fr\"><span class=\"JLqJ4b ChMk0b\">Dieses f\u00fcr eine effiziente Bewegung optimierte Geschirr verf\u00fcgt \u00fcber eine abnehmbare, gepolsterte Brustplatte und einen ergonomischen Nackengurt f\u00fcr die st\u00e4rksten Zugkr\u00e4fte.<\/span><\/span><\/p>","protected":false},"featured_media":79797,"template":"","meta":[],"product_brand":[],"product_cat":[2814],"product_tag":[],"class_list":{"0":"post-79796","1":"product","2":"type-product","3":"status-publish","4":"has-post-thumbnail","6":"product_cat-hondenharnassen","8":"first","9":"instock","10":"taxable","11":"shipping-taxable","12":"purchasable","13":"product-type-variable"},"mb":[],"mfb_rest_fields":["title"],"_links":{"self":[{"href":"https:\/\/dogpride.nl\/de\/wp-json\/wp\/v2\/product\/79796","targetHints":{"allow":["GET"]}}],"collection":[{"href":"https:\/\/dogpride.nl\/de\/wp-json\/wp\/v2\/product"}],"about":[{"href":"https:\/\/dogpride.nl\/de\/wp-json\/wp\/v2\/types\/product"}],"wp:featuredmedia":[{"embeddable":true,"href":"https:\/\/dogpride.nl\/de\/wp-json\/wp\/v2\/media\/79797"}],"wp:attachment":[{"href":"https:\/\/dogpride.nl\/de\/wp-json\/wp\/v2\/media?parent=79796"}],"wp:term":[{"taxonomy":"product_brand","embeddable":true,"href":"https:\/\/dogpride.nl\/de\/wp-json\/wp\/v2\/product_brand?post=79796"},{"taxonomy":"product_cat","embeddable":true,"href":"https:\/\/dogpride.nl\/de\/wp-json\/wp\/v2\/product_cat?post=79796"},{"taxonomy":"product_tag","embeddable":true,"href":"https:\/\/dogpride.nl\/de\/wp-json\/wp\/v2\/product_tag?post=79796"}],"curies":[{"name":"wp","href":"https:\/\/api.w.org\/{rel}","templated":true}]}}