{"id":79454,"date":"2022-01-12T12:50:05","date_gmt":"2022-01-12T11:50:05","guid":{"rendered":"https:\/\/www.dogpride.nl\/?post_type=product&#038;p=79454"},"modified":"2026-01-06T16:42:59","modified_gmt":"2026-01-06T15:42:59","slug":"dogwalk-aluminium-honden-helling","status":"publish","type":"product","link":"https:\/\/dogpride.nl\/de\/dogwalk-aluminium-honden-helling\/","title":{"rendered":"DOGWALK Aluminium Honden helling"},"content":{"rendered":"<h4>DOGWALK Aluminium Honden helling<\/h4>\n<p>DOGWALK Aluminium Honden helling.<br \/>\nMet de T\u00dcV-geteste honden helling DOGWALK is in- en uitstappen nu handiger en gewrichtsvriendelijker voor de viervoetige passagiers.<\/p>\n<p>Een\u00a0DOGWALK Aluminium Honden helling\u00a0stelt uw trouwe viervoeter in staat om elk type voertuig onafhankelijk in en uit te stappen en bespaart u als eigenaar het moeizame tillen, wat vooral handig is voor grote en zware hondenrassen.<br \/>\nOudere of gewrichtszieke honden, evenals jonge, angstige of kleine honden profiteren van de speciaal instelbare toegangshulp, omdat het uw viervoeter een gewrichtszacht en pijnvrij overwinnen van trappen, verhoogde slaapplaatsen of banken biedt.<\/p>\n<p><a href=\"https:\/\/dogpride.nl\/de\/hondenmanden\/travelmat\/\"><img loading=\"lazy\" decoding=\"async\" class=\"alignnone\" title=\"DOGWALK Aluminium Honden helling\" src=\"https:\/\/dogpride.nl\/wp-content\/uploads\/Hunderampe-dogwalk3-02.jpg\" alt=\"DOGWALK Aluminium Honden helling\" width=\"151\" height=\"113\" \/><\/a><\/p>\n<p>De DOGWALK hondenhelling behoort tot de hogere klasse van hellingen en is &#8217;s werelds eerste hondenhelling met T\u00dcV-goedkeuring.<\/p>\n<p>Het sterk gestructureerde loopvlak zorgt voor een stevige en veilige kick en biedt stabiele ondersteuning, zelfs in de regen of natte poten. De oprijplaat is gemaakt van aluminium en kunststof mix en weegt daardoor slechts zo&#8217;n 5,5 kilogram.<br \/>\nDe uitschuif- en intrek is traploos instelbaar en garandeert een eenvoudige bediening.<\/p>\n<p>Nach Gebrauch l\u00e4sst sich die Rampe einfach und schnell auf eine L\u00e4nge von maximal 73 cm zusammenschieben und ist f\u00fcr Hunde bis 85 kg geeignet.<\/p>\n<p>Dankzij het flexibele telescopische mechanisme en de traploos variabele afstelling van de hellingbaan kan de instaphoek worden aangepast aan een breed scala aan eisen.<br \/>\nSchuimkussens op de schuine contactoppervlakken voorkomen dat de oprijplaat wegglijdt. Zo wordt uw autolak of het oppervlak van uw meubels beschermd en worden tegelijkertijd krassen voorkomen.<\/p>\n<p><img loading=\"lazy\" decoding=\"async\" class=\"alignnone\" title=\"DOGWALK Aluminium Honden helling\" src=\"https:\/\/dogpride.nl\/wp-content\/uploads\/hunderampe-dogwalk-aluminium-01-150x150.jpg\" alt=\"DOGWALK Aluminium Hondenhelling\" width=\"150\" height=\"150\" \/><\/p>\n<h4>ALLE PRODUKTDETAILS<\/h4>\n<div class=\"left\">MATERIAL<\/div>\n<div class=\"right\">\n<ul>\n<li>Moderner Mix aus Aluminium und Kunststoff<\/li>\n<\/ul>\n<h4>Gr\u00f6\u00dfe<\/h4>\n<ul>\n<li>M-73cm-163cm<\/li>\n<li>L-83cm-193cm<\/li>\n<\/ul>\n<h4>WEITERE INFORMATIONEN<\/h4>\n<ul>\n<li>Hochwertige dreiteilige Teleskop-Hunderampe<\/li>\n<li>Rutschhemmung der Lauffl\u00e4che und dadurch sicherer Halt, auch bei Regen<\/li>\n<li>inkl. praktische Transporttasche<\/li>\n<li>Auflagefl\u00e4che mit Schaumstoffpolsterung gegen Verrutschen der Rampe und Kratzer an der Sto\u00dfstange<\/li>\n<li>Geeignet bis 85 kg<\/li>\n<li>Platzsparend zu verstauen<\/li>\n<li>L\u00e4nge stufenlos verstellbar<\/li>\n<\/ul>\n<h4>QUALIT\u00c4T<\/h4>\n<ul>\n<li>HERGESTELLT IN DEUTSCHLAND<\/li>\n<li>ISO 9001 gepr\u00fcfte Produktion mit T\u00dcV-Zulassung<\/li>\n<\/ul>\n<p>&nbsp;<\/p>\n<p><a href=\"https:\/\/www.mypado.de\/\" target=\"_blank\" rel=\"noopener\"><img loading=\"lazy\" decoding=\"async\" class=\"alignnone wp-image-144946 size-full\" title=\"DOGWALK Aluminium Honden helling\" src=\"https:\/\/dogpride.nl\/wp-content\/uploads\/logo-mypad-2.jpg\" alt=\"DOGWALK Aluminium Honden helling\" width=\"197\" height=\"75\" srcset=\"https:\/\/dogpride.nl\/wp-content\/uploads\/logo-mypad-2.jpg 197w, https:\/\/dogpride.nl\/wp-content\/uploads\/logo-mypad-2-18x7.jpg 18w\" sizes=\"auto, (max-width: 197px) 100vw, 197px\" \/><\/a><\/p>\n<p>&nbsp;<\/p>\n<\/div>","protected":false},"excerpt":{"rendered":"<p><strong>DOGWALK Aluminium Honden helling.<\/strong>\u00a0Eine Hunderampe erm\u00f6glicht Ihrem Vierbeiner das selbstst\u00e4ndige Ein- und Aussteigen in jedes Fahrzeug und erspart Ihnen als Besitzer m\u00fchsames Heben, was besonders bei gro\u00dfen und schweren Hunderassen von Vorteil ist.<\/p>","protected":false},"featured_media":79455,"template":"","meta":[],"product_brand":[],"product_cat":[3440],"product_tag":[5128,9004,9005,3288],"class_list":{"0":"post-79454","1":"product","2":"type-product","3":"status-publish","4":"has-post-thumbnail","6":"product_cat-travelmat","7":"product_tag-aluminium","8":"product_tag-dogwalk","9":"product_tag-helling","10":"product_tag-honden","12":"first","13":"instock","14":"taxable","15":"shipping-taxable","16":"purchasable","17":"product-type-variable"},"mb":[],"mfb_rest_fields":["title"],"_links":{"self":[{"href":"https:\/\/dogpride.nl\/de\/wp-json\/wp\/v2\/product\/79454","targetHints":{"allow":["GET"]}}],"collection":[{"href":"https:\/\/dogpride.nl\/de\/wp-json\/wp\/v2\/product"}],"about":[{"href":"https:\/\/dogpride.nl\/de\/wp-json\/wp\/v2\/types\/product"}],"wp:featuredmedia":[{"embeddable":true,"href":"https:\/\/dogpride.nl\/de\/wp-json\/wp\/v2\/media\/79455"}],"wp:attachment":[{"href":"https:\/\/dogpride.nl\/de\/wp-json\/wp\/v2\/media?parent=79454"}],"wp:term":[{"taxonomy":"product_brand","embeddable":true,"href":"https:\/\/dogpride.nl\/de\/wp-json\/wp\/v2\/product_brand?post=79454"},{"taxonomy":"product_cat","embeddable":true,"href":"https:\/\/dogpride.nl\/de\/wp-json\/wp\/v2\/product_cat?post=79454"},{"taxonomy":"product_tag","embeddable":true,"href":"https:\/\/dogpride.nl\/de\/wp-json\/wp\/v2\/product_tag?post=79454"}],"curies":[{"name":"wp","href":"https:\/\/api.w.org\/{rel}","templated":true}]}}