{"id":79392,"date":"2022-01-12T11:27:40","date_gmt":"2022-01-12T10:27:40","guid":{"rendered":"https:\/\/www.dogpride.nl\/?post_type=product&#038;p=79392"},"modified":"2025-11-26T16:15:54","modified_gmt":"2025-11-26T15:15:54","slug":"autohondenbed-travelmat-one-voorstoel","status":"publish","type":"product","link":"https:\/\/dogpride.nl\/de\/autohondenbed-travelmat-one-voorstoel\/","title":{"rendered":"Auto-Hundebett Travelmat\u00ae ONE Vordersitz"},"content":{"rendered":"<h4>Auto-Hundebett Travelmat\u00ae ONE Vordersitz<\/h4>\n<p>Auto-Hundebett Travelmat\u00ae ONE Vordersitz.<\/p>\n<p><strong>KOMFORTABEL, SICHER UND SAUBER REISEN \u2013 MIT TRAVELMAT\u00ae ONE VS<\/strong><\/p>\n<p>Sie wollen nur das Beste f\u00fcr Ihren Hund UND Ihr Auto? Wir verstehen das und sind stolz, Ihnen unsere erfolgreiche Innovation TRAVELMAT\u00ae ONE VS vorzustellen. Eine Autofahrt mit Hund war f\u00fcr Ihren Vierbeiner noch nie so angenehm und sanft. Und der Innenraum Ihres Fahrzeugs sah noch nie so gut aus!<\/p>\n<p>Nach einem verregneten Waldspaziergang im Auto? Scharfe Kurven oder abruptes Bremsen? \u00dcberall schmutzige St\u00fchle und Hundehaare? Jeder kennt die T\u00fccken der Beziehung zwischen Ihrem Vierbeiner und Ihrem Fahrzeug: Sie ist kompliziert. Mit TRAVELMAT\u00ae wird jetzt alles anders!<\/p>\n<p>Autohondenbed Travelmat\u00ae ONE voorstoel is gemaakt van een extreem vuilbestendig en gemakkelijk te reinigen leren bovenwerk. Het afneembare ligvlak van TRAVELMAT\u00ae ONE is zacht en aaibaar voor maximaal comfort.<br \/>\nFest gepolsterte, hohe Seitenkanten bieten Ihrem treuen Freund beim Fahren optimalen Halt und Schutz.<\/p>\n<p>Ausgew\u00e4hlte Teile sind gepolstert und werden durch Keder und sportlich-moderne Farbkontraste zu einem mehr als attraktiven Design-Polsterm\u00f6bel. Neben diesem optischen Hingucker ist das gesamte Material \u2013 sowohl das Kunstleder als auch die Stoffanteile \u2013 \u00e4u\u00dferst strapazierf\u00e4hig und weist eine hohe Abriebfestigkeit auf. Oder mit anderen Worten:<\/p>\n<h4>Der hochwertigste Stil trifft auf die robusteste Haltbarkeit.<\/h4>\n<p>Die angebrachte lange Steppplane sch\u00fctzt Ihren Vorder- oder R\u00fccksitz vor Schmutz und Hundehaaren. Die Befestigung erfolgt \u00fcber einen Gurt, der mittels Steckschnalle an der Kopfst\u00fctze befestigt wird.<\/p>\n<p>Het beproefde TRAVELMAT \u00ae gordelsysteem zorgt voor extra veiligheid. Met de direct ge\u00efntegreerde veiligheidsgordel voorkomt u onzorgvuldig uitspringen en zorgt u zo voor een allround veilige rit van uw hond in het voertuig. U blijft volledig flexibel in de specifieke toepassing: uw Autohondenbed Travelmat\u00ae ONE voorstoel\u00a0 incl. gordelsysteem wordt geleverd met twee sleuven in de buitenwand en de juiste gordel voor de voor- of achterbank.<\/p>\n<div class=\"content--title\">\n<h4>ALLE PRODUCTDETAILS van de Autohondenbed Travelmat\u00ae ONE voorstoel.<\/h4>\n<\/div>\n<h4 class=\"left\">MATERIAL UND PFLEGE<\/h4>\n<div class=\"right\">\n<ul>\n<li>Obere Kappe: 100% Polyester<\/li>\n<li>Oberer Bezug: 100% PU-Kunstleder<\/li>\n<li>Wasserabweisend und schmutzabweisend<\/li>\n<li>Besonders strapazierf\u00e4hig und strapazierf\u00e4hig, dennoch weich und angenehm in der Hand<\/li>\n<li>Abnehmbarer Bezug mit eingen\u00e4htem Rei\u00dfverschluss<\/li>\n<\/ul>\n<h4>F\u00dcLLUNG<\/h4>\n<ul>\n<li>Innenkissen: Standardf\u00fcllung 5 cm Vollschaum<\/li>\n<li>Rand: Vollschaum 5cm<\/li>\n<\/ul>\n<h4>BESONDERHEITEN<\/h4>\n<ul>\n<li>Umlaufende Paspelierung (Farbakzent)<\/li>\n<li>Abnehmbares Innenkissen<\/li>\n<li>Hohe Seitenkanten \u2013 Stabil gef\u00fcllt<\/li>\n<\/ul>\n<h4>LIEFERUMFANG<\/h4>\n<ul>\n<li>Reisematte\u00ae ONE<\/li>\n<li>2-teiliges Travelmat\u00ae-Gurtsystem<\/li>\n<\/ul>\n<p><strong>VERF\u00dcGBARE FARBEN:<\/strong><span id=\"farbespan\"> Tiefschwarz, Schwarzgrau, Schwarzer Sand, Kaffeeschwarz, Dunkelwei\u00df, Nougatbraun, Pfefferschwarz, Silverline-Schwarz, Braunkupfer, Silbergrau, Brauncreme, Silberkupfer<\/span><\/p>\n<h3>VERF\u00dcGBARE GR\u00d6SSEN:<\/h3>\n<ul>\n<li>M \u2013 L1 45 cm \/ T1 45 cm \/ H1 30 cm \/ L2 40 cm \/ T2 40 cm \/ H2 25 cm \/ P 45 cm<\/li>\n<li><span id=\"groessespan\">L \u2013 L1 55 cm \/ T1 55 cm \/ H1 35 cm \/ L2 50 cm \/ T2 50 cm \/ H2 30 cm \/ P 40 cm<\/span><\/li>\n<\/ul>\n<p><a href=\"https:\/\/dogpride.nl\/de\/hondenmanden\/travelmat\/\"><img loading=\"lazy\" decoding=\"async\" class=\"alignnone\" title=\"Auto-Hundebett Travelmat\u00ae ONE Vordersitz\" src=\"https:\/\/dogpride.nl\/wp-content\/uploads\/travelmat-one-vs-silvercooper-02-150x150.png\" alt=\"Autohondenbed Travelmat\u00ae ONE voorstoel\" width=\"150\" height=\"150\" \/><\/a><\/p>\n<p><a href=\"https:\/\/www.mypado.de\/\" target=\"_blank\" rel=\"noopener\"><img loading=\"lazy\" decoding=\"async\" class=\"alignnone wp-image-144946 size-full\" src=\"https:\/\/dogpride.nl\/wp-content\/uploads\/logo-mypad-2.jpg\" alt=\"\" width=\"197\" height=\"75\" srcset=\"https:\/\/dogpride.nl\/wp-content\/uploads\/logo-mypad-2.jpg 197w, https:\/\/dogpride.nl\/wp-content\/uploads\/logo-mypad-2-18x7.jpg 18w\" sizes=\"auto, (max-width: 197px) 100vw, 197px\" \/><\/a><\/p>\n<p>&nbsp;<\/p>\n<\/div>","protected":false},"excerpt":{"rendered":"<p>Een autorit met een hond is nog nooit zo comfortabel en zacht geweest voor je viervoeter. En nog nooit zag het interieur van uw voertuig er zo goed uit! Autohondenbed Travelmat\u00ae ONE voorstoel.<\/p>","protected":false},"featured_media":79434,"template":"","meta":[],"product_brand":[],"product_cat":[3440],"product_tag":[7234,3348,7620,7235,7621],"class_list":{"0":"post-79392","1":"product","2":"type-product","3":"status-publish","4":"has-post-thumbnail","6":"product_cat-travelmat","7":"product_tag-auto","8":"product_tag-hondenmand","9":"product_tag-one","10":"product_tag-travelmat","11":"product_tag-voorstoel","12":"product_shipping_class-groot-pakket","14":"first","15":"instock","16":"taxable","17":"shipping-taxable","18":"purchasable","19":"product-type-variable"},"mb":[],"mfb_rest_fields":["title"],"_links":{"self":[{"href":"https:\/\/dogpride.nl\/de\/wp-json\/wp\/v2\/product\/79392","targetHints":{"allow":["GET"]}}],"collection":[{"href":"https:\/\/dogpride.nl\/de\/wp-json\/wp\/v2\/product"}],"about":[{"href":"https:\/\/dogpride.nl\/de\/wp-json\/wp\/v2\/types\/product"}],"wp:featuredmedia":[{"embeddable":true,"href":"https:\/\/dogpride.nl\/de\/wp-json\/wp\/v2\/media\/79434"}],"wp:attachment":[{"href":"https:\/\/dogpride.nl\/de\/wp-json\/wp\/v2\/media?parent=79392"}],"wp:term":[{"taxonomy":"product_brand","embeddable":true,"href":"https:\/\/dogpride.nl\/de\/wp-json\/wp\/v2\/product_brand?post=79392"},{"taxonomy":"product_cat","embeddable":true,"href":"https:\/\/dogpride.nl\/de\/wp-json\/wp\/v2\/product_cat?post=79392"},{"taxonomy":"product_tag","embeddable":true,"href":"https:\/\/dogpride.nl\/de\/wp-json\/wp\/v2\/product_tag?post=79392"}],"curies":[{"name":"wp","href":"https:\/\/api.w.org\/{rel}","templated":true}]}}