{"id":79387,"date":"2022-01-12T10:14:45","date_gmt":"2022-01-12T09:14:45","guid":{"rendered":"https:\/\/www.dogpride.nl\/?post_type=product&#038;p=79387"},"modified":"2025-11-26T16:17:40","modified_gmt":"2025-11-26T15:17:40","slug":"hondenhek-roadmaster-deluxe","status":"publish","type":"product","link":"https:\/\/dogpride.nl\/de\/hondenhek-roadmaster-deluxe\/","title":{"rendered":"Hundegitter Roadmaster Deluxe"},"content":{"rendered":"<h4>Hundegitter Roadmaster Deluxe<\/h4>\n<p>Hundegitter Roadmaster Deluxe. Dieses Hundegitter sch\u00fctzt alle Insassen, sowohl zwei- als auch vierbeinige Passagiere.<\/p>\n<p>Ein Hundegitter sorgt daf\u00fcr, dass der Fahrer nicht durch die Tiere abgelenkt wird und verhindert, dass Vierbeiner bei einem Unfall in den Fahrgastraum katapultiert werden.<\/p>\n<p>Der aus eloxiertem Aluminium und pulverbeschichtetem Stahl gefertigte Hundetrennschutz in Erstausr\u00fcsterqualit\u00e4t sichert den Bereich zwischen der Oberseite des R\u00fccksitzes und dem Dach. Die einfache und schnelle Montage erfolgt an den Kopfst\u00fctzen mit den mitgelieferten Werkzeugen und erfordert kein Bohren von L\u00f6chern.<br \/>\nOb Flie\u00dfheck oder Kombi, das sch\u00fctzende Hundegitter passt auf fast alle Fahrzeuge mit abnehmbaren Kopfst\u00fctzen. Hierzu sind die Querfedern stufenlos in der Breite verstellbar und der Neigungswinkel an den Kopfst\u00fctzen l\u00e4sst sich drehen.<\/p>\n<p>Der Roadmaster Deluxe ist mit einem Schnellspannsystem ausgestattet und l\u00e4sst sich in Sekundenschnelle ohne Werkzeug zerlegen bzw. montieren.<br \/>\nDabei gilt: Zum Ausbau die vier Spanner l\u00f6sen und das Gitter abnehmen. Zum erneuten Anbringen schieben Sie das Gitter auf die Kopfst\u00fctzenhalterung und klemmen die Spanner wieder fest. Fertig.<\/p>\n<div class=\"content--title\">\n<h4>ALLE PRODUKTDETAILS<\/h4>\n<\/div>\n<div class=\"left\"><img decoding=\"async\" src=\"https:\/\/www.mypado.de\/media\/image\/c0\/05\/f4\/roadmaster-datenblatt-2.png\" \/><\/div>\n<div class=\"right\">\n<h4>GEWICHT<\/h4>\n<ul>\n<li>2 Kilogramm<\/li>\n<\/ul>\n<h4>MATERIAL<\/h4>\n<ul>\n<li>Eloxiertes Aluminium<\/li>\n<li>Pulverbeschichteter Stahl<\/li>\n<li>Hergestellt in einem nach ISO 9001 zertifizierten Unternehmen<\/li>\n<\/ul>\n<h4>WEITERE INFORMATIONEN<\/h4>\n<ul>\n<li>Ohne Bohren inkl. Werkzeug<\/li>\n<li>Unendlich erweiterbar<\/li>\n<li>Einstellbare Gr\u00f6\u00dfe<\/li>\n<li>Neigungswinkel einstellbar<\/li>\n<li>Der Abstand zwischen den inneren Kopfst\u00fctzen darf 65 cm nicht \u00fcberschreiten<\/li>\n<li>95cm (max. Breite 145cm) x 25cm (BxH)<\/li>\n<\/ul>\n<\/div>\n<p><a href=\"https:\/\/dogpride.nl\/de\/hondenmanden\/travelmat\/\"><img loading=\"lazy\" decoding=\"async\" class=\"alignnone\" title=\"Hundegitter Roadmaster Deluxe\" src=\"https:\/\/dogpride.nl\/wp-content\/uploads\/roadmaster_deluxe_03.jpg\" alt=\"Hondenhek Roadmaster Deluxe\" width=\"198\" height=\"149\" \/><\/a><\/p>\n<p><a href=\"https:\/\/www.mypado.de\/\" target=\"_blank\" rel=\"noopener\"><img loading=\"lazy\" decoding=\"async\" class=\"alignnone wp-image-144946 size-full\" src=\"https:\/\/dogpride.nl\/wp-content\/uploads\/logo-mypad-2.jpg\" alt=\"\" width=\"197\" height=\"75\" srcset=\"https:\/\/dogpride.nl\/wp-content\/uploads\/logo-mypad-2.jpg 197w, https:\/\/dogpride.nl\/wp-content\/uploads\/logo-mypad-2-18x7.jpg 18w\" sizes=\"auto, (max-width: 197px) 100vw, 197px\" \/><\/a><\/p>","protected":false},"excerpt":{"rendered":"<p>Ein Hundegitter sorgt daf\u00fcr, dass der Fahrer nicht durch die Tiere abgelenkt wird und verhindert, dass Vierbeiner bei einem Unfall in den Fahrgastraum katapultiert werden.<\/p>","protected":false},"featured_media":79388,"template":"","meta":[],"product_brand":[],"product_cat":[3440],"product_tag":[],"class_list":{"0":"post-79387","1":"product","2":"type-product","3":"status-publish","4":"has-post-thumbnail","6":"product_cat-travelmat","8":"first","9":"instock","10":"taxable","11":"shipping-taxable","12":"purchasable","13":"product-type-simple"},"mb":[],"mfb_rest_fields":["title"],"_links":{"self":[{"href":"https:\/\/dogpride.nl\/de\/wp-json\/wp\/v2\/product\/79387","targetHints":{"allow":["GET"]}}],"collection":[{"href":"https:\/\/dogpride.nl\/de\/wp-json\/wp\/v2\/product"}],"about":[{"href":"https:\/\/dogpride.nl\/de\/wp-json\/wp\/v2\/types\/product"}],"wp:featuredmedia":[{"embeddable":true,"href":"https:\/\/dogpride.nl\/de\/wp-json\/wp\/v2\/media\/79388"}],"wp:attachment":[{"href":"https:\/\/dogpride.nl\/de\/wp-json\/wp\/v2\/media?parent=79387"}],"wp:term":[{"taxonomy":"product_brand","embeddable":true,"href":"https:\/\/dogpride.nl\/de\/wp-json\/wp\/v2\/product_brand?post=79387"},{"taxonomy":"product_cat","embeddable":true,"href":"https:\/\/dogpride.nl\/de\/wp-json\/wp\/v2\/product_cat?post=79387"},{"taxonomy":"product_tag","embeddable":true,"href":"https:\/\/dogpride.nl\/de\/wp-json\/wp\/v2\/product_tag?post=79387"}],"curies":[{"name":"wp","href":"https:\/\/api.w.org\/{rel}","templated":true}]}}