{"id":79370,"date":"2022-01-12T09:06:39","date_gmt":"2022-01-12T08:06:39","guid":{"rendered":"https:\/\/www.dogpride.nl\/?post_type=product&#038;p=79370"},"modified":"2025-11-26T16:19:11","modified_gmt":"2025-11-26T15:19:11","slug":"auto-hondenbed-travelmat-duo-plus","status":"publish","type":"product","link":"https:\/\/dogpride.nl\/de\/auto-hondenbed-travelmat-duo-plus\/","title":{"rendered":"Auto hondenbed Travelmat Duo-Plus"},"content":{"rendered":"<h4>Auto hondenbed Travelmat Duo-Plus<\/h4>\n<p>Auto hondenbed Travelmat Duo-Plus.<\/p>\n<div class=\"ea-tab-text-container\">\n<p>Reis comfortabel, veilig en schoon \u2013 met Travelmat.<\/p>\n<\/div>\n<div class=\"clear\"><strong>Perfekt f\u00fcr unterwegs<\/strong><\/div>\n<div class=\"ea-tab-text-container ea-text\">\n<div class=\"div_content\">\n<div class=\"beschreibung_spalte1\">Na een regenachtige wandeling in het bos in de auto? Scherpe bochten of abrupt remmen? Krassen op de bumper en hondenhaar overal?<br \/>\nIedereen kent de eigenaardigheden van de relatie tussen je trouwe viervoeter en je voertuig: het is ingewikkeld. Met Travelmat \u00ae zal alles nu anders zijn! Maximaal\u00a0<strong>Komfort<\/strong><\/p>\n<h4><strong>Auto hondenbed Travelmat Duo-Plus is gemaakt van een extreem vuilbestendig en gemakkelijk te reinigen bovenwerk van kunstleer.<\/strong><\/h4>\n<p><a href=\"https:\/\/dogpride.nl\/de\/hondenmanden\/travelmat\/\"><img loading=\"lazy\" decoding=\"async\" class=\"alignnone\" title=\"Auto-Hundebett Travelmat\u00ae Duo-Plus \" src=\"https:\/\/dogpride.nl\/wp-content\/uploads\/travelmat-duo-plus-silverlineblack-01PsiAB76xOujvY-150x150.png\" alt=\"Auto hondenbed Travelmat\u00ae Duo-Plus \" width=\"150\" height=\"150\" \/><\/a><\/p>\n<\/div>\n<div class=\"beschreibung_spalte1\">Het afneembare ligvlak van Travelmat \u00ae is zacht en aaibaar voor maximaal comfort. Stevig gewatteerde hoge zijranden bieden optimale ondersteuning en bescherming voor uw trouwe vriend tijdens het rijden.<\/div>\n<div>Het hoogtepunt van het geheel is echter het aangesloten, ongeveer 60 centimeter lange gewatteerde bumperbeschermer. Het is een toegangshulpmiddel voor uw hond en bumperkrasbescherming voor uw voertuig tegelijkertijd.<br \/>\nVuil en hondenhaar komen \u00ae op de Travelmat terecht en niet in je auto. Dit maakt honden comfortabel en veilig in de auto \u2013 voor alle betrokkenen!<\/div>\n<div>genau <strong>passend <\/strong>Travelmat\u00ae duo Plus ist standardm\u00e4\u00dfig in den Farben Pepper Black, Jet Black, Black Snow, Silverline Black, Navy Black und Mystic Light Cream erh\u00e4ltlich und wird in K\u00fcrze auch als Standardgr\u00f6\u00dfe in den Gr\u00f6\u00dfen 90\u00d770, 100\u00d780 und 110 erh\u00e4ltlich sein \u00d790 cm.<\/div>\n<div><\/div>\n<div>Voor productie volgens uw wensen kunt u gewoon contact met ons opnemen. Wij bepalen kosteloos de afmetingen van uw voertuig en stellen het model online beschikbaar.<\/div>\n<div>\n<h4><strong>Auto hondenbed Travelmat Duo-Plus <\/strong>past op bijna elk hondenras, voertuiggrootte en interieurontwerp.<\/h4>\n<h4><strong>Optional:<\/strong><\/h4>\n<\/div>\n<\/div>\n<\/div>\n<div>Bei der F\u00fcllung der Liegefl\u00e4che k\u00f6nnen Sie zwischen der Standardf\u00fcllung aus Kaltschaum oder einer F\u00fcllung aus viskoelastischem Schaumstoff f\u00fcr eine orthop\u00e4dische Liegefl\u00e4che w\u00e4hlen.<br \/>\nViskoelastische Schaumtechnologie: Viscoschaum bildet keinen aktiven Gegendruck.<br \/>\nUm die wichtige St\u00fctzkraft f\u00fcr den K\u00f6rper zu erzeugen, wird der Viscoschaum mit einer Kaltschaummatratze verschwei\u00dft. Der Kern der Liegefl\u00e4che besteht aus 2 cm dickem Schaumstoff (RG30) und einem 3 cm dicken viskoelastischen Schaumstoff (RG50). Die Gesamth\u00f6he betr\u00e4gt 5 cm.<\/div>\n<h4><strong>Viskoelastischer Schaum \u2013 Vorteile:<\/strong><\/h4>\n<div>\n<ul>\n<li>Beim Zusammenklappen des K\u00f6rpers passt sich der z\u00e4hfl\u00fcssige Schaum individuell an und entlastet Druckstellen auf ein Minimum<\/li>\n<li>Mehr Komfort durch gezielte Entlastung druckempfindlicher K\u00f6rperbereiche<\/li>\n<li>Schmerzlinderung durch pr\u00e4zise Druckentlastung<\/li>\n<li>Vorbeugung von Arthrose, Gelenkerkrankungen oder Rheuma<\/li>\n<li>Empfohlen nach Operationen, sehr gut geeignet f\u00fcr \u00fcbergewichtige \u00e4ltere Hunde<\/li>\n<\/ul>\n<\/div>\n<h4><strong>Alles auf einen Blick<\/strong><\/h4>\n<div class=\"ea-tab-text-container ea-text\">\n<div class=\"div_content\">\n<ul>\n<li>Oberer Bezug: 100% PU-Kunstleder, Unterseite: 100% PU-Kunstleder<\/li>\n<li>Besonders verschlei\u00dffest und verschlei\u00dffest<\/li>\n<li>Wasserabweisend und schmutzabweisend<\/li>\n<li>Innenkissenf\u00fcllung: Standardf\u00fcllung aus festem Kaltschaum (5 cm dick)<\/li>\n<li>F\u00fcllung Seitenr\u00e4nder: Kaltschaum (5 cm dick)<\/li>\n<li>Schnelle und einfache Reinigung mit einem feuchten Tuch \u2013 auch bei starker Verschmutzung!<\/li>\n<li>Abnehmbares Innenkissen<\/li>\n<li>Seitenkanten f\u00fcr eine sichere und komfortable Fahrt<\/li>\n<li>60 cm langer Ladekantenschutz f\u00fcr leichteren Einstieg und Kratz- und Schmutzschutz f\u00fcr das Fahrzeugheck und den Kofferraum<\/li>\n<\/ul>\n<h4><strong>Gr\u00f6\u00dfen:<\/strong><\/h4>\n<ul>\n<li>S \u2013 90x70x40 cm (Breite x Tiefe x H\u00f6he)<\/li>\n<li>M \u2013 100x80x40 cm (Breite x Tiefe x H\u00f6he)<\/li>\n<li>L \u2013 110x90x40 cm (Breite x Tiefe x H\u00f6he)<\/li>\n<\/ul>\n<\/div>\n<\/div>\n<p><a href=\"https:\/\/dogpride.nl\/de\/hondenmanden\/travelmat\/\"><img loading=\"lazy\" decoding=\"async\" class=\"alignnone\" title=\"Auto-Hundebett Travelmat\u00ae Duo-Plus \" src=\"https:\/\/dogpride.nl\/wp-content\/uploads\/travelmat-duo-plus-silverlineblack-01PsiAB76xOujvY-150x150.png\" alt=\"Auto hondenbed Travelmat\u00ae Duo-Plus \" width=\"150\" height=\"150\" \/><\/a><\/p>\n<p><a href=\"https:\/\/www.mypado.de\/\" target=\"_blank\" rel=\"noopener\"><img loading=\"lazy\" decoding=\"async\" class=\"alignnone wp-image-144946 size-full\" src=\"https:\/\/dogpride.nl\/wp-content\/uploads\/logo-mypad-2.jpg\" alt=\"\" width=\"197\" height=\"75\" srcset=\"https:\/\/dogpride.nl\/wp-content\/uploads\/logo-mypad-2.jpg 197w, https:\/\/dogpride.nl\/wp-content\/uploads\/logo-mypad-2-18x7.jpg 18w\" sizes=\"auto, (max-width: 197px) 100vw, 197px\" \/><\/a><\/p>","protected":false},"excerpt":{"rendered":"<p>Travelmat is gemaakt van een extreem vuilbestendig en gemakkelijk te reinigen bovenwerk van kunstleer. Het afneembare ligvlak van Travelmat is zacht en aaibaar voor maximaal comfort.<\/p>","protected":false},"featured_media":79371,"template":"","meta":[],"product_brand":[],"product_cat":[3440],"product_tag":[7771,7772,7235],"class_list":{"0":"post-79370","1":"product","2":"type-product","3":"status-publish","4":"has-post-thumbnail","6":"product_cat-travelmat","7":"product_tag-auto-hondenbed","8":"product_tag-duo-plus","9":"product_tag-travelmat","10":"product_shipping_class-groot-pakket","12":"first","13":"instock","14":"taxable","15":"shipping-taxable","16":"purchasable","17":"product-type-variable"},"mb":[],"mfb_rest_fields":["title"],"_links":{"self":[{"href":"https:\/\/dogpride.nl\/de\/wp-json\/wp\/v2\/product\/79370","targetHints":{"allow":["GET"]}}],"collection":[{"href":"https:\/\/dogpride.nl\/de\/wp-json\/wp\/v2\/product"}],"about":[{"href":"https:\/\/dogpride.nl\/de\/wp-json\/wp\/v2\/types\/product"}],"wp:featuredmedia":[{"embeddable":true,"href":"https:\/\/dogpride.nl\/de\/wp-json\/wp\/v2\/media\/79371"}],"wp:attachment":[{"href":"https:\/\/dogpride.nl\/de\/wp-json\/wp\/v2\/media?parent=79370"}],"wp:term":[{"taxonomy":"product_brand","embeddable":true,"href":"https:\/\/dogpride.nl\/de\/wp-json\/wp\/v2\/product_brand?post=79370"},{"taxonomy":"product_cat","embeddable":true,"href":"https:\/\/dogpride.nl\/de\/wp-json\/wp\/v2\/product_cat?post=79370"},{"taxonomy":"product_tag","embeddable":true,"href":"https:\/\/dogpride.nl\/de\/wp-json\/wp\/v2\/product_tag?post=79370"}],"curies":[{"name":"wp","href":"https:\/\/api.w.org\/{rel}","templated":true}]}}