{"id":79356,"date":"2022-01-12T08:41:01","date_gmt":"2022-01-12T07:41:01","guid":{"rendered":"https:\/\/www.dogpride.nl\/?post_type=product&#038;p=79356"},"modified":"2025-11-26T16:20:33","modified_gmt":"2025-11-26T15:20:33","slug":"auto-hondenmand-travelmat-city","status":"publish","type":"product","link":"https:\/\/dogpride.nl\/de\/auto-hondenmand-travelmat-city\/","title":{"rendered":"Auto hondenmand Travelmat City"},"content":{"rendered":"<h4>Auto hondenmand Travelmat City<\/h4>\n<p>Auto hondenmand Travelmat City.<\/p>\n<div class=\"ea-tab-text-container\">\n<p>Hund im Auto? Travelmat\u00ae!<\/p>\n<\/div>\n<div class=\"ea-tab-text-container ea-text\">\n<div class=\"div_content\">\n<div class=\"beschreibung_spalte1\"><strong>Perfekt f\u00fcr unterwegs<\/strong><br \/>\nNa een regenachtige wandeling in het bos in de auto? Scherpe bochten of abrupt remmen? Krassen op de bumper en hondenhaar overal? Iedereen kent de eigenaardigheden van de relatie tussen je trouwe viervoeter en je voertuig: het is ingewikkeld.<br \/>\nMet Travelmat \u00ae zal alles nu anders zijn! Maximaal\u00a0<strong>comfort.<\/strong><\/div>\n<div><\/div>\n<div class=\"beschreibung_spalte1\">\n<h4>Auto hondenmand Travelmat City is gemaakt van een extreem vuilbestendig en gemakkelijk te reinigen bovenwerk van kunstleer. Het stevig gewatteerde ligvlak van Travelmat \u00ae is zacht en aaibaar voor maximaal comfort. Allround <strong>Schutz<\/strong><\/h4>\n<\/div>\n<div class=\"beschreibung_spalte1\">Het hoogtepunt van het geheel is echter het aangesloten, ongeveer 60 centimeter lange gewatteerde bumperbeschermer. Het is een toegangshulpmiddel voor uw hond en bumperkrasbescherming voor uw voertuig tegelijkertijd.<br \/>\nVuil en hondenhaar komen \u00ae op de Travelmat terecht en niet in je auto. Dit maakt honden comfortabel en veilig in de auto \u2013 voor alle betrokkenen!<\/div>\n<div><\/div>\n<div class=\"beschreibung_spalte1\">genau <strong>passend <\/strong>Travelmat \u00ae is standaard verkrijgbaar in vijf verschillende kleuren &#8211; zwart, grijs, bruin, rood, wit en cr\u00e8me &#8211; en in verschillende maten van 90&#215;70 cm tot 110&#215;90 cm.<br \/>\nAls geen van de standaardmaten en kleuren geschikt is, produceren wij graag uw Travelmat \u00ae City op maat en in de door u gewenste kleur.<br \/>\nGebruik gewoon onze productconfigurator. Travelmat \u00ae past bij bijna elk hondenras, voertuiggrootte en interieurontwerp.<\/div>\n<div><strong><a href=\"https:\/\/dogpride.nl\/de\/hondenmanden\/travelmat\/\"><img loading=\"lazy\" decoding=\"async\" class=\"alignnone\" title=\"Auto hondenmand Travelmat\u00ae City\" src=\"https:\/\/dogpride.nl\/wp-content\/uploads\/travelmat-autohundebett-kunstleder-schwarz-01-150x150.jpg\" alt=\"Auto hondenmand Travelmat\u00ae City\" width=\"150\" height=\"150\" \/><\/a><br \/>\nOptional:<\/strong><\/div>\n<\/div>\n<div>Bei der F\u00fcllung der Liegefl\u00e4che k\u00f6nnen Sie zwischen der Standardf\u00fcllung aus Kaltschaum oder einer F\u00fcllung aus viskoelastischem Schaumstoff f\u00fcr eine orthop\u00e4dische Liegefl\u00e4che w\u00e4hlen.<br \/>\nViskoelastische Schaumtechnologie: Viscoschaum bildet keinen aktiven Gegendruck.<br \/>\nOm de belangrijke steunkracht voor het lichaam te cre\u00ebren, wordt het viscoschuim gelast met een koudschuimmatras.<br \/>\nDe kern van het ligvlak bestaat uit 2 cm dik schuim (RG30) en een 3 cm dik visco-elastisch schuim (RG50). De totale hoogte is 5 cm.<\/div>\n<div>\n<h4 class=\"\" data-fontsize=\"24\" data-lineheight=\"24px\"><strong>Viskoelastischer Schaum \u2013 Vorteile:<\/strong><\/h4>\n<ul>\n<li>Beim Zusammenklappen des K\u00f6rpers passt sich der z\u00e4hfl\u00fcssige Schaum individuell an und entlastet Druckstellen auf ein Minimum<\/li>\n<li>Mehr Komfort durch gezielte Entlastung druckempfindlicher K\u00f6rperbereiche<\/li>\n<li>Schmerzlinderung durch pr\u00e4zise Druckentlastung<\/li>\n<li>Vorbeugung von Arthrose, Gelenkerkrankungen oder Rheuma<\/li>\n<li>Empfohlen nach Operationen, sehr gut geeignet f\u00fcr \u00fcbergewichtige \u00e4ltere Hunde<\/li>\n<\/ul>\n<div class=\"div_content\">\n<div class=\"beschreibung_spalte1\">\n<h3><strong>Material:<\/strong><\/h3>\n<ul>\n<li>Oberer Bezug: 100% PU-Kunstleder<\/li>\n<li>Lederoptik durch leichte Narbung<\/li>\n<li>Besonders verschlei\u00dffest und verschlei\u00dffest<\/li>\n<li>Wasserabweisend und schmutzabweisend<\/li>\n<\/ul>\n<\/div>\n<div class=\"beschreibung_spalte2\">\n<p><strong>F\u00fcllung:<\/strong><\/p>\n<ul>\n<li>Innenkissen: Standard-Kaltschaumf\u00fcllung (5 cm dick)<\/li>\n<li>Alle F\u00fcllmaterialien werden in Deutschland hergestellt<\/li>\n<\/ul>\n<\/div>\n<p><strong>Reinigung:<\/strong><\/p>\n<\/div>\n<div class=\"div_content\">\n<div class=\"beschreibung_spalte1\">\n<ul>\n<li>Schnelle und einfache Reinigung mit einem feuchten Tuch \u2013 auch bei starker Verschmutzung!<\/li>\n<\/ul>\n<\/div>\n<div class=\"beschreibung_spalte2\">\n<p><strong>Bijzonderheden van de Auto hondenmand Travelmat City:<\/strong><\/p>\n<ul>\n<li>St\u00fctzende und stabile Liegefl\u00e4che, geeignet f\u00fcr leichte und schwere Vierbeiner<\/li>\n<li>Langer Ladekantenschutz f\u00fcr leichteren Einstieg und Kratz- und Schmutzschutz f\u00fcr Fahrzeugheck und Kofferraum<\/li>\n<\/ul>\n<div class=\"ea-tab-text-container\">\n<p><strong>Gr\u00f6\u00dfentabelle (in cm)<\/strong><\/p>\n<ul>\n<li><strong>S \u2013 Au\u00dfengr\u00f6\u00dfe<\/strong>\u00a090x70x5x60 (BxTxHxP)<\/li>\n<li><strong>M \u2013 Au\u00dfengr\u00f6\u00dfe<\/strong>\u00a0100x80x5x60 (BxTxHxP)<\/li>\n<li><strong>L \u2013 Au\u00dfengr\u00f6\u00dfe<\/strong>\u00a0110x90x5x60 (BxTxHxP)<\/li>\n<\/ul>\n<p>&nbsp;<\/p>\n<\/div>\n<p><a href=\"https:\/\/www.mypado.de\/\" target=\"_blank\" rel=\"noopener\"><img loading=\"lazy\" decoding=\"async\" class=\"alignnone wp-image-144946 size-full\" src=\"https:\/\/dogpride.nl\/wp-content\/uploads\/logo-mypad-2.jpg\" alt=\"\" width=\"197\" height=\"75\" srcset=\"https:\/\/dogpride.nl\/wp-content\/uploads\/logo-mypad-2.jpg 197w, https:\/\/dogpride.nl\/wp-content\/uploads\/logo-mypad-2-18x7.jpg 18w\" sizes=\"auto, (max-width: 197px) 100vw, 197px\" \/><\/a><\/p>\n<div class=\"ea-tab-text-container ea-text\">\n<div class=\"div_content\">\n<div class=\"beschreibung_spalte2\">\n<p>&nbsp;<\/p>\n<p><a href=\"https:\/\/dogpride.nl\/de\/hondenmanden\/travelmat\/\"><img loading=\"lazy\" decoding=\"async\" class=\"alignnone\" title=\"Auto hondenmand Travelmat\u00ae City\" src=\"https:\/\/dogpride.nl\/wp-content\/uploads\/travelmat-autohundebett-kunstleder-schwarz-01-150x150.jpg\" alt=\"Auto hondenmand Travelmat\u00ae City\" width=\"150\" height=\"150\" \/><\/a><\/p>\n<\/div>\n<\/div>\n<\/div>\n<\/div>\n<\/div>\n<\/div>\n<\/div>","protected":false},"excerpt":{"rendered":"<p>Travelmat\u00ae besteht aus einem \u00e4u\u00dferst schmutzabweisenden und leicht zu reinigenden Obermaterial aus Kunstleder. Die fest gepolsterte Travelmat\u00ae-Liegefl\u00e4che ist weich und anschmiegsam f\u00fcr maximalen Komfort.<\/p>","protected":false},"featured_media":79357,"template":"","meta":[],"product_brand":[],"product_cat":[3440],"product_tag":[7234,7237,3058,3348,7236,7235],"class_list":{"0":"post-79356","1":"product","2":"type-product","3":"status-publish","4":"has-post-thumbnail","6":"product_cat-travelmat","7":"product_tag-auto","8":"product_tag-autohondenmand","9":"product_tag-city","10":"product_tag-hondenmand","11":"product_tag-reishondenmand","12":"product_tag-travelmat","13":"product_shipping_class-groot-pakket","15":"first","16":"instock","17":"taxable","18":"shipping-taxable","19":"purchasable","20":"product-type-variable"},"mb":[],"mfb_rest_fields":["title"],"_links":{"self":[{"href":"https:\/\/dogpride.nl\/de\/wp-json\/wp\/v2\/product\/79356","targetHints":{"allow":["GET"]}}],"collection":[{"href":"https:\/\/dogpride.nl\/de\/wp-json\/wp\/v2\/product"}],"about":[{"href":"https:\/\/dogpride.nl\/de\/wp-json\/wp\/v2\/types\/product"}],"wp:featuredmedia":[{"embeddable":true,"href":"https:\/\/dogpride.nl\/de\/wp-json\/wp\/v2\/media\/79357"}],"wp:attachment":[{"href":"https:\/\/dogpride.nl\/de\/wp-json\/wp\/v2\/media?parent=79356"}],"wp:term":[{"taxonomy":"product_brand","embeddable":true,"href":"https:\/\/dogpride.nl\/de\/wp-json\/wp\/v2\/product_brand?post=79356"},{"taxonomy":"product_cat","embeddable":true,"href":"https:\/\/dogpride.nl\/de\/wp-json\/wp\/v2\/product_cat?post=79356"},{"taxonomy":"product_tag","embeddable":true,"href":"https:\/\/dogpride.nl\/de\/wp-json\/wp\/v2\/product_tag?post=79356"}],"curies":[{"name":"wp","href":"https:\/\/api.w.org\/{rel}","templated":true}]}}