{"id":79327,"date":"2022-01-12T07:31:19","date_gmt":"2022-01-12T06:31:19","guid":{"rendered":"https:\/\/www.dogpride.nl\/?post_type=product&#038;p=79327"},"modified":"2025-11-26T16:23:25","modified_gmt":"2025-11-26T15:23:25","slug":"auto-hondenbed-travelmat-plus","status":"publish","type":"product","link":"https:\/\/dogpride.nl\/de\/auto-hondenbed-travelmat-plus\/","title":{"rendered":"Auto hondenbed Travelmat Plus"},"content":{"rendered":"<h4 class=\"product--title\">Auto hondenbed Travelmat Plus<\/h4>\n<p class=\"product--title\">Auto hondenbed Travelmat Plus.<\/p>\n<div class=\"ea-tab-text-container\">\n<p><strong>Reis comfortabel, veilig en schoon \u2013 met Travelmat.<\/strong><\/p>\n<\/div>\n<div class=\"ea-tab-text-container ea-text\">\n<div class=\"div_content\">\n<div class=\"beschreibung_spalte1\"><strong>Perfekt f\u00fcr unterwegs <\/strong><\/div>\n<div class=\"beschreibung_spalte1\">Na een regenachtige wandeling in het bos in de auto? Scherpe bochten of abrupt remmen? Krassen op de bumper en hondenhaar overal?<br \/>\nIedereen kent de eigenaardigheden van de relatie tussen je trouwe viervoeter en je voertuig: het is ingewikkeld. Met Travelmat \u00ae zal alles nu anders zijn! Maximaal\u00a0<strong>Komfort<\/strong><\/p>\n<p class=\"product--title\">Auto hondenbed Travelmat Plus is gemaakt van een extreem vuilbestendig en gemakkelijk te reinigen bovenwerk van kunstleer. Het afneembare ligvlak van Travelmat \u00ae is zacht en aaibaar voor maximaal comfort.<\/p>\n<p>Stevig gewatteerde hoge zijranden bieden optimale ondersteuning en bescherming voor uw trouwe vriend tijdens het rijden. Allround\u00a0<strong>Schutz<\/strong><\/div>\n<\/div>\n<\/div>\n<div><\/div>\n<div><a href=\"https:\/\/dogpride.nl\/de\/hondenmanden\/travelmat\/\"><img loading=\"lazy\" decoding=\"async\" class=\"alignnone\" title=\"Auto-Hundebett Travelmat\u00ae Plus \" src=\"https:\/\/dogpride.nl\/wp-content\/uploads\/travelmat-plus-kunstleder-grau-01.jpg\" alt=\"Auto hondenbed Travelmat\u00ae Plus \" width=\"280\" height=\"210\" \/><\/a><\/div>\n<div class=\"ea-tab-text-container ea-text\">\n<div class=\"div_content\">\n<div><\/div>\n<div class=\"beschreibung_spalte1\">Het hoogtepunt van het geheel is echter het aangesloten, ongeveer 60 centimeter lange gewatteerde bumperbescherming. Het is een toegangshulpmiddel voor uw hond en bumperkrasbescherming voor uw voertuig tegelijkertijd.<br \/>\nVuil en hondenhaar komen \u00ae op de Travelmat terecht en niet in je auto. Dit maakt honden comfortabel en veilig in de auto \u2013 voor alle betrokkenen!<br \/>\nPerfekt <strong>geeignet <\/strong>Travelmat \u00ae ist standardm\u00e4\u00dfig in drei verschiedenen Farben \u2013 Schwarz, Grau und Creme \u2013 und in verschiedenen Gr\u00f6\u00dfen von 90\u00d770 cm bis 110\u00d790 cm erh\u00e4ltlich.<br \/>\nAls geen van de standaardmaten en kleuren geschikt is, produceren wij graag uw Travelmat \u00ae op maat en in de door u gewenste kleur. Auto hondenbed Travelmat Plus past bij bijna elk hondenras, voertuiggrootte en interieurontwerp.<\/div>\n<div><\/div>\n<\/div>\n<\/div>\n<div><strong>Optional:<\/strong><br \/>\nBei der F\u00fcllung der Liegefl\u00e4che k\u00f6nnen Sie zwischen der Standardf\u00fcllung aus Kaltschaum oder einer F\u00fcllung aus viskoelastischem Schaumstoff f\u00fcr eine orthop\u00e4dische Liegefl\u00e4che w\u00e4hlen.<br \/>\nViskoelastische Schaumtechnologie: Viscoschaum bildet keinen aktiven Gegendruck.<br \/>\nUm die wichtige St\u00fctzkraft f\u00fcr den K\u00f6rper zu erzeugen, wird der Viscoschaum mit einer Kaltschaummatratze verschwei\u00dft. Der Kern der Liegefl\u00e4che besteht aus 2 cm dickem Schaumstoff (RG30) und einem 3 cm dicken viskoelastischen Schaumstoff (RG50). Die Gesamth\u00f6he betr\u00e4gt 5 cm.<\/div>\n<div><a href=\"https:\/\/dogpride.nl\/de\/hondenmanden\/travelmat\/\"><img loading=\"lazy\" decoding=\"async\" class=\"alignnone\" title=\"Auto-Hundebett Travelmat\u00ae Plus \" src=\"https:\/\/dogpride.nl\/wp-content\/uploads\/travelmat-plus-kunstleder-grau-01.jpg\" alt=\"Auto hondenbed Travelmat\u00ae Plus \" width=\"280\" height=\"210\" \/><\/a><\/div>\n<h4><strong>Viskoelastischer Schaum \u2013 Vorteile:<\/strong><\/h4>\n<div>\n<ul>\n<li>Beim Zusammenklappen des K\u00f6rpers passt sich der z\u00e4hfl\u00fcssige Schaum individuell an und entlastet Druckstellen auf ein Minimum<\/li>\n<li>Mehr Komfort durch gezielte Entlastung druckempfindlicher K\u00f6rperbereiche<\/li>\n<li>Schmerzlinderung durch pr\u00e4zise Druckentlastung<\/li>\n<li>Vorbeugung von Arthrose, Gelenkerkrankungen oder Rheuma<\/li>\n<li>Empfohlen nach Operationen, sehr gut geeignet f\u00fcr \u00fcbergewichtige \u00e4ltere Hunde<\/li>\n<\/ul>\n<\/div>\n<div><strong>Material:<\/strong><\/div>\n<div class=\"ea-tab-text-container ea-text\">\n<div class=\"div_content\">\n<div class=\"beschreibung_spalte1\">\n<ul>\n<li>Oberer Bezug: 100% PU-Kunstleder, unterer Bezug: 100% Polyacryl<\/li>\n<li>Lederoptik durch leichte Narbung<\/li>\n<li>Besonders verschlei\u00dffest und verschlei\u00dffest<\/li>\n<li>Wasserabweisend und schmutzabweisend<\/li>\n<\/ul>\n<\/div>\n<div class=\"beschreibung_spalte2\">\n<p><strong>F\u00fcllung:<\/strong><\/p>\n<ul>\n<li>Innenkissen: Standardf\u00fcllung aus festem Kaltschaum (5 cm dick)<\/li>\n<li>Seitenkanten: Kaltschaum (5 cm dick)<\/li>\n<li>Alle F\u00fcllmaterialien werden in Deutschland hergestellt<\/li>\n<\/ul>\n<\/div>\n<p><strong>Reinigung:<\/strong><\/p>\n<\/div>\n<div class=\"div_content\">\n<div class=\"beschreibung_spalte1\">\n<ul>\n<li>Schnelle und einfache Reinigung mit einem feuchten Tuch \u2013 auch bei starker Verschmutzung!<\/li>\n<li>Abnehmbares Innenkissen<\/li>\n<\/ul>\n<\/div>\n<div class=\"beschreibung_spalte2\">\n<p><strong>Bijzonderheden van de Auto hondenbed Travelmat Plus :<\/strong><\/p>\n<ul>\n<li>St\u00fctzende und stabile Liegefl\u00e4che, geeignet f\u00fcr leichte und schwere Vierbeiner<\/li>\n<li>Hohe Seitenkanten f\u00fcr eine sichere Fahrt<\/li>\n<li>Langer Ladekantenschutz f\u00fcr leichteren Einstieg und Kratz- und Schmutzschutz f\u00fcr Fahrzeugheck und Kofferraum<\/li>\n<li>Liegefl\u00e4che frei w\u00e4hlbar<\/li>\n<\/ul>\n<h4 class=\"ea-tab-text-container\">Gr\u00f6\u00dfentabelle (in cm)<\/h4>\n<div class=\"ea-tab-text-container ea-text\">\n<div class=\"div_content\">\n<div class=\"beschreibung_spalte1\">\n<ul>\n<li><strong>M \u2013 Au\u00dfengr\u00f6\u00dfe<\/strong> 90x70x40, nstaphoogte 15 cm, Binnenmaat 80x60x7 (BxT1xH1)<\/li>\n<li><strong>L \u2013 Au\u00dfengr\u00f6\u00dfe<\/strong> 100x80x40, Instaphoogte 15 cm, Binnenmaat 90x70x7 (BxT1xH1)<\/li>\n<li><strong>XL \u2013 Au\u00dfengr\u00f6\u00dfe<\/strong> 110x90x40, Instaphoogte 15 cm, Binnenmaat 100x80x7 (BxT1xH1)<\/li>\n<\/ul>\n<\/div>\n<p><a href=\"https:\/\/www.dogpride.nl\/wp-content\/uploads\/Kofferbak-opmeten.docx\">Messen Sie den Stamm<\/a><\/p>\n<\/div>\n<p><a href=\"https:\/\/www.mypado.de\/\" target=\"_blank\" rel=\"noopener\"><img loading=\"lazy\" decoding=\"async\" class=\"alignnone wp-image-144946 size-full\" src=\"https:\/\/dogpride.nl\/wp-content\/uploads\/logo-mypad-2.jpg\" alt=\"\" width=\"197\" height=\"75\" srcset=\"https:\/\/dogpride.nl\/wp-content\/uploads\/logo-mypad-2.jpg 197w, https:\/\/dogpride.nl\/wp-content\/uploads\/logo-mypad-2-18x7.jpg 18w\" sizes=\"auto, (max-width: 197px) 100vw, 197px\" \/><\/a><\/p>\n<\/div>\n<\/div>\n<\/div>\n<\/div>","protected":false},"excerpt":{"rendered":"<p>Travelmat is gemaakt van een extreem vuilbestendig en gemakkelijk te reinigen bovenwerk van kunstleer. Het afneembare ligvlak van Travelmat \u00ae is zacht en aaibaar voor maximaal comfort.<\/p>","protected":false},"featured_media":79328,"template":"","meta":[],"product_brand":[],"product_cat":[3440],"product_tag":[7771,3409,7235],"class_list":{"0":"post-79327","1":"product","2":"type-product","3":"status-publish","4":"has-post-thumbnail","6":"product_cat-travelmat","7":"product_tag-auto-hondenbed","8":"product_tag-plus","9":"product_tag-travelmat","10":"product_shipping_class-groot-pakket","12":"first","13":"instock","14":"taxable","15":"shipping-taxable","16":"purchasable","17":"product-type-variable"},"mb":[],"mfb_rest_fields":["title"],"_links":{"self":[{"href":"https:\/\/dogpride.nl\/de\/wp-json\/wp\/v2\/product\/79327","targetHints":{"allow":["GET"]}}],"collection":[{"href":"https:\/\/dogpride.nl\/de\/wp-json\/wp\/v2\/product"}],"about":[{"href":"https:\/\/dogpride.nl\/de\/wp-json\/wp\/v2\/types\/product"}],"wp:featuredmedia":[{"embeddable":true,"href":"https:\/\/dogpride.nl\/de\/wp-json\/wp\/v2\/media\/79328"}],"wp:attachment":[{"href":"https:\/\/dogpride.nl\/de\/wp-json\/wp\/v2\/media?parent=79327"}],"wp:term":[{"taxonomy":"product_brand","embeddable":true,"href":"https:\/\/dogpride.nl\/de\/wp-json\/wp\/v2\/product_brand?post=79327"},{"taxonomy":"product_cat","embeddable":true,"href":"https:\/\/dogpride.nl\/de\/wp-json\/wp\/v2\/product_cat?post=79327"},{"taxonomy":"product_tag","embeddable":true,"href":"https:\/\/dogpride.nl\/de\/wp-json\/wp\/v2\/product_tag?post=79327"}],"curies":[{"name":"wp","href":"https:\/\/api.w.org\/{rel}","templated":true}]}}