{"id":78472,"date":"2021-12-22T11:18:49","date_gmt":"2021-12-22T10:18:49","guid":{"rendered":"https:\/\/www.dogpride.nl\/?post_type=product&#038;p=78472"},"modified":"2025-10-21T14:24:58","modified_gmt":"2025-10-21T12:24:58","slug":"whisper-ultralicht-tactisch-harnas-recon-k9","status":"publish","type":"product","link":"https:\/\/dogpride.nl\/de\/whisper-ultralicht-tactisch-harnas-recon-k9\/","title":{"rendered":"Ultraleichte taktische R\u00fcstung WHISPER \u2013 Recon K9"},"content":{"rendered":"<h4>Ultraleichte taktische R\u00fcstung WHISPER \u2013 Recon K9<\/h4>\n<p><span class=\"VIiyi\" lang=\"fr\"><span class=\"\">Ultraleichtes taktisches Geschirr WHISPER \u2013 Recon K9 f\u00fcr Hunde und Hundebrigade<\/span><\/span><\/p>\n<p><span class=\"VIiyi\" lang=\"fr\"><span class=\"\">Die \u201eWhisper\u201c ist die superleichte Version unserer vollst\u00e4ndigen taktischen Westen, aber dieses minimalistische Design bietet gro\u00dfe Bewegungsfreiheit und Luftzirkulation, was in w\u00e4rmeren Klimazonen unerl\u00e4sslich ist.\u00a0<\/span>Die gepolsterte Ober- und Unterseite bieten Komfort und Schutz f\u00fcr Ihren Hund, w\u00e4hrend der Griff \u00fcber gen\u00fcgend Hebepunkte f\u00fcr den t\u00e4glichen Gebrauch verf\u00fcgt.<\/span><\/p>\n<p><strong>Eigenschaften:<\/strong><br \/>\nDie verst\u00e4rkte Konstruktion mit Mil-Spec-zertifizierten Materialien sorgt f\u00fcr ultimative Haltbarkeit und Festigkeit, wobei jeder Hebepunkt 5.000 Pfund h\u00e4lt.<br \/>\nZwei taktische TPR-geformte Griffe f\u00fcr einfaches Heben, auch mit Handschuhen<br \/>\nLasergeschnittener MOLLE-Klettverschluss auf der Oberseite f\u00fcr Abzeichen und Zubeh\u00f6r<br \/>\n<span class=\"goog-text-highlight\">Weiche Schnallen vorne und hinten f\u00fcr reduzierte Ger\u00e4uschentwicklung und ultimative Festigkeit<\/span><br \/>\n<span class=\"goog-text-highlight\">Gepolsterte Ober- und Unterk\u00f6rperkonstruktion<\/span><br \/>\n<span class=\"goog-text-highlight\">Wird standardm\u00e4\u00dfig mit AustriAlpin Cobra-Schnallen geliefert<\/span><br \/>\n<span class=\"goog-text-highlight\">Hergestellt in den USA<\/span><\/p>\n<p>Verf\u00fcgbare Gr\u00f6\u00dfen: S, M, L<\/p>\n<p>Erh\u00e4ltlich in den Farben Schwarz, Green Camouflage, Coyote und Dark Green<\/p>\n<p><strong>Gr\u00f6\u00dfentabelle:<\/strong><\/p>\n<p><img loading=\"lazy\" decoding=\"async\" class=\"alignnone wp-image-78478 size-fusion-400\" src=\"https:\/\/www.dogpride.nl\/wp-content\/uploads\/vestsizechart_1800x1800-400x400.jpg\" alt=\"Maattabel Recon K9\" width=\"400\" height=\"400\" srcset=\"https:\/\/dogpride.nl\/wp-content\/uploads\/vestsizechart_1800x1800-400x400.jpg 400w, https:\/\/dogpride.nl\/wp-content\/uploads\/vestsizechart_1800x1800-250x250.jpg 250w, https:\/\/dogpride.nl\/wp-content\/uploads\/vestsizechart_1800x1800-100x100.jpg 100w, https:\/\/dogpride.nl\/wp-content\/uploads\/vestsizechart_1800x1800-300x300.jpg 300w, https:\/\/dogpride.nl\/wp-content\/uploads\/vestsizechart_1800x1800-150x150.jpg 150w, https:\/\/dogpride.nl\/wp-content\/uploads\/vestsizechart_1800x1800-768x768.jpg 768w, https:\/\/dogpride.nl\/wp-content\/uploads\/vestsizechart_1800x1800-66x66.jpg 66w, https:\/\/dogpride.nl\/wp-content\/uploads\/vestsizechart_1800x1800-200x200.jpg 200w, https:\/\/dogpride.nl\/wp-content\/uploads\/vestsizechart_1800x1800-600x600.jpg 600w, https:\/\/dogpride.nl\/wp-content\/uploads\/vestsizechart_1800x1800.jpg 800w\" sizes=\"auto, (max-width: 400px) 100vw, 400px\" \/> <img loading=\"lazy\" decoding=\"async\" class=\"alignnone wp-image-78479 size-fusion-400\" src=\"https:\/\/www.dogpride.nl\/wp-content\/uploads\/verybig-5566-5-400x400.jpg\" alt=\"Maattabel 2\" width=\"400\" height=\"400\" srcset=\"https:\/\/dogpride.nl\/wp-content\/uploads\/verybig-5566-5-400x400.jpg 400w, https:\/\/dogpride.nl\/wp-content\/uploads\/verybig-5566-5-250x250.jpg 250w, https:\/\/dogpride.nl\/wp-content\/uploads\/verybig-5566-5-100x100.jpg 100w, https:\/\/dogpride.nl\/wp-content\/uploads\/verybig-5566-5-300x300.jpg 300w, https:\/\/dogpride.nl\/wp-content\/uploads\/verybig-5566-5-150x150.jpg 150w, https:\/\/dogpride.nl\/wp-content\/uploads\/verybig-5566-5-66x66.jpg 66w, https:\/\/dogpride.nl\/wp-content\/uploads\/verybig-5566-5-200x200.jpg 200w, https:\/\/dogpride.nl\/wp-content\/uploads\/verybig-5566-5.jpg 520w\" sizes=\"auto, (max-width: 400px) 100vw, 400px\" \/><\/p>\n<p>&nbsp;<\/p>\n<p><a href=\"https:\/\/devrolijkekwispel.nl\/\" target=\"_blank\" rel=\"noopener\">Dogpride NL sponsert Kelly Albers<\/a><\/p>\n<p><em>Ich (Kelly Albers) bin seit 2015 im Tierbereich t\u00e4tig. Nach mehreren Ausbildungen, langj\u00e4hriger Erfahrung im Hundesport und langj\u00e4hriger T\u00e4tigkeit bei verschiedenen Tierbetrieben.<\/em><br \/>\n<em>Im Mai 2018 erreichte ich den H\u00f6hepunkt meiner Hundesportkarriere. Ich wurde WDSF-Weltmeister in der Klasse ipo2 und nahm anschlie\u00dfend an der niederl\u00e4ndischen Meisterschaft aller Rassen teil.<\/em><\/p>","protected":false},"excerpt":{"rendered":"<p>Ultraleichte taktische R\u00fcstung WHISPER \u2013 Recon K9. <span class=\"VIiyi\" lang=\"fr\"><span class=\"\">Die \u201eWhisper\u201c ist die superleichte Version unserer vollst\u00e4ndigen taktischen Westen, aber dieses minimalistische Design bietet gro\u00dfe Bewegungsfreiheit und Luftzirkulation.<\/span><\/span><\/p>","protected":false},"featured_media":78473,"template":"","meta":[],"product_brand":[],"product_cat":[2814],"product_tag":[],"class_list":{"0":"post-78472","1":"product","2":"type-product","3":"status-publish","4":"has-post-thumbnail","6":"product_cat-hondenharnassen","8":"first","9":"instock","10":"taxable","11":"shipping-taxable","12":"purchasable","13":"product-type-variable"},"mb":[],"mfb_rest_fields":["title"],"_links":{"self":[{"href":"https:\/\/dogpride.nl\/de\/wp-json\/wp\/v2\/product\/78472","targetHints":{"allow":["GET"]}}],"collection":[{"href":"https:\/\/dogpride.nl\/de\/wp-json\/wp\/v2\/product"}],"about":[{"href":"https:\/\/dogpride.nl\/de\/wp-json\/wp\/v2\/types\/product"}],"wp:featuredmedia":[{"embeddable":true,"href":"https:\/\/dogpride.nl\/de\/wp-json\/wp\/v2\/media\/78473"}],"wp:attachment":[{"href":"https:\/\/dogpride.nl\/de\/wp-json\/wp\/v2\/media?parent=78472"}],"wp:term":[{"taxonomy":"product_brand","embeddable":true,"href":"https:\/\/dogpride.nl\/de\/wp-json\/wp\/v2\/product_brand?post=78472"},{"taxonomy":"product_cat","embeddable":true,"href":"https:\/\/dogpride.nl\/de\/wp-json\/wp\/v2\/product_cat?post=78472"},{"taxonomy":"product_tag","embeddable":true,"href":"https:\/\/dogpride.nl\/de\/wp-json\/wp\/v2\/product_tag?post=78472"}],"curies":[{"name":"wp","href":"https:\/\/api.w.org\/{rel}","templated":true}]}}