{"id":77826,"date":"2021-12-06T11:18:55","date_gmt":"2021-12-06T10:18:55","guid":{"rendered":"https:\/\/www.dogpride.nl\/?post_type=product&#038;p=77826"},"modified":"2026-03-31T10:36:18","modified_gmt":"2026-03-31T08:36:18","slug":"speed-dogsport-sweater-bruno-3-0-unisex","status":"publish","type":"product","link":"https:\/\/dogpride.nl\/de\/speed-dogsport-sweater-bruno-3-0-unisex\/","title":{"rendered":"SPEED Dogsport Pullover BRUNO 3.0 Unisex"},"content":{"rendered":"<h4>SPEED Dogsport Pullover BRUNO 3.0 Unisex<\/h4>\n<p>SPEED Dogsport Pullover BRUNO 3.0 Unisex<\/p>\n<p>Der echte SPEED DogsportSweater BRUNO 3.0 Hundesportpullover mit K\u00e4ngurutasche vorne und hinten!<br \/>\nModischer Pullover von Speed Dogsport\u00ae mit versetztem Rei\u00dfverschluss, hochwertigem Logostick, Kapuze und K\u00e4ngurutasche vorne und hinten.<\/p>\n<p style=\"font-weight: 400;\">Unser Pullover ist angenehm zu tragen und h\u00e4lt warm.<\/p>\n<h4><strong>Speed Dogsport\u00ae Trikotmaterial hergestellt<\/strong>\u00a0<strong>aus THERMISCHEM FLEECE f\u00fcr perfekte W\u00e4rme<\/strong><\/h4>\n<p><strong>\u2713 TOP QUALIT\u00c4T \u2713 BESTES Fleece \u2713 H\u00d6CHSTER Komfort<\/strong><\/p>\n<ul>\n<li>modisches Design und Schnitt<\/li>\n<li>warmes und angenehm zu tragendes Material<\/li>\n<li>mit Kapuze<\/li>\n<li>edle Stickerei mit MADEIRA Sticktwist<\/li>\n<li>K\u00e4ngurutasche vorn und\u00a0<strong>hinter!<\/strong><\/li>\n<li>hochwertiger YKK-Rei\u00dfverschluss<\/li>\n<li>kleines Knochen-Accessoire am Rei\u00dfverschluss<\/li>\n<li>erh\u00e4ltlich bis Gr\u00f6\u00dfe 4-XL<\/li>\n<li>Marke: Speed Dogsport\u00ae<\/li>\n<li>Grundfarbe: viele Farbkombinationen<\/li>\n<li>Anwendungen: Stick (MADEIRA Stickgarn)<\/li>\n<li>Modell: Bruno 3.0<\/li>\n<\/ul>\n<p>Dieser Pullover ist in den Farben Blau und Pink erh\u00e4ltlich<\/p>\n<p>Gr\u00f6\u00dfen: XS-4XL<\/p>\n<p><strong>Gr\u00f6\u00dfentabelle:<\/strong><\/p>\n<p><img loading=\"lazy\" decoding=\"async\" class=\"alignnone wp-image-77837 size-large\" src=\"https:\/\/www.dogpride.nl\/wp-content\/uploads\/Maattabel-Bradford-1-1024x723.jpg\" alt=\"Maattabel Speed Dogsport\" width=\"1024\" height=\"723\" srcset=\"https:\/\/dogpride.nl\/wp-content\/uploads\/Maattabel-Bradford-1-1024x723.jpg 1024w, https:\/\/dogpride.nl\/wp-content\/uploads\/Maattabel-Bradford-1-250x177.jpg 250w, https:\/\/dogpride.nl\/wp-content\/uploads\/Maattabel-Bradford-1-400x283.jpg 400w, https:\/\/dogpride.nl\/wp-content\/uploads\/Maattabel-Bradford-1-300x212.jpg 300w, https:\/\/dogpride.nl\/wp-content\/uploads\/Maattabel-Bradford-1-768x542.jpg 768w, https:\/\/dogpride.nl\/wp-content\/uploads\/Maattabel-Bradford-1-200x141.jpg 200w, https:\/\/dogpride.nl\/wp-content\/uploads\/Maattabel-Bradford-1-600x424.jpg 600w, https:\/\/dogpride.nl\/wp-content\/uploads\/Maattabel-Bradford-1-800x565.jpg 800w, https:\/\/dogpride.nl\/wp-content\/uploads\/Maattabel-Bradford-1.jpg 1110w\" sizes=\"auto, (max-width: 1024px) 100vw, 1024px\" \/><\/p>\n<p><a href=\"https:\/\/dogpride.nl\/de\/kleding\/hoodies\/speed-dogsport-hoodies\/\"><img loading=\"lazy\" decoding=\"async\" class=\"alignnone\" title=\"SPEED Dogsport Pullover BRUNO 3.0 Unisex\" src=\"https:\/\/dogpride.nl\/wp-content\/uploads\/hundesport-sweater-bruno-5.jpg\" alt=\"SPEED Dogsport Sweater BRUNO 3.0 Unisex\" width=\"177\" height=\"177\" \/><\/a><\/p>\n<p>&nbsp;<\/p>\n<p><a href=\"https:\/\/speed-dogsport.com\/en\/\" target=\"_blank\" rel=\"noopener\"><img loading=\"lazy\" decoding=\"async\" class=\"alignnone wp-image-140028 size-medium\" src=\"https:\/\/dogpride.nl\/wp-content\/uploads\/Logo-11-300x102.png\" alt=\"logo\" width=\"300\" height=\"102\" srcset=\"https:\/\/dogpride.nl\/wp-content\/uploads\/Logo-11-300x102.png 300w, https:\/\/dogpride.nl\/wp-content\/uploads\/Logo-11-768x260.png 768w, https:\/\/dogpride.nl\/wp-content\/uploads\/Logo-11-18x6.png 18w, https:\/\/dogpride.nl\/wp-content\/uploads\/Logo-11-250x85.png 250w, https:\/\/dogpride.nl\/wp-content\/uploads\/Logo-11-400x135.png 400w, https:\/\/dogpride.nl\/wp-content\/uploads\/Logo-11.png 836w\" sizes=\"auto, (max-width: 300px) 100vw, 300px\" \/><\/a><\/p>","protected":false},"excerpt":{"rendered":"<p>SPEED Dogsport Pullover BRUNO 3.0 Unisex. Modischer Pullover von Speed Dogsport\u00ae mit versetztem Rei\u00dfverschluss, hochwertigem Logostick, Kapuze und K\u00e4ngurutasche vorne und hinten.<\/p>","protected":false},"featured_media":77827,"template":"","meta":[],"product_brand":[],"product_cat":[3892,3876],"product_tag":[22383,22384],"class_list":{"0":"post-77826","1":"product","2":"type-product","3":"status-publish","4":"has-post-thumbnail","6":"product_cat-speed-dogsport-hoodies","7":"product_cat-speed-dogsport-trainingsvesten","8":"product_tag-hondensporttrui","9":"product_tag-sweater","11":"first","12":"instock","13":"taxable","14":"shipping-taxable","15":"purchasable","16":"product-type-variable"},"mb":[],"mfb_rest_fields":["title"],"_links":{"self":[{"href":"https:\/\/dogpride.nl\/de\/wp-json\/wp\/v2\/product\/77826","targetHints":{"allow":["GET"]}}],"collection":[{"href":"https:\/\/dogpride.nl\/de\/wp-json\/wp\/v2\/product"}],"about":[{"href":"https:\/\/dogpride.nl\/de\/wp-json\/wp\/v2\/types\/product"}],"wp:featuredmedia":[{"embeddable":true,"href":"https:\/\/dogpride.nl\/de\/wp-json\/wp\/v2\/media\/77827"}],"wp:attachment":[{"href":"https:\/\/dogpride.nl\/de\/wp-json\/wp\/v2\/media?parent=77826"}],"wp:term":[{"taxonomy":"product_brand","embeddable":true,"href":"https:\/\/dogpride.nl\/de\/wp-json\/wp\/v2\/product_brand?post=77826"},{"taxonomy":"product_cat","embeddable":true,"href":"https:\/\/dogpride.nl\/de\/wp-json\/wp\/v2\/product_cat?post=77826"},{"taxonomy":"product_tag","embeddable":true,"href":"https:\/\/dogpride.nl\/de\/wp-json\/wp\/v2\/product_tag?post=77826"}],"curies":[{"name":"wp","href":"https:\/\/api.w.org\/{rel}","templated":true}]}}