{"id":77340,"date":"2021-11-22T11:25:06","date_gmt":"2021-11-22T10:25:06","guid":{"rendered":"https:\/\/www.dogpride.nl\/?post_type=product&#038;p=77340"},"modified":"2021-12-13T12:30:44","modified_gmt":"2021-12-13T11:30:44","slug":"pollux-steekwerend-vest-kr1-sp1-in-3-kleuren","status":"publish","type":"product","link":"https:\/\/dogpride.nl\/de\/pollux-steekwerend-vest-kr1-sp1-in-3-kleuren\/","title":{"rendered":"Pollux Stichschutzweste KR1-SP1 in 3 Farben"},"content":{"rendered":"<h4>Pollux Stichschutzweste KR1-SP1 in 3 Farben<\/h4>\n<p>Pollux Stichschutzweste KR1-SP1 in 3 Farben. Die diskrete Stichschutzweste Pollux KR1-SP1 Entry Solution der Marke Sioen ist f\u00fcr den t\u00e4glichen Gebrauch geeignet und kann diskret unter der Kleidung getragen werden. Die Schultern und der G\u00fcrtel sind aus Elastomermaterial gefertigt und bieten ein angenehmes Tragegef\u00fchl und eine unglaubliche, beispiellose Bewegungsfreiheit.<br \/>\nDas Modell verf\u00fcgt au\u00dferdem \u00fcber einen OUTLAST auf Thermoliner-Basis. Ein System zur W\u00e4rme- und Schwei\u00dfregulierung basierend auf einem Outlast-Futter. Dieser Stoff verf\u00fcgt \u00fcber eine temperaturregulierende Funktion, die zus\u00e4tzlich zu seinen hervorragenden Feuchtigkeitsaufnahmeeigenschaften W\u00e4rme \u00fcber 37 \u00b0C absorbiert, um der K\u00f6rpertemperatur einen zus\u00e4tzlichen K\u00fchleffekt zu verleihen.<\/p>\n<h4>Die Pollux-Weste bietet Schutz vorne, hinten und an den Seiten. Dies ist eine professionelle Stichschutzweste, die h\u00e4ufig von Regierungsbeh\u00f6rden verwendet wird. Ist nur als Stichschutzweste zertifiziert und somit ohne Genehmigungen oder besondere Dokumente frei verf\u00fcgbar.<\/h4>\n<p>Bei dieser Stichschutzweste KR1-SP1 steht die KR1 f\u00fcr Widerstandsf\u00e4higkeit gegen Angriffe mit Messern. Der Stichwiderstand KR1 basiert auf den englischen HOSDB-Standards. Diese Anti-Messer-Schutzweste verf\u00fcgt \u00fcber einen Schutz, der auf einem Messerangriff mit einer Energie von 24 Joule basiert, wobei die Messerspitze nicht tiefer als 7 mm durch die Weste eindringen darf und bei einer Energie von 36 Joule darf die Spitze nicht tiefer als 7 mm durch die Weste eindringen mehr als 20 mm eindringen. Dies ist ein Schutz gegen einen \u00dcberarmmesserangriff mit einer soliden Klinge.<\/p>\n<p>Der SP1 ist ein Widerstand gegen Spike-Angriffe. Ahlen unterscheiden sich grundlegend von Messern, da sie eine sehr kleine Kontaktfl\u00e4che haben und sehr schwer zu stoppen sind. Angriffe mit Ahlen bedeuten; scharf gesch\u00e4rfte Schraubendreher, gesch\u00e4rfte N\u00e4gel, Stricknadeln usw. Die Spike-Widerstandsf\u00e4higkeit SP1 basiert ebenfalls auf englischen HOSDB-Standards. Dieser Schutz basiert auf einem Spike-Angriff mit einer Energie von 24 Joule, wobei die Spitze des Spikes nicht tiefer als 7 mm durch die Weste eindringen darf und bei einer Energie von 36 Joule die Spitze nicht tiefer als 20 mm eindringen darf.<\/p>\n<h4>Dies ist ein Schutz gegen einen \u00dcberarm-Spike-Angriff mit einer soliden Ahle.<\/h4>\n<p>Gr\u00f6\u00dfen: XS-3XL<\/p>\n<p><img loading=\"lazy\" decoding=\"async\" class=\"alignnone size-full wp-image-77216\" src=\"https:\/\/www.dogpride.nl\/wp-content\/uploads\/Maattabel-snijwerende-vesten.jpg\" alt=\"\" width=\"608\" height=\"134\" srcset=\"https:\/\/dogpride.nl\/wp-content\/uploads\/Maattabel-snijwerende-vesten.jpg 608w, https:\/\/dogpride.nl\/wp-content\/uploads\/Maattabel-snijwerende-vesten-250x55.jpg 250w, https:\/\/dogpride.nl\/wp-content\/uploads\/Maattabel-snijwerende-vesten-400x88.jpg 400w, https:\/\/dogpride.nl\/wp-content\/uploads\/Maattabel-snijwerende-vesten-300x66.jpg 300w, https:\/\/dogpride.nl\/wp-content\/uploads\/Maattabel-snijwerende-vesten-200x44.jpg 200w, https:\/\/dogpride.nl\/wp-content\/uploads\/Maattabel-snijwerende-vesten-600x132.jpg 600w\" sizes=\"auto, (max-width: 608px) 100vw, 608px\" \/><\/p>","protected":false},"excerpt":{"rendered":"<p>Die Pollux Stichschutzweste KR1-SP1 in 3 Farben ist f\u00fcr den t\u00e4glichen Gebrauch geeignet und kann diskret unter der Kleidung getragen werden.<\/p>","protected":false},"featured_media":77341,"template":"","meta":[],"product_brand":[],"product_cat":[2911],"product_tag":[],"class_list":{"0":"post-77340","1":"product","2":"type-product","3":"status-publish","4":"has-post-thumbnail","6":"product_cat-pbm","8":"first","9":"instock","10":"taxable","11":"shipping-taxable","12":"purchasable","13":"product-type-variable"},"mb":[],"mfb_rest_fields":["title"],"_links":{"self":[{"href":"https:\/\/dogpride.nl\/de\/wp-json\/wp\/v2\/product\/77340","targetHints":{"allow":["GET"]}}],"collection":[{"href":"https:\/\/dogpride.nl\/de\/wp-json\/wp\/v2\/product"}],"about":[{"href":"https:\/\/dogpride.nl\/de\/wp-json\/wp\/v2\/types\/product"}],"wp:featuredmedia":[{"embeddable":true,"href":"https:\/\/dogpride.nl\/de\/wp-json\/wp\/v2\/media\/77341"}],"wp:attachment":[{"href":"https:\/\/dogpride.nl\/de\/wp-json\/wp\/v2\/media?parent=77340"}],"wp:term":[{"taxonomy":"product_brand","embeddable":true,"href":"https:\/\/dogpride.nl\/de\/wp-json\/wp\/v2\/product_brand?post=77340"},{"taxonomy":"product_cat","embeddable":true,"href":"https:\/\/dogpride.nl\/de\/wp-json\/wp\/v2\/product_cat?post=77340"},{"taxonomy":"product_tag","embeddable":true,"href":"https:\/\/dogpride.nl\/de\/wp-json\/wp\/v2\/product_tag?post=77340"}],"curies":[{"name":"wp","href":"https:\/\/api.w.org\/{rel}","templated":true}]}}