{"id":77315,"date":"2021-11-19T17:08:29","date_gmt":"2021-11-19T16:08:29","guid":{"rendered":"https:\/\/www.dogpride.nl\/?post_type=product&#038;p=77315"},"modified":"2023-10-18T12:06:17","modified_gmt":"2023-10-18T10:06:17","slug":"deluxe-zwart-steekwerend-vest-titanskin-kr1-sp1","status":"publish","type":"product","link":"https:\/\/dogpride.nl\/de\/deluxe-zwart-steekwerend-vest-titanskin-kr1-sp1\/","title":{"rendered":"Deluxe schwarze Stichschutzweste Titanskin KR1-SP1"},"content":{"rendered":"<h4>Deluxe schwarze Stichschutzweste Titanskin KR1-SP1<\/h4>\n<p>Deluxe schwarze, diskrete Stichschutzweste Titanskin KR1-SP1 der Marke Engarde. Diese Deluxe-Stichweste ist atmungsaktiv und bietet hervorragenden Komfort, selbst bei l\u00e4ngerem Einsatz in warmen Klimazonen. Die Stichschutzweste Deluxe wurde speziell f\u00fcr diskrete Eins\u00e4tze entwickelt und ist sowohl f\u00fcr M\u00e4nner als auch f\u00fcr Frauen geeignet. Gut verstellbar und anpassbar f\u00fcr eine gute Passform. Diese diskrete Stichschutzweste wird h\u00e4ufig von Wachleuten oder einfachen B\u00fcrgern, die Schutz ben\u00f6tigen, unter der Kleidung oder unter einer Uniform getragen. Diese Weste ist nur als Stichschutzweste zertifiziert und somit ohne Genehmigungen oder besondere Dokumente frei erh\u00e4ltlich.<\/p>\n<p>Bei dieser Stichschutzweste KR1-SP1 steht die KR1 f\u00fcr Widerstandsf\u00e4higkeit gegen Angriffe mit Messern. Der Steckerwiderstand KR1 basiert auf den englischen HOSDB-Standards. Diese Anti-Messer-Schutzweste verf\u00fcgt \u00fcber einen Schutz, der auf einem Messerangriff mit einer Energie von 24 Joule basiert, wobei die Messerspitze nicht tiefer als 7 mm durch die Weste eindringen darf und bei einer Energie von 36 Joule darf die Spitze nicht tiefer als 7 mm durch die Weste eindringen mehr als 20 mm eindringen. Dies ist ein Schutz gegen einen \u00dcberarmmesserangriff mit einer soliden Klinge.<\/p>\n<p>Der SP1 ist ein Widerstand gegen Spike-Angriffe. Ahlen unterscheiden sich grundlegend von Messern, da sie eine sehr kleine Kontaktfl\u00e4che haben und sehr schwer zu stoppen sind. Angriffe mit Ahlen bedeuten; scharf gesch\u00e4rfte Schraubendreher, gesch\u00e4rfte N\u00e4gel, Eispickel, Stricknadeln usw. Die Spike-Widerstandsf\u00e4higkeit SP1 basiert ebenfalls auf englischen HOSDB-Standards. Dieser Schutz basiert auf einem Spike-Angriff mit einer Energie von 24 Joule, wobei die Spitze des Spikes nicht tiefer als 7 mm durch die Weste eindringen darf und bei einer Energie von 36 Joule die Spitze nicht tiefer als 20 mm eindringen darf. Dies ist ein Schutz gegen einen \u00dcberarm-Spike-Angriff mit einer soliden Ahle.<\/p>\n<p>Gr\u00f6\u00dfen: XS-5XL<\/p>\n<p><img loading=\"lazy\" decoding=\"async\" class=\"alignnone size-full wp-image-77240\" src=\"https:\/\/www.dogpride.nl\/wp-content\/uploads\/Maattabel-Engarde.jpg\" alt=\"\" width=\"605\" height=\"116\" srcset=\"https:\/\/dogpride.nl\/wp-content\/uploads\/Maattabel-Engarde.jpg 605w, https:\/\/dogpride.nl\/wp-content\/uploads\/Maattabel-Engarde-250x48.jpg 250w, https:\/\/dogpride.nl\/wp-content\/uploads\/Maattabel-Engarde-400x77.jpg 400w, https:\/\/dogpride.nl\/wp-content\/uploads\/Maattabel-Engarde-300x58.jpg 300w, https:\/\/dogpride.nl\/wp-content\/uploads\/Maattabel-Engarde-200x38.jpg 200w, https:\/\/dogpride.nl\/wp-content\/uploads\/Maattabel-Engarde-600x115.jpg 600w\" sizes=\"auto, (max-width: 605px) 100vw, 605px\" \/><\/p>","protected":false},"excerpt":{"rendered":"<p>Deluxe schwarze Stichschutzweste Titanskin KR1-SP1. Diese Deluxe-Stichweste ist atmungsaktiv und bietet hervorragenden Komfort, selbst bei l\u00e4ngerem Einsatz in warmen Klimazonen.<\/p>","protected":false},"featured_media":77316,"template":"","meta":[],"product_brand":[],"product_cat":[2911],"product_tag":[],"class_list":{"0":"post-77315","1":"product","2":"type-product","3":"status-publish","4":"has-post-thumbnail","6":"product_cat-pbm","8":"first","9":"instock","10":"taxable","11":"shipping-taxable","12":"purchasable","13":"product-type-variable"},"mb":[],"mfb_rest_fields":["title"],"_links":{"self":[{"href":"https:\/\/dogpride.nl\/de\/wp-json\/wp\/v2\/product\/77315","targetHints":{"allow":["GET"]}}],"collection":[{"href":"https:\/\/dogpride.nl\/de\/wp-json\/wp\/v2\/product"}],"about":[{"href":"https:\/\/dogpride.nl\/de\/wp-json\/wp\/v2\/types\/product"}],"wp:featuredmedia":[{"embeddable":true,"href":"https:\/\/dogpride.nl\/de\/wp-json\/wp\/v2\/media\/77316"}],"wp:attachment":[{"href":"https:\/\/dogpride.nl\/de\/wp-json\/wp\/v2\/media?parent=77315"}],"wp:term":[{"taxonomy":"product_brand","embeddable":true,"href":"https:\/\/dogpride.nl\/de\/wp-json\/wp\/v2\/product_brand?post=77315"},{"taxonomy":"product_cat","embeddable":true,"href":"https:\/\/dogpride.nl\/de\/wp-json\/wp\/v2\/product_cat?post=77315"},{"taxonomy":"product_tag","embeddable":true,"href":"https:\/\/dogpride.nl\/de\/wp-json\/wp\/v2\/product_tag?post=77315"}],"curies":[{"name":"wp","href":"https:\/\/api.w.org\/{rel}","templated":true}]}}