{"id":77293,"date":"2021-11-19T15:30:31","date_gmt":"2021-11-19T14:30:31","guid":{"rendered":"https:\/\/www.dogpride.nl\/?post_type=product&#038;p=77293"},"modified":"2021-11-29T11:47:58","modified_gmt":"2021-11-29T10:47:58","slug":"helios-fluogeel-steekwerend-vest-kr1-sp1","status":"publish","type":"product","link":"https:\/\/dogpride.nl\/de\/helios-fluogeel-steekwerend-vest-kr1-sp1\/","title":{"rendered":"Helios fluoreszierende gelbe Stichschutzweste KR1-SP1"},"content":{"rendered":"<h4 class=\"jw-heading-100\">Helios fluoreszierende gelbe Stichschutzweste KR1-SP1<\/h4>\n<p>Die gelb fluoreszierende und gut sichtbare Stichschutzweste Helios KR1-SP1 der Marke Sioen wurde speziell f\u00fcr Rettungsdienste und Unterst\u00fctzungsdienste wie Sanit\u00e4tsdienste, Krankenwagen, Rettungsdienste, \u00c4rzte und auch f\u00fcr Ordner entwickelt. Die Stichschutzweste Helios bietet Schutz vorne, hinten und an den Seiten und ist sowohl f\u00fcr M\u00e4nner als auch f\u00fcr Frauen geeignet. Hierbei handelt es sich um eine professionelle, stichfeste, reflektierende, fluoreszierende Weste, die h\u00e4ufig von Rettungsdiensten und Stewards verwendet wird. Diese Weste ist lediglich als Stichschutzweste zertifiziert und somit ohne Genehmigungen oder besondere Dokumente frei erh\u00e4ltlich.<\/p>\n<p>Bei dieser fluoreszierenden gelben Stichschutzweste KR1-SP1 von Helios steht die KR1 f\u00fcr Widerstandsf\u00e4higkeit gegen Angriffe mit Messern. Der Steckerwiderstand KR1 basiert auf den englischen HOSDB-Standards. Diese Anti-Messer-Schutzweste verf\u00fcgt \u00fcber einen Schutz, der auf einem Messerangriff mit einer Energie von 24 Joule basiert, wobei die Messerspitze nicht tiefer als 7 mm durch die Weste eindringen darf und bei einer Energie von 36 Joule darf die Spitze nicht tiefer als 7 mm durch die Weste eindringen mehr als 20 mm eindringen. Dies ist ein Schutz gegen einen \u00dcberarmmesserangriff mit einer soliden Klinge.<\/p>\n<p>Der SP1 ist ein Widerstand gegen Spike-Angriffe. Ahlen unterscheiden sich grundlegend von Messern, da sie eine sehr kleine Kontaktfl\u00e4che haben und sehr schwer zu stoppen sind. Angriffe mit Ahlen bedeuten; gesch\u00e4rfte Schraubendreher, gesch\u00e4rfte N\u00e4gel, Stricknadeln usw. Die Spike-Widerstandsf\u00e4higkeit SP1 basiert ebenfalls auf englischen HOSDB-Standards. Dieser Schutz basiert auf einem Spike-Angriff mit einer Energie von 24 Joule, wobei die Spitze des Spikes nicht tiefer als 7 mm durch die Weste eindringen darf und bei einer Energie von 36 Joule die Spitze nicht tiefer als 20 mm eindringen darf. Dies ist ein Schutz gegen einen \u00dcberarm-Spike-Angriff mit einer soliden Ahle.<\/p>\n<p>Gr\u00f6\u00dfen Helios fluogelbe Stichschutzweste KR1-SP1: XS-3XL<\/p>\n<p><img loading=\"lazy\" decoding=\"async\" class=\"alignnone size-full wp-image-77216\" src=\"https:\/\/www.dogpride.nl\/wp-content\/uploads\/Maattabel-snijwerende-vesten.jpg\" alt=\"\" width=\"608\" height=\"134\" srcset=\"https:\/\/dogpride.nl\/wp-content\/uploads\/Maattabel-snijwerende-vesten.jpg 608w, https:\/\/dogpride.nl\/wp-content\/uploads\/Maattabel-snijwerende-vesten-250x55.jpg 250w, https:\/\/dogpride.nl\/wp-content\/uploads\/Maattabel-snijwerende-vesten-400x88.jpg 400w, https:\/\/dogpride.nl\/wp-content\/uploads\/Maattabel-snijwerende-vesten-300x66.jpg 300w, https:\/\/dogpride.nl\/wp-content\/uploads\/Maattabel-snijwerende-vesten-200x44.jpg 200w, https:\/\/dogpride.nl\/wp-content\/uploads\/Maattabel-snijwerende-vesten-600x132.jpg 600w\" sizes=\"auto, (max-width: 608px) 100vw, 608px\" \/><\/p>\n<h4 class=\"jw-heading-100\"><\/h4>","protected":false},"excerpt":{"rendered":"<p class=\"jw-heading-100\">Die fluoreszierende gelbe Stichschutzweste KR1-SP1 von Helios wurde speziell f\u00fcr Rettungsdienste und Unterst\u00fctzungsdienste wie Sanit\u00e4tsdienste, Krankenwagen, Notdienste, \u00c4rzte und auch f\u00fcr Stewards entwickelt.<\/p>","protected":false},"featured_media":77294,"template":"","meta":[],"product_brand":[],"product_cat":[2911],"product_tag":[],"class_list":{"0":"post-77293","1":"product","2":"type-product","3":"status-publish","4":"has-post-thumbnail","6":"product_cat-pbm","8":"first","9":"instock","10":"taxable","11":"shipping-taxable","12":"purchasable","13":"product-type-variable"},"mb":[],"mfb_rest_fields":["title"],"_links":{"self":[{"href":"https:\/\/dogpride.nl\/de\/wp-json\/wp\/v2\/product\/77293","targetHints":{"allow":["GET"]}}],"collection":[{"href":"https:\/\/dogpride.nl\/de\/wp-json\/wp\/v2\/product"}],"about":[{"href":"https:\/\/dogpride.nl\/de\/wp-json\/wp\/v2\/types\/product"}],"wp:featuredmedia":[{"embeddable":true,"href":"https:\/\/dogpride.nl\/de\/wp-json\/wp\/v2\/media\/77294"}],"wp:attachment":[{"href":"https:\/\/dogpride.nl\/de\/wp-json\/wp\/v2\/media?parent=77293"}],"wp:term":[{"taxonomy":"product_brand","embeddable":true,"href":"https:\/\/dogpride.nl\/de\/wp-json\/wp\/v2\/product_brand?post=77293"},{"taxonomy":"product_cat","embeddable":true,"href":"https:\/\/dogpride.nl\/de\/wp-json\/wp\/v2\/product_cat?post=77293"},{"taxonomy":"product_tag","embeddable":true,"href":"https:\/\/dogpride.nl\/de\/wp-json\/wp\/v2\/product_tag?post=77293"}],"curies":[{"name":"wp","href":"https:\/\/api.w.org\/{rel}","templated":true}]}}