{"id":77284,"date":"2021-11-19T15:23:14","date_gmt":"2021-11-19T14:23:14","guid":{"rendered":"https:\/\/www.dogpride.nl\/?post_type=product&#038;p=77284"},"modified":"2024-10-04T17:50:57","modified_gmt":"2024-10-04T15:50:57","slug":"helios-fluorood-steekwerende-vest-kr1-sp1","status":"publish","type":"product","link":"https:\/\/dogpride.nl\/de\/helios-fluorood-steekwerende-vest-kr1-sp1\/","title":{"rendered":"Helios fluorrote Stichschutzweste KR1-SP1"},"content":{"rendered":"<h4>Helios fluorrote Stichschutzweste KR1-SP1<\/h4>\n<p>Die rot fluoreszierende und gut sichtbare Stichschutzweste Helios KR1-SP1 der Marke Sioen wurde speziell f\u00fcr Rettungsdienste und Unterst\u00fctzungsdienste wie Sanit\u00e4tsdienste, Krankenwagen, Rettungsdienste, \u00c4rzte und Feuerwehr entwickelt. Die Stichschutzweste Helios bietet Schutz vorne, hinten und an den Seiten und ist sowohl f\u00fcr M\u00e4nner als auch f\u00fcr Frauen geeignet. Dies ist eine professionelle, stichfeste, reflektierende Helios-Fluorrot-Stichweste KR1-SP1, die h\u00e4ufig von Rettungsdiensten und Feuerwehren verwendet wird. Diese Weste ist lediglich als Stichschutzweste zertifiziert und somit ohne Genehmigungen oder besondere Dokumente frei erh\u00e4ltlich.<\/p>\n<p>Bei dieser fluorroten Stichschutzweste KR1-SP1 von Helios steht die KR1 f\u00fcr Widerstandsf\u00e4higkeit gegen Angriffe mit Messern. Der Steckerwiderstand KR1 basiert auf den englischen HOSDB-Standards. Diese Anti-Messer-Schutzweste verf\u00fcgt \u00fcber einen Schutz, der auf einem Messerangriff mit einer Energie von 24 Joule basiert, wobei die Messerspitze nicht tiefer als 7 mm durch die Weste eindringen darf und bei einer Energie von 36 Joule die Spitze nicht tiefer eindringen darf mehr als 20 mm eindringen. Dies ist ein Schutz gegen einen \u00dcberarmmesserangriff mit einer soliden Klinge.<\/p>\n<p>Der SP1 ist ein Widerstand gegen Spike-Angriffe. Ahlen unterscheiden sich grundlegend von Messern, da sie eine sehr kleine Kontaktfl\u00e4che haben und sehr schwer zu stoppen sind. Angriffe mit Ahlen bedeuten; gesch\u00e4rfte Schraubendreher, gesch\u00e4rfte N\u00e4gel, Stricknadeln usw. Die Spike-Widerstandsf\u00e4higkeit SP1 basiert ebenfalls auf englischen HOSDB-Standards. Dieser Schutz basiert auf einem Spike-Angriff mit einer Energie von 24 Joule, wobei die Spitze des Spikes nicht tiefer als 7 mm durch die Weste eindringen darf und bei einer Energie von 36 Joule die Spitze nicht tiefer als 20 mm eindringen darf. Dies ist ein Schutz gegen einen \u00dcberarm-Spike-Angriff mit einer soliden Ahle.<\/p>\n<p>Gr\u00f6\u00dfen Helios fluorrote Stichschutzweste KR1-SP1: XS-3XL<\/p>\n<p><img loading=\"lazy\" decoding=\"async\" class=\"alignnone size-full wp-image-77216\" src=\"https:\/\/www.dogpride.nl\/wp-content\/uploads\/Maattabel-snijwerende-vesten.jpg\" alt=\"\" width=\"608\" height=\"134\" srcset=\"https:\/\/dogpride.nl\/wp-content\/uploads\/Maattabel-snijwerende-vesten.jpg 608w, https:\/\/dogpride.nl\/wp-content\/uploads\/Maattabel-snijwerende-vesten-250x55.jpg 250w, https:\/\/dogpride.nl\/wp-content\/uploads\/Maattabel-snijwerende-vesten-400x88.jpg 400w, https:\/\/dogpride.nl\/wp-content\/uploads\/Maattabel-snijwerende-vesten-300x66.jpg 300w, https:\/\/dogpride.nl\/wp-content\/uploads\/Maattabel-snijwerende-vesten-200x44.jpg 200w, https:\/\/dogpride.nl\/wp-content\/uploads\/Maattabel-snijwerende-vesten-600x132.jpg 600w\" sizes=\"auto, (max-width: 608px) 100vw, 608px\" \/><\/p>","protected":false},"excerpt":{"rendered":"<p>Helios fluorrote Stichschutzweste KR1-SP1 f\u00fcr Rettungsdienste und Unterst\u00fctzungsdienste wie Sanit\u00e4tsdienste, Rettungsdienste, \u00c4rzte und Feuerwehr.<\/p>","protected":false},"featured_media":77285,"template":"","meta":[],"product_brand":[],"product_cat":[2911],"product_tag":[],"class_list":{"0":"post-77284","1":"product","2":"type-product","3":"status-publish","4":"has-post-thumbnail","6":"product_cat-pbm","8":"first","9":"instock","10":"taxable","11":"shipping-taxable","12":"purchasable","13":"product-type-variable"},"mb":[],"mfb_rest_fields":["title"],"_links":{"self":[{"href":"https:\/\/dogpride.nl\/de\/wp-json\/wp\/v2\/product\/77284","targetHints":{"allow":["GET"]}}],"collection":[{"href":"https:\/\/dogpride.nl\/de\/wp-json\/wp\/v2\/product"}],"about":[{"href":"https:\/\/dogpride.nl\/de\/wp-json\/wp\/v2\/types\/product"}],"wp:featuredmedia":[{"embeddable":true,"href":"https:\/\/dogpride.nl\/de\/wp-json\/wp\/v2\/media\/77285"}],"wp:attachment":[{"href":"https:\/\/dogpride.nl\/de\/wp-json\/wp\/v2\/media?parent=77284"}],"wp:term":[{"taxonomy":"product_brand","embeddable":true,"href":"https:\/\/dogpride.nl\/de\/wp-json\/wp\/v2\/product_brand?post=77284"},{"taxonomy":"product_cat","embeddable":true,"href":"https:\/\/dogpride.nl\/de\/wp-json\/wp\/v2\/product_cat?post=77284"},{"taxonomy":"product_tag","embeddable":true,"href":"https:\/\/dogpride.nl\/de\/wp-json\/wp\/v2\/product_tag?post=77284"}],"curies":[{"name":"wp","href":"https:\/\/api.w.org\/{rel}","templated":true}]}}