{"id":77273,"date":"2021-11-19T15:12:05","date_gmt":"2021-11-19T14:12:05","guid":{"rendered":"https:\/\/www.dogpride.nl\/?post_type=product&#038;p=77273"},"modified":"2021-11-29T11:53:16","modified_gmt":"2021-11-29T10:53:16","slug":"puma-reflecterend-geel-steekvest-kr1-sp1","status":"publish","type":"product","link":"https:\/\/dogpride.nl\/de\/puma-reflecterend-geel-steekvest-kr1-sp1\/","title":{"rendered":"Puma reflektierende gelbe Stichweste KR1-SP1"},"content":{"rendered":"<h4>Puma reflektierende gelbe Stichweste KR1-SP1<\/h4>\n<p>Die reflektierende gelbe Puma Stichschutzweste KR1-SP1 Titanskin der Marke Engarde ist eine \u00e4u\u00dfere oder offene Stichschutzweste f\u00fcr die Transportsicherheit und Verkehrs\u00fcberwachung, die f\u00fcr M\u00e4nner und Frauen geeignet ist. Diese l\u00e4ssig aussehende Jacke verf\u00fcgt \u00fcber einen Rei\u00dfverschluss vorne und verstellbare Klettverschl\u00fcsse an der Seite und Schultergurte f\u00fcr optimalen Tragekomfort.<\/p>\n<p>Das Design der reflektierenden gelben Stichweste KR1-SP1 von Puma bietet Platz f\u00fcr gro\u00dfe aufgesetzte Stautaschen und einen Funkger\u00e4thalter mit Klettverschluss, Mikrofonschlaufen an der linken und rechten Schulter sowie zwei Stifthalter. Durch die Verwendung eines Heavy Duty Cordura-Bezugs ist die Puma-Weste au\u00dfergew\u00f6hnlich robust und langlebig. \u00ae<\/p>\n<h5>Diese Weste ist lediglich als Stichschutzweste zertifiziert und somit ohne Genehmigungen oder besondere Dokumente frei erh\u00e4ltlich.<\/h5>\n<p>Bei dieser reflektierenden gelben Stichweste KR1-SP1 von Puma steht die KR1 f\u00fcr Widerstandsf\u00e4higkeit gegen Angriffe mit Messern. Der Steckerwiderstand KR1 basiert auf den englischen HOSDB-Standards. Diese Anti-Messer-Schutzweste verf\u00fcgt \u00fcber einen Schutz, der auf einem Messerangriff mit einer Energie von 24 Joule basiert, wobei die Messerspitze nicht tiefer als 7 mm durch die Weste eindringen darf und bei einer Energie von 36 Joule die Spitze nicht tiefer eindringen darf mehr als 20 mm eindringen. Dies ist ein Schutz gegen einen \u00dcberarmmesserangriff mit einer soliden Klinge.<\/p>\n<p>Der SP1 ist ein Widerstand gegen Spike-Angriffe. Ahlen unterscheiden sich grundlegend von Messern, da sie eine sehr kleine Kontaktfl\u00e4che haben und sehr schwer zu stoppen sind. Angriffe mit Ahlen bedeuten; scharf gesch\u00e4rfte Schraubendreher, gesch\u00e4rfte N\u00e4gel, Eispickel, Stricknadeln usw. Die Spike-Widerstandsf\u00e4higkeit SP1 basiert ebenfalls auf englischen HOSDB-Standards. Dieser Schutz basiert auf einem Spike-Angriff mit einer Energie von 24 Joule, wobei die Spitze des Spikes nicht tiefer als 7 mm durch die Weste eindringen darf und bei einer Energie von 36 Joule die Spitze nicht tiefer als 20 mm eindringen darf. Dies ist ein Schutz gegen einen \u00dcberarm-Spike-Angriff mit einer soliden Ahle.<\/p>\n<h5>Gr\u00f6\u00dfen: XS-5XL<\/h5>\n<p><img loading=\"lazy\" decoding=\"async\" class=\"alignnone size-full wp-image-77240\" src=\"https:\/\/www.dogpride.nl\/wp-content\/uploads\/Maattabel-Engarde.jpg\" alt=\"\" width=\"605\" height=\"116\" srcset=\"https:\/\/dogpride.nl\/wp-content\/uploads\/Maattabel-Engarde.jpg 605w, https:\/\/dogpride.nl\/wp-content\/uploads\/Maattabel-Engarde-250x48.jpg 250w, https:\/\/dogpride.nl\/wp-content\/uploads\/Maattabel-Engarde-400x77.jpg 400w, https:\/\/dogpride.nl\/wp-content\/uploads\/Maattabel-Engarde-300x58.jpg 300w, https:\/\/dogpride.nl\/wp-content\/uploads\/Maattabel-Engarde-200x38.jpg 200w, https:\/\/dogpride.nl\/wp-content\/uploads\/Maattabel-Engarde-600x115.jpg 600w\" sizes=\"auto, (max-width: 605px) 100vw, 605px\" \/><\/p>","protected":false},"excerpt":{"rendered":"<p>Die reflektierende gelbe Stichweste KR1-SP1 von Puma ist eine \u00e4u\u00dfere oder offene Stichweste f\u00fcr die Transportsicherheit und Verkehrs\u00fcberwachung, die f\u00fcr Frauen und M\u00e4nner geeignet ist.<\/p>","protected":false},"featured_media":77274,"template":"","meta":[],"product_brand":[],"product_cat":[2911],"product_tag":[],"class_list":{"0":"post-77273","1":"product","2":"type-product","3":"status-publish","4":"has-post-thumbnail","6":"product_cat-pbm","8":"first","9":"instock","10":"taxable","11":"shipping-taxable","12":"purchasable","13":"product-type-variable"},"mb":[],"mfb_rest_fields":["title"],"_links":{"self":[{"href":"https:\/\/dogpride.nl\/de\/wp-json\/wp\/v2\/product\/77273","targetHints":{"allow":["GET"]}}],"collection":[{"href":"https:\/\/dogpride.nl\/de\/wp-json\/wp\/v2\/product"}],"about":[{"href":"https:\/\/dogpride.nl\/de\/wp-json\/wp\/v2\/types\/product"}],"wp:featuredmedia":[{"embeddable":true,"href":"https:\/\/dogpride.nl\/de\/wp-json\/wp\/v2\/media\/77274"}],"wp:attachment":[{"href":"https:\/\/dogpride.nl\/de\/wp-json\/wp\/v2\/media?parent=77273"}],"wp:term":[{"taxonomy":"product_brand","embeddable":true,"href":"https:\/\/dogpride.nl\/de\/wp-json\/wp\/v2\/product_brand?post=77273"},{"taxonomy":"product_cat","embeddable":true,"href":"https:\/\/dogpride.nl\/de\/wp-json\/wp\/v2\/product_cat?post=77273"},{"taxonomy":"product_tag","embeddable":true,"href":"https:\/\/dogpride.nl\/de\/wp-json\/wp\/v2\/product_tag?post=77273"}],"curies":[{"name":"wp","href":"https:\/\/api.w.org\/{rel}","templated":true}]}}