{"id":77269,"date":"2021-11-19T15:05:35","date_gmt":"2021-11-19T14:05:35","guid":{"rendered":"https:\/\/www.dogpride.nl\/?post_type=product&#038;p=77269"},"modified":"2021-12-13T12:33:20","modified_gmt":"2021-12-13T11:33:20","slug":"goedkoop-steekvest-basic-economic","status":"publish","type":"product","link":"https:\/\/dogpride.nl\/de\/goedkoop-steekvest-basic-economic\/","title":{"rendered":"G\u00fcnstige Stichweste Basic Economic"},"content":{"rendered":"<h4>G\u00fcnstige Stichweste Basic Economic<\/h4>\n<p>G\u00fcnstige Stichweste Basic Economic. Stichsichere Weste gegen Messer, Ahlen und Nadeln. Schlagfeste Weste zum Schutz vor Stockschl\u00e4gen oder Faustschl\u00e4gen. Die preiswerte Stichweste Basic ist eine preiswerte Anti-Aggressionsweste, die speziell f\u00fcr das diskrete Tragen unter Kleidung wie einem Security-Sweatshirt, einem Pullover oder einem schnittfesten T-Shirt entwickelt wurde. Die Weste ist vollst\u00e4ndig von einer 2,2 mm dicken Kunststoffpanzerung und zwei Taschen (vorne und hinten) mit harten Aluminium-Schutzplatten umgeben. Stichfestigkeit ca. 14 Joule auf der Aluminiumplatte.<\/p>\n<p>G\u00fcnstiger, effizienter Basisschutz gegen Messerstechereien.<\/p>\n<p>Wird h\u00e4ufig von der \u00f6rtlichen Sicherheit auf Festivals, Jugendbewegungen, Karnevalen usw. verwendet.<\/p>\n<p>Gr\u00f6\u00dfen: SM und L-XL<\/p>","protected":false},"excerpt":{"rendered":"<p>G\u00fcnstige Steckweste Basic Economic. Stichsichere Weste gegen Messer, Ahlen und Nadeln. Schlagfeste Weste zum Schutz vor Stockschl\u00e4gen oder Faustschl\u00e4gen.<\/p>","protected":false},"featured_media":77270,"template":"","meta":[],"product_brand":[],"product_cat":[2911],"product_tag":[],"class_list":{"0":"post-77269","1":"product","2":"type-product","3":"status-publish","4":"has-post-thumbnail","6":"product_cat-pbm","8":"first","9":"instock","10":"taxable","11":"shipping-taxable","12":"purchasable","13":"product-type-variable"},"mb":[],"mfb_rest_fields":["title"],"_links":{"self":[{"href":"https:\/\/dogpride.nl\/de\/wp-json\/wp\/v2\/product\/77269","targetHints":{"allow":["GET"]}}],"collection":[{"href":"https:\/\/dogpride.nl\/de\/wp-json\/wp\/v2\/product"}],"about":[{"href":"https:\/\/dogpride.nl\/de\/wp-json\/wp\/v2\/types\/product"}],"wp:featuredmedia":[{"embeddable":true,"href":"https:\/\/dogpride.nl\/de\/wp-json\/wp\/v2\/media\/77270"}],"wp:attachment":[{"href":"https:\/\/dogpride.nl\/de\/wp-json\/wp\/v2\/media?parent=77269"}],"wp:term":[{"taxonomy":"product_brand","embeddable":true,"href":"https:\/\/dogpride.nl\/de\/wp-json\/wp\/v2\/product_brand?post=77269"},{"taxonomy":"product_cat","embeddable":true,"href":"https:\/\/dogpride.nl\/de\/wp-json\/wp\/v2\/product_cat?post=77269"},{"taxonomy":"product_tag","embeddable":true,"href":"https:\/\/dogpride.nl\/de\/wp-json\/wp\/v2\/product_tag?post=77269"}],"curies":[{"name":"wp","href":"https:\/\/api.w.org\/{rel}","templated":true}]}}