{"id":77259,"date":"2021-11-19T13:10:06","date_gmt":"2021-11-19T12:10:06","guid":{"rendered":"https:\/\/www.dogpride.nl\/?post_type=product&#038;p=77259"},"modified":"2021-11-29T12:33:24","modified_gmt":"2021-11-29T11:33:24","slug":"helios-basic-economic-steekvest-geel","status":"publish","type":"product","link":"https:\/\/dogpride.nl\/de\/helios-basic-economic-steekvest-geel\/","title":{"rendered":"Helios Basic wirtschaftliche Stichweste Gelb"},"content":{"rendered":"<h4>Helios Basic wirtschaftliche Stichweste Gelb<\/h4>\n<p>Die preiswerte Helios Basic Stichschutzweste Gelb wurde f\u00fcr Freiwillige zusammengestellt, die aus eigenen Mitteln eine Schutzweste kaufen m\u00fcssen. Die fluoreszierende und gut sichtbare Helios Basic Economic Stichschutzweste Gelb ist mit einer Basic Economic Stichschutzweste ausgestattet.<\/p>\n<p>Diese Stichschutzweste ist nicht offiziell zertifiziert, was sie deutlich g\u00fcnstiger macht, wird aber h\u00e4ufig zur Veranstaltungssicherung wie Karneval oder Musikfestivals eingesetzt und eignet sich hervorragend zur Personenverteidigung.<\/p>\n<p>Durch die Verwendung eines Kunststoffgeschirrs als Stichschutz eignet sich diese Weste auch zum Stoppen d\u00fcnner Nadeln oder Injektionsnadeln. Dies ist daher ein Vorteil f\u00fcr den Rettungsdienst. Auch als Schutz vor Angriffen mit zerbrochenen Glasflaschen, vor Stockschl\u00e4gen oder Faustschl\u00e4gen wird diese Kunststoffweste sehr gesch\u00e4tzt.<\/p>\n<p>Die grundlegende Stichschutzweste Economic enth\u00e4lt eine quadratische Aluminiumplatte zum Schutz der lebenswichtigsten Organe rund um die Herzregion. Zusammen mit dem Kunststoffgeschirr ergibt sich eine Stichfestigkeit von bis zu 14 Joule.<\/p>\n<p>Die gesamte Stichschutzweste Basic Economic wird in den Helios-Bezug geschoben. Sie werden daher zusammen getragen, k\u00f6nnen aber auch einzeln getragen werden.<\/p>\n<p><strong>Keine Stichschutzweste ist stichsicher! Wenn Sie die Stichfestigkeit erh\u00f6hen m\u00f6chten, sind schwerere Stichschutzplatten erh\u00e4ltlich.<\/strong><\/p>\n<p>Gr\u00f6\u00dfen: S-3XL<\/p>","protected":false},"excerpt":{"rendered":"<p>Helios Basic wirtschaftliche Stichweste Gelb f\u00fcr Freiwillige, die aus eigenen Mitteln eine Schutzweste kaufen m\u00fcssen!<\/p>","protected":false},"featured_media":77260,"template":"","meta":[],"product_brand":[],"product_cat":[2911],"product_tag":[],"class_list":{"0":"post-77259","1":"product","2":"type-product","3":"status-publish","4":"has-post-thumbnail","6":"product_cat-pbm","8":"first","9":"instock","10":"taxable","11":"shipping-taxable","12":"purchasable","13":"product-type-variable"},"mb":[],"mfb_rest_fields":["title"],"_links":{"self":[{"href":"https:\/\/dogpride.nl\/de\/wp-json\/wp\/v2\/product\/77259","targetHints":{"allow":["GET"]}}],"collection":[{"href":"https:\/\/dogpride.nl\/de\/wp-json\/wp\/v2\/product"}],"about":[{"href":"https:\/\/dogpride.nl\/de\/wp-json\/wp\/v2\/types\/product"}],"wp:featuredmedia":[{"embeddable":true,"href":"https:\/\/dogpride.nl\/de\/wp-json\/wp\/v2\/media\/77260"}],"wp:attachment":[{"href":"https:\/\/dogpride.nl\/de\/wp-json\/wp\/v2\/media?parent=77259"}],"wp:term":[{"taxonomy":"product_brand","embeddable":true,"href":"https:\/\/dogpride.nl\/de\/wp-json\/wp\/v2\/product_brand?post=77259"},{"taxonomy":"product_cat","embeddable":true,"href":"https:\/\/dogpride.nl\/de\/wp-json\/wp\/v2\/product_cat?post=77259"},{"taxonomy":"product_tag","embeddable":true,"href":"https:\/\/dogpride.nl\/de\/wp-json\/wp\/v2\/product_tag?post=77259"}],"curies":[{"name":"wp","href":"https:\/\/api.w.org\/{rel}","templated":true}]}}