{"id":77250,"date":"2021-11-19T13:02:31","date_gmt":"2021-11-19T12:02:31","guid":{"rendered":"https:\/\/www.dogpride.nl\/?post_type=product&#038;p=77250"},"modified":"2026-02-24T11:40:42","modified_gmt":"2026-02-24T10:40:42","slug":"puma-k1-security-economic-steekvest-geel","status":"publish","type":"product","link":"https:\/\/dogpride.nl\/de\/puma-k1-security-economic-steekvest-geel\/","title":{"rendered":"Puma K1 Security Economic Stichweste Gelb"},"content":{"rendered":"<h4>Puma K1 Security Economic Stichweste Gelb<\/h4>\n<p>Die Puma K1 Sicherheits-Wirtschafts-Stichweste Gelb ist eine g\u00fcnstige L\u00f6sung f\u00fcr Karneval, Nachbarschaftsfeste oder Musikveranstaltungen, bei denen Ordner oder Sicherheitspersonal diskret eine stichfeste, sto\u00dffeste und schlagfeste Weste tragen m\u00fcssen und trotzdem bei einem Wirtschaftstag ordentlich und perfekt aussehen m\u00fcssen Preis.<\/p>\n<p>Oftmals dauern diese Feierlichkeiten nur wenige Tage, doch heutzutage ist es unverantwortlich, Sicherheitsma\u00dfnahmen ohne Schutz vor einer Stichwaffe durchzuf\u00fchren. Da es sich in der Regel um mehrere Sicherheitskr\u00e4fte f\u00fcr kurze Zeit handelt, ist es nicht m\u00f6glich, alle Sicherheitskr\u00e4fte mit einer hochwertigen Stichschutzweste auszustatten, daher diese Alternative.<\/p>\n<p>Dieses Set enth\u00e4lt eine gelbe, reflektierende Puma\u2122-Au\u00dfenh\u00fclle und ein stichfestes Sicherheits-Economic, das K1-zertifiziert ist.<\/p>\n<p>Der fluoreszierend gelbe, reflektierende Puma\u2122-Bezug besteht aus strapazierf\u00e4higem Heavy Duty Cordura\u00ae. Die Puma\u2122-Weste wurde speziell f\u00fcr das offene Tragen \u00fcber der Kleidung entwickelt und ist sowohl f\u00fcr M\u00e4nner als auch f\u00fcr Frauen geeignet. Gut verstellbar und anpassbar f\u00fcr eine gute Passform. Verf\u00fcgt \u00fcber einen Rei\u00dfverschluss in der Mitte der Vorderseite und zwei aufgesetzte Taschen mit Klettverschlusssystem, zwei Stifthalter und Mikrofonschlaufen an den Schultern. Diese fluoreszierende gelbe reflektierende Puma\u2122-Weste wird oft \u00fcber der Kleidung oder als Uniform von Stewards, Transportkontrolleuren, Verkehrskontrollen oder Rettungsdiensten getragen.<\/p>\n<p>Die Stichschutzweste \u201eSecurity Economic\u201c ist eine Mehrzweckweste, die sowohl unter als auch \u00fcber der Kleidung getragen werden kann. Die Weste ist komplett mit einem 2,2 mm dicken Kunststoffgurt ausgestattet, der bis zu den Schultern reicht. Die Security Economic Weste ist mit zwei Taschen mit Hartaluminiumplatten von 1,6 mm Dicke ausgestattet, die nach der deutschen Norm KDIW 2004 als Stichschutzklasse K1 gegen Messer zertifiziert sind.<\/p>\n<p>Dies ist die niedrigste offizielle Zertifizierung f\u00fcr Messer, bei denen die Spitze eines P1\/B-Messers die Platte mit einer Kraft von 15 Joule bis maximal 10 mm und eine Kraft von 25 Joule bis maximal 20 mm durchdringen kann mm. Hierbei handelt es sich um einen praktischen Stichschutz gegen Angriffe mit Taschenmessern oder K\u00fcchenmessern, der die lebenswichtigsten Organe rund um die Herzregion sch\u00fctzt.<\/p>\n<p>Die Stichschutzweste Security Economic K1 ist vollst\u00e4ndig in die reflektierende Puma\u2122-H\u00fclle eingelassen. Beide Teile der Schutzweste bzw. Stichweste k\u00f6nnen bei Bedarf separat getragen werden.<\/p>\n<p>Durch die Verwendung eines Kunststoffgeschirrs als Stichschutz eignet sich diese Weste auch zum Stoppen d\u00fcnner Nadeln oder Injektionsnadeln. Dies ist daher ein Vorteil f\u00fcr den Rettungsdienst. Auch als Schutz gegen Angriffe mit zerbrochenen Glasflaschen wird diese Kunststoffpanzerung sehr gesch\u00e4tzt. Zerbrochene Glasflaschen k\u00f6nnen manchmal sehr d\u00fcnne Glassplitter aufweisen.<\/p>\n<p>Diese Kombination mit Kunststoffpanzerung und Aluminiumplatten ist zudem sto\u00df-, sto\u00df- und stichfest und sch\u00fctzt den Tr\u00e4ger zus\u00e4tzlich vor Stockschl\u00e4gen und Faustschl\u00e4gen entlang der Seite der Weste.<\/p>\n<p>Diese Kunststoffpanzerung sch\u00fctzt auch die K\u00f6rperseite vor Schl\u00e4gen, Tritten oder Tritten in die Rippen. Schutz vor gebrochenen oder geprellten Rippen.<\/p>\n<p>Keine Stichschutzweste ist stichsicher und sch\u00fctzt entsprechend ihrer Klassifizierung. K1-zertifiziert, 15-25 Joule stichfest, nur auf der Aluminiumplatte!<\/p>\n<p>Gr\u00f6\u00dfen Puma K1 Sicherheits-Wirtschaftsstichweste Gelb: M-4XL<\/p>\n<p><img loading=\"lazy\" decoding=\"async\" class=\"alignnone size-full wp-image-77240\" src=\"https:\/\/www.dogpride.nl\/wp-content\/uploads\/Maattabel-Engarde.jpg\" alt=\"\" width=\"605\" height=\"116\" srcset=\"https:\/\/dogpride.nl\/wp-content\/uploads\/Maattabel-Engarde.jpg 605w, https:\/\/dogpride.nl\/wp-content\/uploads\/Maattabel-Engarde-250x48.jpg 250w, https:\/\/dogpride.nl\/wp-content\/uploads\/Maattabel-Engarde-400x77.jpg 400w, https:\/\/dogpride.nl\/wp-content\/uploads\/Maattabel-Engarde-300x58.jpg 300w, https:\/\/dogpride.nl\/wp-content\/uploads\/Maattabel-Engarde-200x38.jpg 200w, https:\/\/dogpride.nl\/wp-content\/uploads\/Maattabel-Engarde-600x115.jpg 600w\" sizes=\"auto, (max-width: 605px) 100vw, 605px\" \/><\/p>","protected":false},"excerpt":{"rendered":"<p>Die Puma K1 Sicherheits-Wirtschaftsstichweste Gelb sch\u00fctzt auch die K\u00f6rperseite vor Schl\u00e4gen, Stampfen oder Tritten in die Rippen.<\/p>","protected":false},"featured_media":77251,"template":"","meta":[],"product_brand":[],"product_cat":[2911],"product_tag":[],"class_list":{"0":"post-77250","1":"product","2":"type-product","3":"status-publish","4":"has-post-thumbnail","6":"product_cat-pbm","8":"first","9":"outofstock","10":"taxable","11":"shipping-taxable","12":"purchasable","13":"product-type-variable"},"mb":[],"mfb_rest_fields":["title"],"_links":{"self":[{"href":"https:\/\/dogpride.nl\/de\/wp-json\/wp\/v2\/product\/77250","targetHints":{"allow":["GET"]}}],"collection":[{"href":"https:\/\/dogpride.nl\/de\/wp-json\/wp\/v2\/product"}],"about":[{"href":"https:\/\/dogpride.nl\/de\/wp-json\/wp\/v2\/types\/product"}],"wp:featuredmedia":[{"embeddable":true,"href":"https:\/\/dogpride.nl\/de\/wp-json\/wp\/v2\/media\/77251"}],"wp:attachment":[{"href":"https:\/\/dogpride.nl\/de\/wp-json\/wp\/v2\/media?parent=77250"}],"wp:term":[{"taxonomy":"product_brand","embeddable":true,"href":"https:\/\/dogpride.nl\/de\/wp-json\/wp\/v2\/product_brand?post=77250"},{"taxonomy":"product_cat","embeddable":true,"href":"https:\/\/dogpride.nl\/de\/wp-json\/wp\/v2\/product_cat?post=77250"},{"taxonomy":"product_tag","embeddable":true,"href":"https:\/\/dogpride.nl\/de\/wp-json\/wp\/v2\/product_tag?post=77250"}],"curies":[{"name":"wp","href":"https:\/\/api.w.org\/{rel}","templated":true}]}}