{"id":77238,"date":"2021-11-19T12:50:56","date_gmt":"2021-11-19T11:50:56","guid":{"rendered":"https:\/\/www.dogpride.nl\/?post_type=product&#038;p=77238"},"modified":"2024-06-18T08:48:07","modified_gmt":"2024-06-18T06:48:07","slug":"puma-steekwerende-vest-kr1-sp1-titanskin-blauw","status":"publish","type":"product","link":"https:\/\/dogpride.nl\/de\/puma-steekwerende-vest-kr1-sp1-titanskin-blauw\/","title":{"rendered":"Puma Stichschutzweste KR1-SP1 Titanskin blau"},"content":{"rendered":"<h4>Puma Stichschutzweste KR1-SP1 Titanskin blau<\/h4>\n<p>Die blaue Puma Stichschutzweste KR1-SP1 Titanskin blau der Marke Engarde ist eine \u00e4u\u00dfere oder offene Stichschutzweste f\u00fcr Polizei- und Sicherheitspersonal, geeignet f\u00fcr M\u00e4nner und Frauen. Diese l\u00e4ssig aussehende Jacke verf\u00fcgt \u00fcber einen Rei\u00dfverschluss vorne und verstellbare Klettverschl\u00fcsse an der Seite und Schultergurte f\u00fcr optimalen Tragekomfort.<\/p>\n<p>Das marineblaue Puma-Design bietet Platz f\u00fcr zwei gro\u00dfe aufgesetzte Taschen mit Klettverschluss, Mikrofonschlaufen an der linken und rechten Schulter sowie zwei Stifthalter. Durch die Verwendung eines Heavy Duty Cordura-Bezugs ist die Puma-Weste au\u00dfergew\u00f6hnlich robust und langlebig. \u00ae<\/p>\n<h5>Diese Weste ist lediglich als Stichschutzweste zertifiziert und somit ohne Genehmigungen oder besondere Dokumente frei erh\u00e4ltlich.<\/h5>\n<p>Bei dieser Puma Stichschutzweste KR1-SP1 Titanskin blau steht der KR1 f\u00fcr Widerstandsf\u00e4higkeit gegen Angriffe mit Messern. Der Steckerwiderstand KR1 basiert auf den englischen HOSDB-Standards. Diese Anti-Messer-Schutzweste verf\u00fcgt \u00fcber einen Schutz, der auf einem Messerangriff mit einer Energie von 24 Joule basiert, wobei die Messerspitze nicht tiefer als 7 mm durch die Weste eindringen darf und bei einer Energie von 36 Joule darf die Spitze nicht tiefer als 7 mm durch die Weste eindringen mehr als 20 mm eindringen. Dies ist ein Schutz gegen einen \u00dcberarmmesserangriff mit einer soliden Klinge.<\/p>\n<p>Der SP1 ist ein Widerstand gegen Spike-Angriffe. Ahlen unterscheiden sich grundlegend von Messern, da sie eine sehr kleine Kontaktfl\u00e4che haben und sehr schwer zu stoppen sind. Angriffe mit Ahlen bedeuten; scharf gesch\u00e4rfte Schraubendreher, gesch\u00e4rfte N\u00e4gel, Eispickel, Stricknadeln usw. Die Spike-Widerstandsf\u00e4higkeit SP1 basiert ebenfalls auf englischen HOSDB-Standards. Dieser Schutz basiert auf einem Spike-Angriff mit einer Energie von 24 Joule, wobei die Spitze des Spikes nicht tiefer als 7 mm durch die Weste eindringen darf und bei einer Energie von 36 Joule die Spitze nicht tiefer als 20 mm eindringen darf. Dies ist ein Schutz gegen einen \u00dcberarm-Spike-Angriff mit einer soliden Ahle.<\/p>\n<p>Maten Puma steekwerende vest KR1-SP1 Titanskin blauw: XS-3XL<\/p>\n<p><img loading=\"lazy\" decoding=\"async\" class=\"alignnone size-full wp-image-77240\" src=\"https:\/\/www.dogpride.nl\/wp-content\/uploads\/Maattabel-Engarde.jpg\" alt=\"\" width=\"605\" height=\"116\" srcset=\"https:\/\/dogpride.nl\/wp-content\/uploads\/Maattabel-Engarde.jpg 605w, https:\/\/dogpride.nl\/wp-content\/uploads\/Maattabel-Engarde-250x48.jpg 250w, https:\/\/dogpride.nl\/wp-content\/uploads\/Maattabel-Engarde-400x77.jpg 400w, https:\/\/dogpride.nl\/wp-content\/uploads\/Maattabel-Engarde-300x58.jpg 300w, https:\/\/dogpride.nl\/wp-content\/uploads\/Maattabel-Engarde-200x38.jpg 200w, https:\/\/dogpride.nl\/wp-content\/uploads\/Maattabel-Engarde-600x115.jpg 600w\" sizes=\"auto, (max-width: 605px) 100vw, 605px\" \/><\/p>","protected":false},"excerpt":{"rendered":"<p>Puma Stichschutzweste KR1-SP1 Titanskin blau f\u00fcr Polizeipersonal und Sicherheitspersonal, geeignet f\u00fcr Damen und Herren.<\/p>","protected":false},"featured_media":77239,"template":"","meta":[],"product_brand":[],"product_cat":[2911],"product_tag":[],"class_list":{"0":"post-77238","1":"product","2":"type-product","3":"status-publish","4":"has-post-thumbnail","6":"product_cat-pbm","8":"first","9":"instock","10":"taxable","11":"shipping-taxable","12":"purchasable","13":"product-type-variable"},"mb":[],"mfb_rest_fields":["title"],"_links":{"self":[{"href":"https:\/\/dogpride.nl\/de\/wp-json\/wp\/v2\/product\/77238","targetHints":{"allow":["GET"]}}],"collection":[{"href":"https:\/\/dogpride.nl\/de\/wp-json\/wp\/v2\/product"}],"about":[{"href":"https:\/\/dogpride.nl\/de\/wp-json\/wp\/v2\/types\/product"}],"wp:featuredmedia":[{"embeddable":true,"href":"https:\/\/dogpride.nl\/de\/wp-json\/wp\/v2\/media\/77239"}],"wp:attachment":[{"href":"https:\/\/dogpride.nl\/de\/wp-json\/wp\/v2\/media?parent=77238"}],"wp:term":[{"taxonomy":"product_brand","embeddable":true,"href":"https:\/\/dogpride.nl\/de\/wp-json\/wp\/v2\/product_brand?post=77238"},{"taxonomy":"product_cat","embeddable":true,"href":"https:\/\/dogpride.nl\/de\/wp-json\/wp\/v2\/product_cat?post=77238"},{"taxonomy":"product_tag","embeddable":true,"href":"https:\/\/dogpride.nl\/de\/wp-json\/wp\/v2\/product_tag?post=77238"}],"curies":[{"name":"wp","href":"https:\/\/api.w.org\/{rel}","templated":true}]}}