{"id":77197,"date":"2021-11-18T15:59:35","date_gmt":"2021-11-18T14:59:35","guid":{"rendered":"https:\/\/www.dogpride.nl\/?post_type=product&#038;p=77197"},"modified":"2021-12-13T12:38:53","modified_gmt":"2021-12-13T11:38:53","slug":"snijwerende-leren-handschoenen-lvl5-vbr-pg-40","status":"publish","type":"product","link":"https:\/\/dogpride.nl\/de\/snijwerende-leren-handschoenen-lvl5-vbr-pg-40\/","title":{"rendered":"Schnittfeste Lederhandschuhe Stufe 5 VBR-PG-40"},"content":{"rendered":"<h4>Schnittfeste Lederhandschuhe Stufe 5 VBR-PG-40<\/h4>\n<p>Schnittfeste Lederhandschuhe Lvl5 VBR-PG-40 von Honeywell f\u00fcr Sicherheitspersonal und Sicherheit.<br \/>\nDiese schnittfesten Handschuhe sind vergleichbar mit klassischen schwarzen Lederhandschuhen, sind jedoch speziell rundum mit einem schnittfesten Spectra-Futter ausgestattet.<br \/>\nDie Handschuhe haben eine Schnittfestigkeit der Stufe 5 und eine weiche Lederau\u00dfenseite. Diese traditionellen schnittfesten Handschuhe aus weichem Leder bieten langanhaltenden Schnittschutz in einem komfortablen Design.<\/p>\n<p>Es handelt sich um Lederhandschuhe, mit denen fast jeder seine H\u00e4nde vor Schnittverletzungen sch\u00fctzen kann.<\/p>\n<p>Die sch\u00f6nen, weichen und bequemen schwarzen Lederhandschuhe haben eine hohe Schnittfestigkeit von Spectra Level 5.<\/p>\n<h5>Die Lederhandschuhe lvl5 VBR-PG-40 sind f\u00fcr Milit\u00e4r, Polizei und Personenverteidigung geeignet und k\u00f6nnen online erworben werden.<\/h5>\n<p><img loading=\"lazy\" decoding=\"async\" class=\"alignnone wp-image-77196 size-full\" src=\"https:\/\/www.dogpride.nl\/wp-content\/uploads\/Maattabelhandschoenen-1-8.jpg\" alt=\"Maattabel\" width=\"301\" height=\"341\" srcset=\"https:\/\/dogpride.nl\/wp-content\/uploads\/Maattabelhandschoenen-1-8.jpg 301w, https:\/\/dogpride.nl\/wp-content\/uploads\/Maattabelhandschoenen-1-8-250x283.jpg 250w, https:\/\/dogpride.nl\/wp-content\/uploads\/Maattabelhandschoenen-1-8-265x300.jpg 265w, https:\/\/dogpride.nl\/wp-content\/uploads\/Maattabelhandschoenen-1-8-200x227.jpg 200w\" sizes=\"auto, (max-width: 301px) 100vw, 301px\" \/><\/p>","protected":false},"excerpt":{"rendered":"<p>Schnittfeste Lederhandschuhe Lvl5 VBR-PG-40 von Honeywell f\u00fcr Wachpersonal und Security.<\/p>","protected":false},"featured_media":77198,"template":"","meta":[],"product_brand":[],"product_cat":[2911],"product_tag":[],"class_list":{"0":"post-77197","1":"product","2":"type-product","3":"status-publish","4":"has-post-thumbnail","6":"product_cat-pbm","8":"first","9":"instock","10":"taxable","11":"shipping-taxable","12":"purchasable","13":"product-type-variable"},"mb":[],"mfb_rest_fields":["title"],"_links":{"self":[{"href":"https:\/\/dogpride.nl\/de\/wp-json\/wp\/v2\/product\/77197","targetHints":{"allow":["GET"]}}],"collection":[{"href":"https:\/\/dogpride.nl\/de\/wp-json\/wp\/v2\/product"}],"about":[{"href":"https:\/\/dogpride.nl\/de\/wp-json\/wp\/v2\/types\/product"}],"wp:featuredmedia":[{"embeddable":true,"href":"https:\/\/dogpride.nl\/de\/wp-json\/wp\/v2\/media\/77198"}],"wp:attachment":[{"href":"https:\/\/dogpride.nl\/de\/wp-json\/wp\/v2\/media?parent=77197"}],"wp:term":[{"taxonomy":"product_brand","embeddable":true,"href":"https:\/\/dogpride.nl\/de\/wp-json\/wp\/v2\/product_brand?post=77197"},{"taxonomy":"product_cat","embeddable":true,"href":"https:\/\/dogpride.nl\/de\/wp-json\/wp\/v2\/product_cat?post=77197"},{"taxonomy":"product_tag","embeddable":true,"href":"https:\/\/dogpride.nl\/de\/wp-json\/wp\/v2\/product_tag?post=77197"}],"curies":[{"name":"wp","href":"https:\/\/api.w.org\/{rel}","templated":true}]}}