{"id":77186,"date":"2021-11-18T14:56:12","date_gmt":"2021-11-18T13:56:12","guid":{"rendered":"https:\/\/www.dogpride.nl\/?post_type=product&#038;p=77186"},"modified":"2025-10-15T10:17:21","modified_gmt":"2025-10-15T08:17:21","slug":"alpha-turtleskin-naald-en-snijwerende-handschoen","status":"publish","type":"product","link":"https:\/\/dogpride.nl\/de\/alpha-turtleskin-naald-en-snijwerende-handschoen\/","title":{"rendered":"Alpha Turtleskin naald en snijwerende handschoen"},"content":{"rendered":"<h4>Alpha Turtleskin naald en snijwerende handschoen<\/h4>\n<p>Alpha Turtleskin naald en snijwerende handschoen<\/p>\n<p>D\u00fcnne nadel- und schnittfeste Polizeihandschuhe Alpha der Marke Turtleskin. Bekannte und h\u00e4ufig verwendete Polizeihandschuhe.<br \/>\nAlpha Turtleskin naald en snijwerende handschoen zijn speciaal ontworpen om een goede snij-en injectienaald bescherming te bieden en toch flexibel genoeg te zijn om het traditionele politiewerk uit te voeren.<br \/>\nDas patentierte Turtleskin-Material bietet einen sehr guten Schutz vor feinen Nadeln von Spritzen, ist schnittfest und befindet sich auf der Handfl\u00e4che, den Fingern und den Fingerkuppen. Die Oberseite der Hand ist mit einem schnittfesten Material ausgestattet, das W\u00e4rme und Schutz bietet.<\/p>\n<p>De Alpha Turtleskin naald en snijwerende handschoen bieden een hoge mate van beweeglijkheid en vingergevoeligheid. Alle afmetingen zijn dusdanig ontwikkeld zodat ze een ideale combinatie van bescherming en beweeglijkheid vormen waardoor de politie en bewakers hun taken van fouillering tot het bedienen van wapens met volle vertrouwen en comfort kunnen uitvoeren. Uitermate geschikt voor het bedienen van pistolen met een kleine trekker beugel zoals deze van een Glock, S&amp;W, Walther<\/p>\n<p>Speziell f\u00fcr die Damen bei der Polizei oder im Sicherheitsdienst, die keine kleinen Handschuhgr\u00f6\u00dfen zur Verf\u00fcgung haben, haben wir die Schnitt- und Nadelschutzhandschuhe Alpha in den kleinen Gr\u00f6\u00dfen XS und S auf Lager.<\/p>\n<p>Pflege der Alpha Turtleskin Nadel- und Schnittschutzhandschuhe DP: Handw\u00e4sche mit kaltem Wasser und milder Seife. Formen und flach hinlegen, bis es trocken ist.<\/p>\n<p><strong>Spezifikationen<\/strong><\/p>\n<ul>\n<li>Injektionsnadel und schnittfeste Handfl\u00e4che und Fingerspitzen<\/li>\n<li>Schnittfester Schutz am Handr\u00fccken<\/li>\n<li>Ausgezeichnete Fingerfertigkeit und Sensibilit\u00e4t<\/li>\n<li>Hochelastischer Strickr\u00fccken f\u00fcr eine gute Passform<\/li>\n<li>Griffpolster zur Erleichterung der Suche<\/li>\n<\/ul>\n<p><strong>Handwaschbar in kaltem Wasser und milder Seife, flach und in Form zum Trocknen hinlegen.<\/strong><\/p>\n<p>(Handschuhe nicht in der Maschine waschen, insbesondere nicht bei hei\u00dfen Temperaturen oder Kochen!)<\/p>\n<p><img loading=\"lazy\" decoding=\"async\" class=\"alignnone size-full wp-image-77196\" src=\"https:\/\/www.dogpride.nl\/wp-content\/uploads\/Maattabelhandschoenen-1-8.jpg\" alt=\"\" width=\"301\" height=\"341\" srcset=\"https:\/\/dogpride.nl\/wp-content\/uploads\/Maattabelhandschoenen-1-8.jpg 301w, https:\/\/dogpride.nl\/wp-content\/uploads\/Maattabelhandschoenen-1-8-250x283.jpg 250w, https:\/\/dogpride.nl\/wp-content\/uploads\/Maattabelhandschoenen-1-8-265x300.jpg 265w, https:\/\/dogpride.nl\/wp-content\/uploads\/Maattabelhandschoenen-1-8-200x227.jpg 200w\" sizes=\"auto, (max-width: 301px) 100vw, 301px\" \/><\/p>\n<p><a href=\"https:\/\/dogpride.nl\/de\/?s=alpha&amp;post_type=product\"><img loading=\"lazy\" decoding=\"async\" class=\"alignnone\" title=\"Alpha Turtleskin nadel- und schnittfeste Handschuhe DP\" src=\"https:\/\/dogpride.nl\/wp-content\/uploads\/GantantiaiguilleetanticoupureAlphaTurtleskin-4-2-150x150.jpg\" alt=\"Alpha Turtleskin naald- en snijwerende handschoenen DP\" width=\"150\" height=\"150\" \/><\/a><\/p>\n<p><span style=\"color: #ffffff;\"><a style=\"color: #ffffff;\" href=\"https:\/\/www.turtleskin.co\" target=\"_blank\" rel=\"noopener\">https:\/\/www.turtleskin.co<\/a>m\/<\/span><\/p>","protected":false},"excerpt":{"rendered":"<p>Alpha Turtleskin nadel- und schnittfeste Polizeihandschuhe DP<\/p>","protected":false},"featured_media":77187,"template":"","meta":[],"product_brand":[],"product_cat":[2911],"product_tag":[],"class_list":{"0":"post-77186","1":"product","2":"type-product","3":"status-publish","4":"has-post-thumbnail","6":"product_cat-pbm","8":"first","9":"instock","10":"taxable","11":"shipping-taxable","12":"purchasable","13":"product-type-variable"},"mb":[],"mfb_rest_fields":["title"],"_links":{"self":[{"href":"https:\/\/dogpride.nl\/de\/wp-json\/wp\/v2\/product\/77186","targetHints":{"allow":["GET"]}}],"collection":[{"href":"https:\/\/dogpride.nl\/de\/wp-json\/wp\/v2\/product"}],"about":[{"href":"https:\/\/dogpride.nl\/de\/wp-json\/wp\/v2\/types\/product"}],"wp:featuredmedia":[{"embeddable":true,"href":"https:\/\/dogpride.nl\/de\/wp-json\/wp\/v2\/media\/77187"}],"wp:attachment":[{"href":"https:\/\/dogpride.nl\/de\/wp-json\/wp\/v2\/media?parent=77186"}],"wp:term":[{"taxonomy":"product_brand","embeddable":true,"href":"https:\/\/dogpride.nl\/de\/wp-json\/wp\/v2\/product_brand?post=77186"},{"taxonomy":"product_cat","embeddable":true,"href":"https:\/\/dogpride.nl\/de\/wp-json\/wp\/v2\/product_cat?post=77186"},{"taxonomy":"product_tag","embeddable":true,"href":"https:\/\/dogpride.nl\/de\/wp-json\/wp\/v2\/product_tag?post=77186"}],"curies":[{"name":"wp","href":"https:\/\/api.w.org\/{rel}","templated":true}]}}