{"id":76930,"date":"2021-11-12T14:00:35","date_gmt":"2021-11-12T13:00:35","guid":{"rendered":"https:\/\/www.dogpride.nl\/?post_type=product&#038;p=76930"},"modified":"2025-11-06T14:54:04","modified_gmt":"2025-11-06T13:54:04","slug":"mypado-atlanta-hondenbed-kunstleer","status":"publish","type":"product","link":"https:\/\/dogpride.nl\/de\/mypado-atlanta-hondenbed-kunstleer\/","title":{"rendered":"MYPADO Atlanta Hundebett aus Kunstleder"},"content":{"rendered":"<h4>MYPADO Atlanta Hundebett aus Kunstleder<\/h4>\n<p>MYPADO Atlanta Hundebett aus Kunstleder<\/p>\n<h5>Ein Hundebett der Extraklasse.<\/h5>\n<p>Das MYPADO Atlanta Hundebett Kunstleder Atlanta ist elegant, robust und bequem. Ihr Hund wird es lieben und lange Freude daran haben. Weich gepolstert und mit einem hohen Rand gef\u00fcllt mit Polyesterwatte ist das Hundebett ein multifunktionaler Hundeplatz, der jede Pause zum Kuschelerlebnis f\u00fcr Ihren Vierbeiner macht.<br \/>\nDie bequeme Liegefl\u00e4che des mypado\u00ae Hundebetts Atlanta besteht aus einem mit Kaltschaum gef\u00fcllten Innenkissen und ist daher sowohl anschmiegsam als auch stabilisierend.<\/p>\n<h4>Alle unsere F\u00fcllmaterialien werden in Deutschland produziert und erf\u00fcllen h\u00f6chste Anforderungen an Formstabilit\u00e4t bei langfristiger und intensiver Nutzung. Zusammen mit dem besonders verschlei\u00dffesten Obermaterial ist unser mypado\u00ae Atlanta ein Hundebett absoluter Spitzenqualit\u00e4t.<\/h4>\n<p>De MYPADO Atlanta Hondenbed Kunstleer is gemaakt van een extreem vuilafstotend en gemakkelijk schoon te maken bovenwerk van synthetisch leer, zodat de hondenmand op elk moment snel en gemakkelijk kan worden onderhouden. Zo behoren hondenhaar en elke soort vlek tot het verleden. Een vochtig doekje is voldoende, zodat je trouwe viervoeter zich goed kan voelen, rusten, ontspannen&#8230; en jij ook.<\/p>\n<p>MYPADO Atlanta Hondenbed Kunstleer is verkrijgbaar in verschillende kleuren en verschillende maten van 90&#215;70 tot 120&#215;100 cm. Van de teckel tot de dobermann &#8211; iedereen zal hier iets vinden. Dankzij onze grote verscheidenheid aan kleuren vindt u voor alle betrokkenen de hondenmand van uw dromen, ook met het oog op uw eigen voorkeuren. Mypado\u00ae Atlanta is gewoon perfect en past bij bijna elk hondenras en interieur.<\/p>\n<h4>Das Innenkissen ist optional mit viskoelastischem Schaumstoff gef\u00fcllt erh\u00e4ltlich.<\/h4>\n<p>Beim Zusammenklappen des K\u00f6rpers passt sich der Viscoschaum individuell an und Druckstellen werden auf ein Minimum reduziert. Dadurch werden die Gelenke entlastet und die Wirbels\u00e4ule gest\u00fctzt.<br \/>\nViscoschaum erzeugt keinen aktiven Gegendruck. Der Viscoschaum wird mit einer Kaltschaummatratze verschwei\u00dft und sorgt so f\u00fcr die wichtige St\u00fctzung des K\u00f6rpers. Der Kern der Liegefl\u00e4che im Innenkissen (K) besteht aus 9 cm festem Schaumstoff (S) und einem 3 cm dicken viskoelastischen Schaumstoff (V) ummantelt mit Polyestervlies (U). Die Gesamth\u00f6he betr\u00e4gt 12 cm.<\/p>\n<h4><strong>AUSR\u00dcSTUNG UND WARTUNG<\/strong><\/h4>\n<ul>\n<li>Oberer Bezug: 100% PU-Kunstleder<\/li>\n<li>Wasserabweisend und schmutzabweisend<\/li>\n<li>Besonders scheuer- und abriebfest, dabei aber weich und angenehm im Griff<\/li>\n<\/ul>\n<h4><strong>Verf\u00fcgbare Gr\u00f6\u00dfen:\u00a0<\/strong><\/h4>\n<p>M &gt; Au\u00dfenma\u00dfe 90x70x28 (LxBxH), Innenma\u00dfe 65x54x12 (LxBxH)<br \/>\nRasse: Beagle, Cocker Spaniel, Australian Shepherd, Schnauzer usw.<\/p>\n<p>L &gt; Au\u00dfenma\u00dfe 110x90x30 (LxBxH), Innenma\u00dfe 80x75x12 (LxBxH)<br \/>\nRasse: Golden Retriever, Husky, Ridgeback, Labrador, Dalmatiner usw.<\/p>\n<p>XL &gt; Au\u00dfenma\u00dfe 120x100x32 (LxBxH), Innenma\u00dfe 94x76x12 (LxBxH)<br \/>\nRasse: Windhund, Sennenhund, Irischer Wolfshund usw.<\/p>\n<p>Bitte beachten Sie, dass es sich bei den angegebenen Ma\u00dfen um Au\u00dfenma\u00dfe inklusive Felge handelt. In der Regel nutzen die Hunde die Kante auch zum Anlehnen oder zum Auflegen des Kopfes.<\/p>\n<h4>Verf\u00fcgbare Farben: Schwarz, Wei\u00df, Grau, Creme, Hellbraun, Braun, Terrakotta, Rot, Marineblau, Gelb, Kiwi, Taupe<\/h4>\n<p><a href=\"https:\/\/www.mypado.de\/\" target=\"_blank\" rel=\"noopener\"><img loading=\"lazy\" decoding=\"async\" class=\"alignnone wp-image-141808 size-full\" src=\"https:\/\/dogpride.nl\/wp-content\/uploads\/logo-mypad-1.jpg\" alt=\"\" width=\"197\" height=\"75\" srcset=\"https:\/\/dogpride.nl\/wp-content\/uploads\/logo-mypad-1.jpg 197w, https:\/\/dogpride.nl\/wp-content\/uploads\/logo-mypad-1-18x7.jpg 18w\" sizes=\"auto, (max-width: 197px) 100vw, 197px\" \/><\/a><\/p>\n<p><a href=\"https:\/\/dogpride.nl\/de\/?s=harko&amp;post_type=product\"><img loading=\"lazy\" decoding=\"async\" class=\"alignnone\" title=\"MYPADO Atlanta Hundebett aus Kunstleder\" src=\"https:\/\/dogpride.nl\/wp-content\/uploads\/2144_1558312a86681f_1280x1280-150x150.jpg\" alt=\"MYPADO Atlanta Hondenbed Kunstleer\" width=\"150\" height=\"150\" \/><\/a><\/p>","protected":false},"excerpt":{"rendered":"<p>MYPADO Atlanta Hundebett aus Kunstleder. Atlanta ist elegant, robust und komfortabel. Ihr Hund wird es lieben und lange Freude daran haben.<\/p>","protected":false},"featured_media":76931,"template":"","meta":[],"product_brand":[],"product_cat":[3343],"product_tag":[3348,3354,3347,3350],"class_list":{"0":"post-76930","1":"product","2":"type-product","3":"status-publish","4":"has-post-thumbnail","6":"product_cat-mypado-hondenmanden","7":"product_tag-hondenmand","8":"product_tag-kunstleer","9":"product_tag-mypado","10":"product_tag-visco-elastisch","12":"first","13":"instock","14":"taxable","15":"shipping-taxable","16":"purchasable","17":"product-type-variable"},"mb":[],"mfb_rest_fields":["title"],"_links":{"self":[{"href":"https:\/\/dogpride.nl\/de\/wp-json\/wp\/v2\/product\/76930","targetHints":{"allow":["GET"]}}],"collection":[{"href":"https:\/\/dogpride.nl\/de\/wp-json\/wp\/v2\/product"}],"about":[{"href":"https:\/\/dogpride.nl\/de\/wp-json\/wp\/v2\/types\/product"}],"wp:featuredmedia":[{"embeddable":true,"href":"https:\/\/dogpride.nl\/de\/wp-json\/wp\/v2\/media\/76931"}],"wp:attachment":[{"href":"https:\/\/dogpride.nl\/de\/wp-json\/wp\/v2\/media?parent=76930"}],"wp:term":[{"taxonomy":"product_brand","embeddable":true,"href":"https:\/\/dogpride.nl\/de\/wp-json\/wp\/v2\/product_brand?post=76930"},{"taxonomy":"product_cat","embeddable":true,"href":"https:\/\/dogpride.nl\/de\/wp-json\/wp\/v2\/product_cat?post=76930"},{"taxonomy":"product_tag","embeddable":true,"href":"https:\/\/dogpride.nl\/de\/wp-json\/wp\/v2\/product_tag?post=76930"}],"curies":[{"name":"wp","href":"https:\/\/api.w.org\/{rel}","templated":true}]}}