{"id":76871,"date":"2021-11-12T11:34:34","date_gmt":"2021-11-12T10:34:34","guid":{"rendered":"https:\/\/www.dogpride.nl\/?post_type=product&#038;p=76871"},"modified":"2025-11-06T14:54:51","modified_gmt":"2025-11-06T13:54:51","slug":"mypado-atlanta-hondenbed-soft","status":"publish","type":"product","link":"https:\/\/dogpride.nl\/de\/mypado-atlanta-hondenbed-soft\/","title":{"rendered":"MYPADO Atlanta Hundebett weich"},"content":{"rendered":"<h4>MYPADO Atlanta Hundebett weich<\/h4>\n<p>MYPADO Atlanta Hundebett weich<\/p>\n<p>Das Hundebett Atlanta Soft von MYPADO ist eine Klasse f\u00fcr sich.<br \/>\nHier is de nieuwe favoriete plek van je trouwe viervoeter! Deze mooie en elegante hondenmand maakt vooral indruk met zijn fijn gestructureerde bekledingsmateriaal.<br \/>\nHet cre\u00ebert niet alleen een zacht en uiterst knuffelig oppervlak dat uitnodigt tot knuffelen; zijn elegante uitstraling maakt de ontspanningsoase van uw hond tot een echte blikvanger in uw woonkamer.<\/p>\n<p>Perfekt f\u00fcr alle.<br \/>\nOf het nu een mopshond of mastiff is: mypado\u00ae Atlanta Soft is verkrijgbaar in veel verschillende maten, zodat echt elke hond kan genieten van het comfort van deze knusse hondenmand.<br \/>\nZo kunnen viervoeters ontspannen met het hoogste comfort en het mooiste design! Want waarom zou het er niet echt goed uitzien als comfortabel?<\/p>\n<p>Terwijl het binnenkussen &#8211; standaard gevuld met koudschuim &#8211; een ondersteunend en stabiel oppervlak biedt om op te liggen, is de gewatteerde rand absoluut het hoogtepunt van de mypado\u00ae Atlanta Soft.<br \/>\nVanuit het oogpunt van een hond: dik gevoerd met polyesterwatten, vormt het een optimaal hoofdsteungebied om tegenaan te kruipen.<\/p>\n<p>Gro\u00dfe Variantenvielfalt und einfache Wartung<\/p>\n<p>Natuurlijk is de MYPADO Atlanta Hondenbed Soft hondenmand verkrijgbaar in tal van verschillende kleuren. Van klassiek grijs en zilver tot knalroze &#8211; bij ons vind je de ideale hondenmand die bij jouw interieur past.<br \/>\nEn zodat jij en je harige vriend er zo lang mogelijk van kunnen genieten, kan de hoes met een ingenaaide rits eenvoudig worden verwijderd en in de wasmachine op 30\u00b0C worden gewassen.<\/p>\n<h4><strong>Besonderheiten:<\/strong><\/h4>\n<ul>\n<li>Paspelierung rundum (Farbakzent \u2013 Ton in Ton)<\/li>\n<li>Strukturstoff<\/li>\n<li>Bezugsstoff schmutzabweisend und wasserabweisend<\/li>\n<li>st\u00fctzende und stabile Liegefl\u00e4che<\/li>\n<li>Geeignet f\u00fcr leichte und schwere Vierbeiner<\/li>\n<li>langlebig und widerstandsf\u00e4hig<\/li>\n<li>Rei\u00dfverschluss rundum<\/li>\n<\/ul>\n<h5><strong>Optional: <\/strong>Sie k\u00f6nnen zwischen der Standardf\u00fcllung aus Kaltschaum oder einer F\u00fcllung aus viskoelastischem Schaumstoff f\u00fcr eine orthop\u00e4dische Liegefl\u00e4che w\u00e4hlen.<\/h5>\n<h5><strong>Material:<\/strong><\/h5>\n<ul>\n<li>Oberer Bezug: 100% Polyester, unterer Bezug: 100% Polyacryl<\/li>\n<li>strukturierter M\u00f6belstoff<\/li>\n<li>Besonders langlebig, aber weich und angenehm im Griff<\/li>\n<li>Wasserabweisend und schmutzabweisend<\/li>\n<\/ul>\n<h5><strong>F\u00fcllung:<\/strong><\/h5>\n<ul>\n<li>Innenkissen: Standardf\u00fcllung aus Kaltschaum (12 cm)<\/li>\n<li>Seitenkante: Polyesterwatte<\/li>\n<li>Alle F\u00fcllmaterialien werden in Deutschland hergestellt<\/li>\n<\/ul>\n<h5><strong>Reinigung:<\/strong><\/h5>\n<ul>\n<li>Teilweise leicht mit einem feuchten Tuch zu reinigen \u2013 oder Maschinenw\u00e4sche bis 30 \u00b0C.<\/li>\n<li>Durch den rundum vern\u00e4hten Rei\u00dfverschluss ist der Bezug abnehmbar<\/li>\n<\/ul>\n<p><strong>Gr\u00f6\u00dfentabelle und Hinweise (in cm)<\/strong><\/p>\n<p><img loading=\"lazy\" decoding=\"async\" class=\"alignnone wp-image-76883 size-full\" src=\"https:\/\/www.dogpride.nl\/wp-content\/uploads\/Atlanta.jpg\" alt=\"Maattabel\" width=\"432\" height=\"223\" srcset=\"https:\/\/dogpride.nl\/wp-content\/uploads\/Atlanta.jpg 432w, https:\/\/dogpride.nl\/wp-content\/uploads\/Atlanta-250x129.jpg 250w, https:\/\/dogpride.nl\/wp-content\/uploads\/Atlanta-400x206.jpg 400w, https:\/\/dogpride.nl\/wp-content\/uploads\/Atlanta-300x155.jpg 300w, https:\/\/dogpride.nl\/wp-content\/uploads\/Atlanta-200x103.jpg 200w\" sizes=\"auto, (max-width: 432px) 100vw, 432px\" \/><\/p>\n<p>M &gt; Au\u00dfenma\u00dfe 90x70x28 (LxBxH), Innenma\u00dfe 65x54x12 (LxBxH)<br \/>\nRasse: Beagle, Cocker Spaniel, Australian Shepherd, Schnauzer usw.<\/p>\n<p>L &gt; Au\u00dfenma\u00dfe 110x90x30 (LxBxH), Innenma\u00dfe 80x75x12 (LxBxH)<br \/>\nRasse: Golden Retriever, Husky, Ridgeback, Labrador, Dalmatiner usw.<\/p>\n<p>XL &gt; Au\u00dfenma\u00dfe 120x100x32 (LxBxH), Innenma\u00dfe 94x76x12 (LxBxH)<br \/>\nRasse: Windhund, Sennenhund, Irischer Wolfshund usw.<\/p>\n<p>Bitte beachten Sie, dass es sich bei den angegebenen Ma\u00dfen um Au\u00dfenma\u00dfe inklusive Felge handelt. In der Regel nutzen die Hunde die Kante auch zum Anlehnen oder zum Auflegen des Kopfes.<\/p>\n<p><a href=\"https:\/\/www.mypado.de\/\" target=\"_blank\" rel=\"noopener\"><img loading=\"lazy\" decoding=\"async\" class=\"alignnone wp-image-141808 size-full\" src=\"https:\/\/dogpride.nl\/wp-content\/uploads\/logo-mypad-1.jpg\" alt=\"\" width=\"197\" height=\"75\" srcset=\"https:\/\/dogpride.nl\/wp-content\/uploads\/logo-mypad-1.jpg 197w, https:\/\/dogpride.nl\/wp-content\/uploads\/logo-mypad-1-18x7.jpg 18w\" sizes=\"auto, (max-width: 197px) 100vw, 197px\" \/><\/a><\/p>\n<p><a href=\"https:\/\/dogpride.nl\/de\/?s=harko&amp;post_type=product\"><img loading=\"lazy\" decoding=\"async\" class=\"alignnone\" title=\"MYPADO Atlanta Hundebett weich\" src=\"https:\/\/dogpride.nl\/wp-content\/uploads\/mypado-atlanta-softline-grau-01-150x150.jpg\" alt=\"MYPADO Atlanta Hondenbed Soft\" width=\"150\" height=\"150\" \/><\/a><\/p>","protected":false},"excerpt":{"rendered":"<p>MYPADO Atlanta Hundebett weich. Dieses sch\u00f6ne und elegante Hundebett besticht vor allem durch sein fein strukturiertes Bezugsmaterial.<\/p>","protected":false},"featured_media":76929,"template":"","meta":[],"product_brand":[],"product_cat":[3343],"product_tag":[3348,3349,3347,3350],"class_list":{"0":"post-76871","1":"product","2":"type-product","3":"status-publish","4":"has-post-thumbnail","6":"product_cat-mypado-hondenmanden","7":"product_tag-hondenmand","8":"product_tag-koudschuim","9":"product_tag-mypado","10":"product_tag-visco-elastisch","12":"first","13":"instock","14":"taxable","15":"shipping-taxable","16":"purchasable","17":"product-type-variable"},"mb":[],"mfb_rest_fields":["title"],"_links":{"self":[{"href":"https:\/\/dogpride.nl\/de\/wp-json\/wp\/v2\/product\/76871","targetHints":{"allow":["GET"]}}],"collection":[{"href":"https:\/\/dogpride.nl\/de\/wp-json\/wp\/v2\/product"}],"about":[{"href":"https:\/\/dogpride.nl\/de\/wp-json\/wp\/v2\/types\/product"}],"wp:featuredmedia":[{"embeddable":true,"href":"https:\/\/dogpride.nl\/de\/wp-json\/wp\/v2\/media\/76929"}],"wp:attachment":[{"href":"https:\/\/dogpride.nl\/de\/wp-json\/wp\/v2\/media?parent=76871"}],"wp:term":[{"taxonomy":"product_brand","embeddable":true,"href":"https:\/\/dogpride.nl\/de\/wp-json\/wp\/v2\/product_brand?post=76871"},{"taxonomy":"product_cat","embeddable":true,"href":"https:\/\/dogpride.nl\/de\/wp-json\/wp\/v2\/product_cat?post=76871"},{"taxonomy":"product_tag","embeddable":true,"href":"https:\/\/dogpride.nl\/de\/wp-json\/wp\/v2\/product_tag?post=76871"}],"curies":[{"name":"wp","href":"https:\/\/api.w.org\/{rel}","templated":true}]}}