{"id":76851,"date":"2021-11-11T10:48:35","date_gmt":"2021-11-11T09:48:35","guid":{"rendered":"https:\/\/www.dogpride.nl\/?post_type=product&#038;p=76851"},"modified":"2026-02-19T13:13:57","modified_gmt":"2026-02-19T12:13:57","slug":"arrak-thermo-action-pants-men","status":"publish","type":"product","link":"https:\/\/dogpride.nl\/de\/arrak-thermo-action-pants-men\/","title":{"rendered":"Arrak Thermo Action Hose Herren"},"content":{"rendered":"<h4>Arrak Thermo Action Hose Herren<\/h4>\n<p>Arrak Thermo Action Hose Herren<\/p>\n<p>Diese Arrak Thermo Action Pants Men ist eine sehr bequeme und warm gef\u00fctterte Softshellhose.<br \/>\nDer Oberstoff 88% Nylon \/ 12% Spandex macht die Hose sehr flexibel.<br \/>\nAu\u00dferdem ist es wasserabweisend, da der Stoff eine Wassers\u00e4ule von 3000 mm hat.<br \/>\nDie Innenseite besteht aus einem warmen und weichen Mikrofleece.<br \/>\nGummizug in der Taille f\u00fcr beste Passform.<br \/>\n7 G\u00fcrtelschlaufen.<br \/>\nAn beiden Oberschenkeln befinden sich zu \u00f6ffnende Bel\u00fcftungsrei\u00dfverschl\u00fcsse mit Mesh auf der Innenseite.<br \/>\nDie Thermo Pants Men verf\u00fcgt \u00fcber zwei stabile Beintaschen und Seitentaschen mit Rei\u00dfverschluss.<br \/>\nDie Beinabschl\u00fcsse sind mit einem Druckknopf verstellbar.<\/p>\n<p>Diese Thermohose ist perfekt f\u00fcr alle Arten von Outdoor-Aktivit\u00e4ten.<\/p>\n<p><strong>Spezifikationen:<\/strong><\/p>\n<ul>\n<li>88% Nylon \/ 12% Spandex<\/li>\n<li>3000 mm Wassers\u00e4ule<\/li>\n<li>Flexibler und dehnbarer Stoff<\/li>\n<li>Futter aus Microfleece<\/li>\n<li>Rei\u00dfverschlusstaschen f\u00fcr die H\u00e4nde<\/li>\n<li>2 Oberschenkeltaschen<\/li>\n<li>7 G\u00fcrtelschlaufen<\/li>\n<li>Innen am Beinabschluss verst\u00e4rkt<\/li>\n<li>Verstellbarer Beinabschluss<\/li>\n<li>Bel\u00fcftungsrei\u00dfverschluss entlang der Oberschenkel<\/li>\n<li>Thermo<\/li>\n<\/ul>\n<p>Suchen <a href=\"https:\/\/dogpride.nl\/de\/produkt\/arrak-original-jacket-black-unisex-3\/\">Hier<\/a> f\u00fcr einen passenden Wintermantel.<\/p>\n<h5><strong>Gr\u00f6\u00dfentabelle:<\/strong><\/h5>\n<p><img loading=\"lazy\" decoding=\"async\" class=\"alignnone size-full wp-image-76857\" src=\"https:\/\/www.dogpride.nl\/wp-content\/uploads\/Maattabel-AO-New-pants-men-10.jpg\" alt=\"\" width=\"644\" height=\"853\" srcset=\"https:\/\/dogpride.nl\/wp-content\/uploads\/Maattabel-AO-New-pants-men-10.jpg 644w, https:\/\/dogpride.nl\/wp-content\/uploads\/Maattabel-AO-New-pants-men-10-250x331.jpg 250w, https:\/\/dogpride.nl\/wp-content\/uploads\/Maattabel-AO-New-pants-men-10-400x530.jpg 400w, https:\/\/dogpride.nl\/wp-content\/uploads\/Maattabel-AO-New-pants-men-10-226x300.jpg 226w, https:\/\/dogpride.nl\/wp-content\/uploads\/Maattabel-AO-New-pants-men-10-200x265.jpg 200w, https:\/\/dogpride.nl\/wp-content\/uploads\/Maattabel-AO-New-pants-men-10-600x795.jpg 600w\" sizes=\"auto, (max-width: 644px) 100vw, 644px\" \/><\/p>\n<p><a href=\"https:\/\/arrakoutdoor.com\/\" target=\"_blank\" rel=\"noopener\"><img loading=\"lazy\" decoding=\"async\" class=\"alignnone wp-image-139301 size-medium\" src=\"https:\/\/dogpride.nl\/wp-content\/uploads\/Arrak-300x118.jpeg\" alt=\"Logo\" width=\"300\" height=\"118\" srcset=\"https:\/\/dogpride.nl\/wp-content\/uploads\/Arrak-300x118.jpeg 300w, https:\/\/dogpride.nl\/wp-content\/uploads\/Arrak-768x303.jpeg 768w, https:\/\/dogpride.nl\/wp-content\/uploads\/Arrak-18x7.jpeg 18w, https:\/\/dogpride.nl\/wp-content\/uploads\/Arrak-250x99.jpeg 250w, https:\/\/dogpride.nl\/wp-content\/uploads\/Arrak-400x158.jpeg 400w, https:\/\/dogpride.nl\/wp-content\/uploads\/Arrak.jpeg 916w\" sizes=\"auto, (max-width: 300px) 100vw, 300px\" \/><\/a><\/p>\n<p><a href=\"https:\/\/dogpride.nl\/de\/kleding\/broeken\/arrak-outdoor-broeken\/\"><img loading=\"lazy\" decoding=\"async\" class=\"alignnone\" title=\"Arrak Thermo Action Hose Herren\" src=\"https:\/\/dogpride.nl\/wp-content\/uploads\/byxa_svart_man_2_0003-150x150.jpg\" alt=\"Arrak Thermo Action Pants Men\" width=\"150\" height=\"150\" \/><\/a><\/p>","protected":false},"excerpt":{"rendered":"<p>Arrak Thermo ActionPants Herren. Die Thermo ActionPants von Arrak sind sehr bequeme und warm gef\u00fctterte Softshellhosen.<\/p>","protected":false},"featured_media":76852,"template":"","meta":[],"product_brand":[],"product_cat":[24458],"product_tag":[3335,3334,3336,3341,3340,3342],"class_list":{"0":"post-76851","1":"product","2":"type-product","3":"status-publish","4":"has-post-thumbnail","6":"product_cat-arrak-outdoor-heren-broeken","7":"product_tag-arrak","8":"product_tag-arrak-outdoor","9":"product_tag-outdoor","10":"product_tag-thermobroek","11":"product_tag-winter","12":"product_tag-winterbroek","14":"first","15":"instock","16":"taxable","17":"shipping-taxable","18":"purchasable","19":"product-type-variable"},"mb":[],"mfb_rest_fields":["title"],"_links":{"self":[{"href":"https:\/\/dogpride.nl\/de\/wp-json\/wp\/v2\/product\/76851","targetHints":{"allow":["GET"]}}],"collection":[{"href":"https:\/\/dogpride.nl\/de\/wp-json\/wp\/v2\/product"}],"about":[{"href":"https:\/\/dogpride.nl\/de\/wp-json\/wp\/v2\/types\/product"}],"wp:featuredmedia":[{"embeddable":true,"href":"https:\/\/dogpride.nl\/de\/wp-json\/wp\/v2\/media\/76852"}],"wp:attachment":[{"href":"https:\/\/dogpride.nl\/de\/wp-json\/wp\/v2\/media?parent=76851"}],"wp:term":[{"taxonomy":"product_brand","embeddable":true,"href":"https:\/\/dogpride.nl\/de\/wp-json\/wp\/v2\/product_brand?post=76851"},{"taxonomy":"product_cat","embeddable":true,"href":"https:\/\/dogpride.nl\/de\/wp-json\/wp\/v2\/product_cat?post=76851"},{"taxonomy":"product_tag","embeddable":true,"href":"https:\/\/dogpride.nl\/de\/wp-json\/wp\/v2\/product_tag?post=76851"}],"curies":[{"name":"wp","href":"https:\/\/api.w.org\/{rel}","templated":true}]}}