{"id":76835,"date":"2021-11-11T10:37:14","date_gmt":"2021-11-11T09:37:14","guid":{"rendered":"https:\/\/www.dogpride.nl\/?post_type=product&#038;p=76835"},"modified":"2025-11-04T07:41:01","modified_gmt":"2025-11-04T06:41:01","slug":"arrak-thermo-actions-pants-women","status":"publish","type":"product","link":"https:\/\/dogpride.nl\/de\/arrak-thermo-actions-pants-women\/","title":{"rendered":"Arrak Thermo Actions Hose Damen"},"content":{"rendered":"<h4>Arrak Thermo Actions Hose Damen<\/h4>\n<p>Arrak Thermo Actions Hose Damen<\/p>\n<p>Die Arrak Thermo Actions Pants Women ist eine sehr bequeme und warm gef\u00fctterte Softshellhose.<br \/>\nDer Oberstoff 88% Nylon \/ 12% Spandex macht die Hose sehr flexibel.<br \/>\nAu\u00dferdem ist es wasserabweisend, da der Stoff eine Wassers\u00e4ule von 3000 mm hat.<br \/>\nDie Innenseite besteht aus einem warmen und weichen Mikrofleece.<br \/>\nGummizug in der Taille f\u00fcr beste Passform.<br \/>\n7 G\u00fcrtelschlaufen.<br \/>\nAn beiden Oberschenkeln befinden sich zu \u00f6ffnende Bel\u00fcftungsrei\u00dfverschl\u00fcsse mit Mesh auf der Innenseite.<br \/>\nDie Hose verf\u00fcgt \u00fcber zwei stabile Beintaschen und Seitentaschen mit Rei\u00dfverschluss.<br \/>\nDie Beinabschl\u00fcsse sind mit einem Druckknopf verstellbar.<\/p>\n<p>Die Thermo Actions Pants Women eignet sich perfekt f\u00fcr alle Arten von Outdoor-Aktivit\u00e4ten.<\/p>\n<p><strong>Spezifikationen:<\/strong><\/p>\n<ul>\n<li>88% Nylon \/ 12% Spandex<\/li>\n<li>3000 mm Wassers\u00e4ule<\/li>\n<li>Flexibler und dehnbarer Stoff<\/li>\n<li>Futter aus Microfleece<\/li>\n<li>Rei\u00dfverschlusstaschen f\u00fcr die H\u00e4nde<\/li>\n<li>2 Oberschenkeltaschen<\/li>\n<li>7 G\u00fcrtelschlaufen<\/li>\n<li>Innen am Beinabschluss verst\u00e4rkt<\/li>\n<li>Verstellbarer Beinabschluss<\/li>\n<li>Bel\u00fcftungsrei\u00dfverschluss entlang der Oberschenkel<\/li>\n<\/ul>\n<p>Suchen <a href=\"https:\/\/dogpride.nl\/de\/produkt\/arrak-outdoor-original-jacket-olijfgroen-unisex\/\">Hier<\/a> f\u00fcr einen passenden Wintermantel<\/p>\n<p><strong>Gr\u00f6\u00dfentabelle:<\/strong><\/p>\n<p><img loading=\"lazy\" decoding=\"async\" class=\"alignnone size-full wp-image-76842\" src=\"https:\/\/www.dogpride.nl\/wp-content\/uploads\/Maattabel-AO-New-pants-lady-11.jpg\" alt=\"\" width=\"639\" height=\"849\" srcset=\"https:\/\/dogpride.nl\/wp-content\/uploads\/Maattabel-AO-New-pants-lady-11.jpg 639w, https:\/\/dogpride.nl\/wp-content\/uploads\/Maattabel-AO-New-pants-lady-11-250x332.jpg 250w, https:\/\/dogpride.nl\/wp-content\/uploads\/Maattabel-AO-New-pants-lady-11-400x531.jpg 400w, https:\/\/dogpride.nl\/wp-content\/uploads\/Maattabel-AO-New-pants-lady-11-226x300.jpg 226w, https:\/\/dogpride.nl\/wp-content\/uploads\/Maattabel-AO-New-pants-lady-11-200x266.jpg 200w, https:\/\/dogpride.nl\/wp-content\/uploads\/Maattabel-AO-New-pants-lady-11-600x797.jpg 600w\" sizes=\"auto, (max-width: 639px) 100vw, 639px\" \/><\/p>\n<p><a href=\"https:\/\/arrakoutdoor.com\/\" target=\"_blank\" rel=\"noopener\"><img loading=\"lazy\" decoding=\"async\" class=\"alignnone wp-image-139301 size-medium\" src=\"https:\/\/dogpride.nl\/wp-content\/uploads\/Arrak-300x118.jpeg\" alt=\"Logo\" width=\"300\" height=\"118\" srcset=\"https:\/\/dogpride.nl\/wp-content\/uploads\/Arrak-300x118.jpeg 300w, https:\/\/dogpride.nl\/wp-content\/uploads\/Arrak-768x303.jpeg 768w, https:\/\/dogpride.nl\/wp-content\/uploads\/Arrak-18x7.jpeg 18w, https:\/\/dogpride.nl\/wp-content\/uploads\/Arrak-250x99.jpeg 250w, https:\/\/dogpride.nl\/wp-content\/uploads\/Arrak-400x158.jpeg 400w, https:\/\/dogpride.nl\/wp-content\/uploads\/Arrak.jpeg 916w\" sizes=\"auto, (max-width: 300px) 100vw, 300px\" \/><\/a><\/p>\n<p><a href=\"https:\/\/dogpride.nl\/de\/kleding\/broeken\/arrak-outdoor-broeken\/\"><img loading=\"lazy\" decoding=\"async\" class=\"alignnone\" title=\"Arrak Thermo Actions Hose Damen\" src=\"https:\/\/dogpride.nl\/wp-content\/uploads\/23036-1036-150x150.jpg\" alt=\"Arrak Thermo Actions Pants Women\" width=\"150\" height=\"150\" \/><\/a><\/p>","protected":false},"excerpt":{"rendered":"<p>Arrak Thermo ActionsHose Damen. Die Thermo Action Hose von Arrak ist eine sehr bequeme und warm gef\u00fctterte Softshellhose.<\/p>","protected":false},"featured_media":76836,"template":"","meta":[],"product_brand":[],"product_cat":[3860],"product_tag":[3338,3335,3334,3188,3336,3339,3337,3340],"class_list":{"0":"post-76835","1":"product","2":"type-product","3":"status-publish","4":"has-post-thumbnail","6":"product_cat-arrak-outdoor-dames-broeken","7":"product_tag-action","8":"product_tag-arrak","9":"product_tag-arrak-outdoor","10":"product_tag-damesbroek","11":"product_tag-outdoor","12":"product_tag-pants","13":"product_tag-thermo","14":"product_tag-winter","16":"first","17":"instock","18":"taxable","19":"shipping-taxable","20":"purchasable","21":"product-type-variable"},"mb":[],"mfb_rest_fields":["title"],"_links":{"self":[{"href":"https:\/\/dogpride.nl\/de\/wp-json\/wp\/v2\/product\/76835","targetHints":{"allow":["GET"]}}],"collection":[{"href":"https:\/\/dogpride.nl\/de\/wp-json\/wp\/v2\/product"}],"about":[{"href":"https:\/\/dogpride.nl\/de\/wp-json\/wp\/v2\/types\/product"}],"wp:featuredmedia":[{"embeddable":true,"href":"https:\/\/dogpride.nl\/de\/wp-json\/wp\/v2\/media\/76836"}],"wp:attachment":[{"href":"https:\/\/dogpride.nl\/de\/wp-json\/wp\/v2\/media?parent=76835"}],"wp:term":[{"taxonomy":"product_brand","embeddable":true,"href":"https:\/\/dogpride.nl\/de\/wp-json\/wp\/v2\/product_brand?post=76835"},{"taxonomy":"product_cat","embeddable":true,"href":"https:\/\/dogpride.nl\/de\/wp-json\/wp\/v2\/product_cat?post=76835"},{"taxonomy":"product_tag","embeddable":true,"href":"https:\/\/dogpride.nl\/de\/wp-json\/wp\/v2\/product_tag?post=76835"}],"curies":[{"name":"wp","href":"https:\/\/api.w.org\/{rel}","templated":true}]}}