{"id":75800,"date":"2021-10-15T15:03:38","date_gmt":"2021-10-15T13:03:38","guid":{"rendered":"https:\/\/www.dogpride.nl\/?post_type=product&#038;p=75800"},"modified":"2025-11-16T13:01:20","modified_gmt":"2025-11-16T12:01:20","slug":"arrak-ultra-bamboo-ondergoedset-men-black","status":"publish","type":"product","link":"https:\/\/dogpride.nl\/de\/arrak-ultra-bamboo-ondergoedset-men-black\/","title":{"rendered":"ARRAK Ultra Bamboo Unterw\u00e4scheset Herren Schwarz"},"content":{"rendered":"<h4>ARRAK Ultra Bamboo Unterw\u00e4scheset Herren Schwarz<\/h4>\n<p>Das ARRAK Ultra Bamboo Unterw\u00e4scheset Men Black ist eine perfekte Layer-1-Unterw\u00e4sche. Die Qualit\u00e4t ist sehr weich und angenehm zu tragen.<br \/>\nKurzer Rei\u00dfverschluss oben und Stehkragen.<br \/>\nDaumengriff an den Manschetten.<br \/>\nBequemer elastischer Bund<\/p>\n<p><strong>Einzelheiten:<\/strong><\/p>\n<ul>\n<li>95% Bambus \/ Viskose \/ 5% Elasthan<\/li>\n<li>Daumengriff<\/li>\n<li>Kurzer Rei\u00dfverschluss am Shirt<\/li>\n<li>Elastisches Arrak-Band an der Taille<\/li>\n<li>Weiche und wunderbare Qualit\u00e4t<\/li>\n<\/ul>\n<p><a href=\"https:\/\/dogpride.nl\/de\/produkt\/arrak-ultra-bamboo-ondergoedset-women-black\/\">Klicken Sie hier f\u00fcr die Damenversion<\/a><\/p>\n<p><a href=\"https:\/\/arrakoutdoor.com\/awesome-wool-t-shirt-women\" target=\"_blank\" rel=\"noopener\"><img loading=\"lazy\" decoding=\"async\" class=\"alignnone wp-image-142933 size-medium\" src=\"https:\/\/dogpride.nl\/wp-content\/uploads\/Arrak-3-300x118.jpeg\" alt=\"LOGO ARRAK\" width=\"300\" height=\"118\" srcset=\"https:\/\/dogpride.nl\/wp-content\/uploads\/Arrak-3-300x118.jpeg 300w, https:\/\/dogpride.nl\/wp-content\/uploads\/Arrak-3-768x303.jpeg 768w, https:\/\/dogpride.nl\/wp-content\/uploads\/Arrak-3-18x7.jpeg 18w, https:\/\/dogpride.nl\/wp-content\/uploads\/Arrak-3-250x99.jpeg 250w, https:\/\/dogpride.nl\/wp-content\/uploads\/Arrak-3-400x158.jpeg 400w, https:\/\/dogpride.nl\/wp-content\/uploads\/Arrak-3.jpeg 916w\" sizes=\"auto, (max-width: 300px) 100vw, 300px\" \/><\/a><\/p>\n<p><a href=\"https:\/\/dogpride.nl\/de\/kleding\/accessoires\/arrak-accessoires\/\"><img loading=\"lazy\" decoding=\"async\" class=\"alignnone\" title=\"ARRAK Ultra Bamboo Unterw\u00e4scheset Herren Schwarz\" src=\"https:\/\/dogpride.nl\/wp-content\/uploads\/qx8a1480-edit_1_1-150x150.jpg\" alt=\"ARRAK Ultra Bamboo ondergoedset Men Black\" width=\"150\" height=\"150\" \/><\/a><\/p>","protected":false},"excerpt":{"rendered":"<p>ARRAK Ultra Bamboo Unterw\u00e4scheset Herren Schwarz. Das Ultra-Bambus-Set von Arrak ist eine perfekte erste Unterw\u00e4scheschicht. Die Qualit\u00e4t ist sehr weich und angenehm zu tragen.<\/p>","protected":false},"featured_media":75801,"template":"","meta":[],"product_brand":[],"product_cat":[3939],"product_tag":[],"class_list":{"0":"post-75800","1":"product","2":"type-product","3":"status-publish","4":"has-post-thumbnail","6":"product_cat-arrak-accessoires","8":"first","9":"instock","10":"taxable","11":"shipping-taxable","12":"purchasable","13":"product-type-variable"},"mb":[],"mfb_rest_fields":["title"],"_links":{"self":[{"href":"https:\/\/dogpride.nl\/de\/wp-json\/wp\/v2\/product\/75800","targetHints":{"allow":["GET"]}}],"collection":[{"href":"https:\/\/dogpride.nl\/de\/wp-json\/wp\/v2\/product"}],"about":[{"href":"https:\/\/dogpride.nl\/de\/wp-json\/wp\/v2\/types\/product"}],"wp:featuredmedia":[{"embeddable":true,"href":"https:\/\/dogpride.nl\/de\/wp-json\/wp\/v2\/media\/75801"}],"wp:attachment":[{"href":"https:\/\/dogpride.nl\/de\/wp-json\/wp\/v2\/media?parent=75800"}],"wp:term":[{"taxonomy":"product_brand","embeddable":true,"href":"https:\/\/dogpride.nl\/de\/wp-json\/wp\/v2\/product_brand?post=75800"},{"taxonomy":"product_cat","embeddable":true,"href":"https:\/\/dogpride.nl\/de\/wp-json\/wp\/v2\/product_cat?post=75800"},{"taxonomy":"product_tag","embeddable":true,"href":"https:\/\/dogpride.nl\/de\/wp-json\/wp\/v2\/product_tag?post=75800"}],"curies":[{"name":"wp","href":"https:\/\/api.w.org\/{rel}","templated":true}]}}