{"id":75655,"date":"2021-10-08T10:39:21","date_gmt":"2021-10-08T08:39:21","guid":{"rendered":"https:\/\/www.dogpride.nl\/?post_type=product&#038;p=75655"},"modified":"2023-10-18T12:06:20","modified_gmt":"2023-10-18T10:06:20","slug":"sierra-dog-vrijetijdstas-voor-wandelen-met-uw-hond","status":"publish","type":"product","link":"https:\/\/dogpride.nl\/de\/sierra-dog-vrijetijdstas-voor-wandelen-met-uw-hond\/","title":{"rendered":"SIERRA-DOG Freizeittasche f\u00fcr Spazierg\u00e4nge mit Ihrem Hund"},"content":{"rendered":"<h4>SIERRA-DOG Freizeittasche f\u00fcr Spazierg\u00e4nge mit Ihrem Hund<\/h4>\n<p>Die SIERRA-DOG Freizeittasche f\u00fcr Spazierg\u00e4nge mit Ihrem Hund besteht aus wasserdichtem Nylon. Es verf\u00fcgt \u00fcber ger\u00e4umige Satteltaschen mit gesch\u00fctzten, wasserdichten Rei\u00dfverschl\u00fcssen und reflektierenden Streifen.<br \/>\nErm\u00f6glicht Ihrem Hund, einen zusammenklappbaren Napf, ein Leckerli, eine Leine, ein Halsband usw. zu tragen. Passt sich perfekt dem R\u00fccken des Hundes an, stabile und zuverl\u00e4ssige Qualit\u00e4tsschnallen.<br \/>\nAnpassungen unter dem Bauch und im Nacken.<br \/>\nMesh-Futter und Schnallenschutz f\u00fcr optimalen Komfort.<br \/>\n<span class=\"\">Hilfsgriff und Ring zur Befestigung des Karabiners.<\/span><\/p>\n<p>Um die Gr\u00f6\u00dfe zu ermitteln, die Ihrem Hund entspricht, m\u00fcssen Sie den Brustumfang messen.<\/p>\n<p>Inhalt der Satteltasche:<\/p>\n<p>Klein: Fassungsverm\u00f6gen der 2 Satteltaschen ca. 5 Liter.<br \/>\n<span class=\"goog-text-highlight\">Mittel: Fassungsverm\u00f6gen der beiden Satteltaschen ca. 13 Liter.<\/span><br \/>\nGro\u00df: Fassungsverm\u00f6gen der beiden Satteltaschen ca. 16 Liter.<\/p>\n<p>Gr\u00f6\u00dfe: S &gt; Brustumfang 56 bis 77 cm<\/p>\n<p>&nbsp;<\/p>\n<p><a href=\"https:\/\/devrolijkekwispel.nl\/\" target=\"_blank\" rel=\"noopener\">Dogpride NL sponsert Kelly Albers<\/a><\/p>\n<p><em>Ich (Kelly Albers) bin seit 2015 im Tierbereich t\u00e4tig. Nach mehreren Ausbildungen, langj\u00e4hriger Erfahrung im Hundesport und langj\u00e4hriger T\u00e4tigkeit bei verschiedenen Tierbetrieben.<\/em><br \/>\n<em>Im Mai 2018 erreichte ich den H\u00f6hepunkt meiner Hundesportkarriere. Ich wurde WDSF-Weltmeister in der Klasse ipo2 und nahm anschlie\u00dfend an der niederl\u00e4ndischen Meisterschaft aller Rassen teil.<\/em><\/p>","protected":false},"excerpt":{"rendered":"<p>SIERRA DOG Freizeittasche f\u00fcr Spazierg\u00e4nge mit Ihrem Hund. Passt sich perfekt dem R\u00fccken des Hundes an, stabile und zuverl\u00e4ssige Qualit\u00e4tsschnallen.<\/p>","protected":false},"featured_media":75656,"template":"","meta":[],"product_brand":[],"product_cat":[374],"product_tag":[],"class_list":{"0":"post-75655","1":"product","2":"type-product","3":"status-publish","4":"has-post-thumbnail","6":"product_cat-overige-hondentuigjes","8":"first","9":"instock","10":"taxable","11":"shipping-taxable","12":"purchasable","13":"product-type-simple"},"mb":[],"mfb_rest_fields":["title"],"_links":{"self":[{"href":"https:\/\/dogpride.nl\/de\/wp-json\/wp\/v2\/product\/75655","targetHints":{"allow":["GET"]}}],"collection":[{"href":"https:\/\/dogpride.nl\/de\/wp-json\/wp\/v2\/product"}],"about":[{"href":"https:\/\/dogpride.nl\/de\/wp-json\/wp\/v2\/types\/product"}],"wp:featuredmedia":[{"embeddable":true,"href":"https:\/\/dogpride.nl\/de\/wp-json\/wp\/v2\/media\/75656"}],"wp:attachment":[{"href":"https:\/\/dogpride.nl\/de\/wp-json\/wp\/v2\/media?parent=75655"}],"wp:term":[{"taxonomy":"product_brand","embeddable":true,"href":"https:\/\/dogpride.nl\/de\/wp-json\/wp\/v2\/product_brand?post=75655"},{"taxonomy":"product_cat","embeddable":true,"href":"https:\/\/dogpride.nl\/de\/wp-json\/wp\/v2\/product_cat?post=75655"},{"taxonomy":"product_tag","embeddable":true,"href":"https:\/\/dogpride.nl\/de\/wp-json\/wp\/v2\/product_tag?post=75655"}],"curies":[{"name":"wp","href":"https:\/\/api.w.org\/{rel}","templated":true}]}}