{"id":75393,"date":"2021-10-07T10:05:24","date_gmt":"2021-10-07T08:05:24","guid":{"rendered":"https:\/\/www.dogpride.nl\/?post_type=product&#038;p=75393"},"modified":"2025-11-16T11:59:15","modified_gmt":"2025-11-16T10:59:15","slug":"speed-dogsport-trainingsvest-camouflage-derry-2-0","status":"publish","type":"product","link":"https:\/\/dogpride.nl\/de\/speed-dogsport-trainingsvest-camouflage-derry-2-0\/","title":{"rendered":"SPEED-DOGSPORT Trainingsweste Camouflage DERRY 2.0"},"content":{"rendered":"<h4>SPEED-DOGSPORT Trainingsweste Camouflage DERRY 2.0<\/h4>\n<p>SPEED-DOGSPORT trainingsvest Camouflage DERRY 2.0.<\/p>\n<p>Speed Dogsport vest DERRY U-1 in 2 verschillende camouflage optiek is een echte allrounder met een sensationele prijs-prestatieverhouding. Het wordt gekenmerkt door bijzonder robuust en krasbestendig materiaal en een hoge functionaliteit met draagcomfort. Dit vest is onze &#8220;light&#8221; versie van het Liverpool U-1 vest.<\/p>\n<h4>Praktische und durchdachte Details machen sie unverzichtbar beim Hundesport, Angeln, Reiten und Jagen, auch Sie k\u00f6nnen unsere Weste perfekt tragen.<\/h4>\n<ul>\n<li>Hundef\u00fchrerweste \u201eCamouflage\u201c ohne Halsband<\/li>\n<li>kurze Version<\/li>\n<li>bequemes Mesh-Futter<\/li>\n<li>verstellbarer Saum<\/li>\n<li>4 ger\u00e4umige Taschen mit schr\u00e4gem Eingriff vorne, 2 hinten<\/li>\n<li>Brusttasche mit Rei\u00dfverschluss<\/li>\n<li>gen\u00fcgend Taschen, um die notwendige Trainingsausr\u00fcstung zu transportieren<\/li>\n<li>hochwertige YKK-Rei\u00dfverschl\u00fcsse<\/li>\n<li>Kleines Knochen-Accessoire am Rei\u00dfverschluss<\/li>\n<li>Gro\u00dfe Gr\u00f6\u00dfen 3-XL und 4-XL erh\u00e4ltlich<\/li>\n<li>Hundesport - Reiten - Angeln - Jagen - Outdoor<\/li>\n<li>Grundfarben: 2 Tarnoptiken<\/li>\n<li>Anwendungen: Stickerei (Stickgarn MADEIRA)<\/li>\n<\/ul>\n<p>Gr\u00f6\u00dfen: XS-XXXL (Unisex)<\/p>\n<p>Material: 100% Polyester<br \/>\nWaschbar bei 30\u00b0C.<\/p>\n<p><strong>Gr\u00f6\u00dfentabelle:<\/strong><\/p>\n<p><img loading=\"lazy\" decoding=\"async\" class=\"alignnone wp-image-75396 size-large\" src=\"https:\/\/www.dogpride.nl\/wp-content\/uploads\/Maattabel-Derry-1024x723.jpg\" alt=\"\" width=\"1024\" height=\"723\" srcset=\"https:\/\/dogpride.nl\/wp-content\/uploads\/Maattabel-Derry-1024x723.jpg 1024w, https:\/\/dogpride.nl\/wp-content\/uploads\/Maattabel-Derry-250x176.jpg 250w, https:\/\/dogpride.nl\/wp-content\/uploads\/Maattabel-Derry-400x282.jpg 400w, https:\/\/dogpride.nl\/wp-content\/uploads\/Maattabel-Derry-300x212.jpg 300w, https:\/\/dogpride.nl\/wp-content\/uploads\/Maattabel-Derry-768x542.jpg 768w, https:\/\/dogpride.nl\/wp-content\/uploads\/Maattabel-Derry-200x141.jpg 200w, https:\/\/dogpride.nl\/wp-content\/uploads\/Maattabel-Derry-600x423.jpg 600w, https:\/\/dogpride.nl\/wp-content\/uploads\/Maattabel-Derry-800x565.jpg 800w, https:\/\/dogpride.nl\/wp-content\/uploads\/Maattabel-Derry.jpg 1111w\" sizes=\"auto, (max-width: 1024px) 100vw, 1024px\" \/><\/p>\n<p>Speed \u200b\u200bDogsport\u00ae die neue Marke rund um den Hundesport. Outdoor- und Hundesportbekleidung, Hundezubeh\u00f6r, Spielzeug, Vereinsbedarf und vieles mehr!<br \/>\nSpeed-Dogsport vom Hersteller der Marke Speed-Racewear, seit mehr als 20 Jahren bekannt und erfolgreich am Markt als Hersteller von Motorsport- und Kart-Bekleidung.<br \/>\nInnovative und funktionelle Bekleidung von Hundesportlern f\u00fcr Hundesportler. Unsere Produkte wurden in enger Zusammenarbeit mit Hundetrainern und Hundesportlern entwickelt und bereits ausgiebig auf Hunderennbahnen und bei Freizeitaktivit\u00e4ten getestet.<br \/>\nWeitere Produkte sind in Planung und werden in K\u00fcrze in unseren Shop aufgenommen.<\/p>\n<p><a href=\"https:\/\/speed-dogsport.com\/de\/\" target=\"_blank\" rel=\"noopener\"><img loading=\"lazy\" decoding=\"async\" class=\"alignnone wp-image-75332 size-medium\" src=\"https:\/\/dogpride.nl\/wp-content\/uploads\/Logo-Speed-dogsport-300x116.jpg\" alt=\"\" width=\"300\" height=\"116\" srcset=\"https:\/\/dogpride.nl\/wp-content\/uploads\/Logo-Speed-dogsport-300x116.jpg 300w, https:\/\/dogpride.nl\/wp-content\/uploads\/Logo-Speed-dogsport-250x96.jpg 250w, https:\/\/dogpride.nl\/wp-content\/uploads\/Logo-Speed-dogsport-320x124.jpg 320w, https:\/\/dogpride.nl\/wp-content\/uploads\/Logo-Speed-dogsport-200x77.jpg 200w, https:\/\/dogpride.nl\/wp-content\/uploads\/Logo-Speed-dogsport.jpg 322w\" sizes=\"auto, (max-width: 300px) 100vw, 300px\" \/><\/a><\/p>\n<p>&nbsp;<\/p>\n<p><a href=\"https:\/\/dogpride.nl\/de\/kleding\/trainingsvesten\/speed-dogsport-trainingsvesten\/\"><img loading=\"lazy\" decoding=\"async\" class=\"alignnone\" title=\"SPEED-DOGSPORT Trainingsweste Camouflage DERRY 2.0\" src=\"https:\/\/dogpride.nl\/wp-content\/uploads\/hundesport-weste-camouflage-derry-20-speed-dogsport-2-150x150.jpg\" alt=\"SPEED-DOGSPORT trainingsvest Camouflage DERRY 2.0\" width=\"150\" height=\"150\" \/><\/a><img decoding=\"async\" src=\"https:\/\/dogpride.nl\/wp-content\/uploads\/hundesport-weste-camouflage-derry-20-speed-dogsport-1-150x150.jpg\" \/><\/p>","protected":false},"excerpt":{"rendered":"<p>SPEED DOGSPORT Trainingsjacke Camouflage DERRY 2.0. Es zeichnet sich durch besonders robustes und kratzfestes Material und hohe Funktionalit\u00e4t bei Tragekomfort aus.<\/p>","protected":false},"featured_media":75394,"template":"","meta":[],"product_brand":[],"product_cat":[3876],"product_tag":[],"class_list":{"0":"post-75393","1":"product","2":"type-product","3":"status-publish","4":"has-post-thumbnail","6":"product_cat-speed-dogsport-trainingsvesten","8":"first","9":"instock","10":"taxable","11":"shipping-taxable","12":"purchasable","13":"product-type-variable"},"mb":[],"mfb_rest_fields":["title"],"_links":{"self":[{"href":"https:\/\/dogpride.nl\/de\/wp-json\/wp\/v2\/product\/75393","targetHints":{"allow":["GET"]}}],"collection":[{"href":"https:\/\/dogpride.nl\/de\/wp-json\/wp\/v2\/product"}],"about":[{"href":"https:\/\/dogpride.nl\/de\/wp-json\/wp\/v2\/types\/product"}],"wp:featuredmedia":[{"embeddable":true,"href":"https:\/\/dogpride.nl\/de\/wp-json\/wp\/v2\/media\/75394"}],"wp:attachment":[{"href":"https:\/\/dogpride.nl\/de\/wp-json\/wp\/v2\/media?parent=75393"}],"wp:term":[{"taxonomy":"product_brand","embeddable":true,"href":"https:\/\/dogpride.nl\/de\/wp-json\/wp\/v2\/product_brand?post=75393"},{"taxonomy":"product_cat","embeddable":true,"href":"https:\/\/dogpride.nl\/de\/wp-json\/wp\/v2\/product_cat?post=75393"},{"taxonomy":"product_tag","embeddable":true,"href":"https:\/\/dogpride.nl\/de\/wp-json\/wp\/v2\/product_tag?post=75393"}],"curies":[{"name":"wp","href":"https:\/\/api.w.org\/{rel}","templated":true}]}}