{"id":75337,"date":"2021-10-07T08:59:11","date_gmt":"2021-10-07T06:59:11","guid":{"rendered":"https:\/\/www.dogpride.nl\/?post_type=product&#038;p=75337"},"modified":"2025-11-16T12:00:28","modified_gmt":"2025-11-16T11:00:28","slug":"speed-dogsport-trainingsvest-manchester-2-0","status":"publish","type":"product","link":"https:\/\/dogpride.nl\/de\/speed-dogsport-trainingsvest-manchester-2-0\/","title":{"rendered":"SPEED-DOGSPORT Trainingsweste MANCHESTER 2.0"},"content":{"rendered":"<h4>SPEED-DOGSPORT Trainingsweste MANCHESTER 2.0<\/h4>\n<p>SPEED-DOGSPORT Trainingsweste MANCHESTER 2.0. Die Speed \u200b\u200b\u200b\u200b\u200b\u200bDogsport Hundesportweste MANCHESTER U-1 zeichnet sich durch besonders robustes und kratzfestes Material und hohe Funktionalit\u00e4t bei Tragekomfort aus. Praktische und durchdachte Details machen sie f\u00fcr Hundesportler und Hundehalter unverzichtbar.<\/p>\n<h4>Professionelle Unisex-Hundef\u00fchrerweste in langer Ausf\u00fchrung speziell f\u00fcr den Einsatz im Hundepark und beim Training.<\/h4>\n<ul>\n<li>Hundesportweste mit Halsband<\/li>\n<li>Wasserabweisend, atmungsaktiv, kratzfest<\/li>\n<li>Hoher Tragekomfort<\/li>\n<li>Langes Modell<\/li>\n<li>Verschlei\u00dffestes Material<\/li>\n<li>Bequemes Mesh-Innenfutter<\/li>\n<li>Verstellbarer Saum<\/li>\n<li>K\u00e4ngurutasche an der H\u00fcfte (durchgehend)<\/li>\n<li>Ring f\u00fcr G\u00fcrtel<\/li>\n<li>Ger\u00e4umige Taschen auf der Vorderseite<\/li>\n<li>Gen\u00fcgend F\u00e4cher, um die n\u00f6tige Trainingsausr\u00fcstung zu transportieren<\/li>\n<li>Hochwertige YKK-Rei\u00dfverschl\u00fcsse<\/li>\n<li>Kleines Knochen-Accessoire am Rei\u00dfverschluss<\/li>\n<li>Gro\u00dfe Gr\u00f6\u00dfen 3-XL und 4-XL erh\u00e4ltlich<\/li>\n<li>Grundfarbe: Schwarz und Braun<\/li>\n<li>Anwendungen: Stickerei (Stickgarn MADEIRA)<\/li>\n<\/ul>\n<p>Erh\u00e4ltlich in den Farben: Schwarz\/Neongelb, Braun\/Gr\u00fcn<\/p>\n<p>Gr\u00f6\u00dfen: XS-XXXL (Unisex)<\/p>\n<p>Material: 80% Nylon-Twill * | 20%-Polyester<br \/>\nWaschbar bei 30\u00b0C.<\/p>\n<p>* Nylon-Twill = Der Stoff ist mit einer Kette aus Nylon (gl\u00e4nzend und matt) und mit Taslan behandeltem Nylon mit einer extrem dichten Struktur f\u00fcr h\u00f6here Haltbarkeit und Abriebfestigkeit gewebt.<\/p>\n<p><strong>Gr\u00f6\u00dfentabelle:<\/strong><\/p>\n<p><img loading=\"lazy\" decoding=\"async\" class=\"alignnone wp-image-75358 size-large\" src=\"https:\/\/www.dogpride.nl\/wp-content\/uploads\/Maattabel-Manchester-1024x731.jpg\" alt=\"\" width=\"1024\" height=\"731\" srcset=\"https:\/\/dogpride.nl\/wp-content\/uploads\/Maattabel-Manchester-1024x731.jpg 1024w, https:\/\/dogpride.nl\/wp-content\/uploads\/Maattabel-Manchester-250x178.jpg 250w, https:\/\/dogpride.nl\/wp-content\/uploads\/Maattabel-Manchester-400x285.jpg 400w, https:\/\/dogpride.nl\/wp-content\/uploads\/Maattabel-Manchester-300x214.jpg 300w, https:\/\/dogpride.nl\/wp-content\/uploads\/Maattabel-Manchester-768x548.jpg 768w, https:\/\/dogpride.nl\/wp-content\/uploads\/Maattabel-Manchester-200x143.jpg 200w, https:\/\/dogpride.nl\/wp-content\/uploads\/Maattabel-Manchester-600x428.jpg 600w, https:\/\/dogpride.nl\/wp-content\/uploads\/Maattabel-Manchester-800x571.jpg 800w, https:\/\/dogpride.nl\/wp-content\/uploads\/Maattabel-Manchester.jpg 1110w\" sizes=\"auto, (max-width: 1024px) 100vw, 1024px\" \/><\/p>\n<p>Speed \u200b\u200bDogsport\u00ae die neue Marke rund um den Hundesport. Outdoor- und Hundesportbekleidung, Hundezubeh\u00f6r, Spielzeug, Vereinsbedarf und vieles mehr!<br \/>\nSpeed-Dogsport vom Hersteller der Marke Speed-Racewear, seit mehr als 20 Jahren bekannt und erfolgreich am Markt als Hersteller von Motorsport- und Kart-Bekleidung.<br \/>\nInnovative und funktionelle Bekleidung von Hundesportlern f\u00fcr Hundesportler. Unsere Produkte wurden in enger Zusammenarbeit mit Hundetrainern und Hundesportlern entwickelt und bereits ausgiebig auf Hunderennbahnen und bei Freizeitaktivit\u00e4ten getestet.<br \/>\nWeitere Produkte sind in Planung und werden in K\u00fcrze in unseren Shop aufgenommen.<\/p>\n<p><a href=\"https:\/\/speed-dogsport.com\/en\/\" target=\"_blank\" rel=\"noopener\"><img loading=\"lazy\" decoding=\"async\" class=\"alignnone wp-image-142927 size-medium\" src=\"https:\/\/dogpride.nl\/wp-content\/uploads\/Logo-13-300x102.png\" alt=\"Logo Speed dogsport\" width=\"300\" height=\"102\" srcset=\"https:\/\/dogpride.nl\/wp-content\/uploads\/Logo-13-300x102.png 300w, https:\/\/dogpride.nl\/wp-content\/uploads\/Logo-13-768x260.png 768w, https:\/\/dogpride.nl\/wp-content\/uploads\/Logo-13-18x6.png 18w, https:\/\/dogpride.nl\/wp-content\/uploads\/Logo-13-250x85.png 250w, https:\/\/dogpride.nl\/wp-content\/uploads\/Logo-13-400x135.png 400w, https:\/\/dogpride.nl\/wp-content\/uploads\/Logo-13.png 836w\" sizes=\"auto, (max-width: 300px) 100vw, 300px\" \/><\/a><\/p>\n<p><a href=\"https:\/\/dogpride.nl\/de\/speed-dogsport-trainingsvest-manchester-2-0\/\"><img loading=\"lazy\" decoding=\"async\" class=\"alignnone\" src=\"https:\/\/dogpride.nl\/wp-content\/uploads\/hundefuhrerweste-manchester-20-speed-dogsport-fur-hundesport-1.jpg\" alt=\"SPEED-DOGSPORT trainingsvest MANCHESTER 2.0\" width=\"220\" height=\"220\" \/><\/a><\/p>\n<p>&nbsp;<\/p>","protected":false},"excerpt":{"rendered":"<p>Die SPEED DOGSPORT Trainingsweste MANCHESTER 2.0 zeichnet sich durch besonders robustes und kratzfestes Material und hohe Funktionalit\u00e4t bei Tragekomfort aus.<\/p>","protected":false},"featured_media":75346,"template":"","meta":[],"product_brand":[],"product_cat":[3876],"product_tag":[],"class_list":{"0":"post-75337","1":"product","2":"type-product","3":"status-publish","4":"has-post-thumbnail","6":"product_cat-speed-dogsport-trainingsvesten","8":"first","9":"instock","10":"taxable","11":"shipping-taxable","12":"purchasable","13":"product-type-variable"},"mb":[],"mfb_rest_fields":["title"],"_links":{"self":[{"href":"https:\/\/dogpride.nl\/de\/wp-json\/wp\/v2\/product\/75337","targetHints":{"allow":["GET"]}}],"collection":[{"href":"https:\/\/dogpride.nl\/de\/wp-json\/wp\/v2\/product"}],"about":[{"href":"https:\/\/dogpride.nl\/de\/wp-json\/wp\/v2\/types\/product"}],"wp:featuredmedia":[{"embeddable":true,"href":"https:\/\/dogpride.nl\/de\/wp-json\/wp\/v2\/media\/75346"}],"wp:attachment":[{"href":"https:\/\/dogpride.nl\/de\/wp-json\/wp\/v2\/media?parent=75337"}],"wp:term":[{"taxonomy":"product_brand","embeddable":true,"href":"https:\/\/dogpride.nl\/de\/wp-json\/wp\/v2\/product_brand?post=75337"},{"taxonomy":"product_cat","embeddable":true,"href":"https:\/\/dogpride.nl\/de\/wp-json\/wp\/v2\/product_cat?post=75337"},{"taxonomy":"product_tag","embeddable":true,"href":"https:\/\/dogpride.nl\/de\/wp-json\/wp\/v2\/product_tag?post=75337"}],"curies":[{"name":"wp","href":"https:\/\/api.w.org\/{rel}","templated":true}]}}