{"id":75266,"date":"2021-10-06T09:53:36","date_gmt":"2021-10-06T07:53:36","guid":{"rendered":"https:\/\/www.dogpride.nl\/?post_type=product&#038;p=75266"},"modified":"2021-12-22T16:22:26","modified_gmt":"2021-12-22T15:22:26","slug":"exxtremity-patrol-handschoenen-met-p5s-tactische-zaklamp","status":"publish","type":"product","link":"https:\/\/dogpride.nl\/de\/exxtremity-patrol-handschoenen-met-p5s-tactische-zaklamp\/","title":{"rendered":"Exxtremity Patrol-Handschuhe mit taktischer P5S-Taschenlampe"},"content":{"rendered":"<h4>Exxtremity Patrol-Handschuhe mit taktischer P5S-Taschenlampe<\/h4>\n<p>Exxtremity Patrol-Handschuhe mit taktischer P5S-Taschenlampe. Die Exxtremity Patrol-Handschuhe sind mit einer taktischen Taschenlampe ausgestattet, die auf einer Picatinny-Schiene montiert ist, um Sie unter allen Bedingungen zu beleuchten.<\/p>\n<p>Der ideale Handschuh f\u00fcr Zyno-, Taktik- oder Interventionseinheiten. Sie m\u00fcssen Ihre H\u00e4nde nicht mit einer Lampe belasten. Letzterer wird direkt am Handschuh befestigt. M\u00f6glichkeit zur Befestigung am rechten oder linken Handschuh.<\/p>\n<p><span class=\"goog-text-highlight\">Der Exxtremity-Handschuh ist ein leichter Handschuh, eher orientierter Tasthandschuh.<\/span><\/p>\n<p>&nbsp;<\/p>\n<p><a href=\"https:\/\/devrolijkekwispel.nl\/\" target=\"_blank\" rel=\"noopener\">Dogpride NL sponsert Kelly Albers<\/a><\/p>\n<p><em>Ich (Kelly Albers) bin seit 2015 im Tierbereich t\u00e4tig. Nach mehreren Ausbildungen, langj\u00e4hriger Erfahrung im Hundesport und langj\u00e4hriger T\u00e4tigkeit bei verschiedenen Tierbetrieben.<\/em><br \/>\n<em>Im Mai 2018 erreichte ich den H\u00f6hepunkt meiner Hundesportkarriere. Ich wurde WDSF-Weltmeister in der Klasse ipo2 und nahm anschlie\u00dfend an der niederl\u00e4ndischen Meisterschaft aller Rassen teil.<\/em><\/p>","protected":false},"excerpt":{"rendered":"<p>Exxtremity Patrol-Handschuhe mit taktischer P5S-Taschenlampe. Der ideale Handschuh f\u00fcr Zyno-, Taktik- oder Interventionseinheiten, Sie m\u00fcssen Ihre H\u00e4nde nicht mit einem Licht belasten.<\/p>","protected":false},"featured_media":75267,"template":"","meta":[],"product_brand":[],"product_cat":[2911],"product_tag":[],"class_list":{"0":"post-75266","1":"product","2":"type-product","3":"status-publish","4":"has-post-thumbnail","6":"product_cat-pbm","8":"first","9":"instock","10":"taxable","11":"shipping-taxable","12":"purchasable","13":"product-type-variable"},"mb":[],"mfb_rest_fields":["title"],"_links":{"self":[{"href":"https:\/\/dogpride.nl\/de\/wp-json\/wp\/v2\/product\/75266","targetHints":{"allow":["GET"]}}],"collection":[{"href":"https:\/\/dogpride.nl\/de\/wp-json\/wp\/v2\/product"}],"about":[{"href":"https:\/\/dogpride.nl\/de\/wp-json\/wp\/v2\/types\/product"}],"wp:featuredmedia":[{"embeddable":true,"href":"https:\/\/dogpride.nl\/de\/wp-json\/wp\/v2\/media\/75267"}],"wp:attachment":[{"href":"https:\/\/dogpride.nl\/de\/wp-json\/wp\/v2\/media?parent=75266"}],"wp:term":[{"taxonomy":"product_brand","embeddable":true,"href":"https:\/\/dogpride.nl\/de\/wp-json\/wp\/v2\/product_brand?post=75266"},{"taxonomy":"product_cat","embeddable":true,"href":"https:\/\/dogpride.nl\/de\/wp-json\/wp\/v2\/product_cat?post=75266"},{"taxonomy":"product_tag","embeddable":true,"href":"https:\/\/dogpride.nl\/de\/wp-json\/wp\/v2\/product_tag?post=75266"}],"curies":[{"name":"wp","href":"https:\/\/api.w.org\/{rel}","templated":true}]}}