{"id":75257,"date":"2021-10-06T09:48:48","date_gmt":"2021-10-06T07:48:48","guid":{"rendered":"https:\/\/www.dogpride.nl\/?post_type=product&#038;p=75257"},"modified":"2021-12-22T16:23:13","modified_gmt":"2021-12-22T15:23:13","slug":"exxtremity-patrol-handschoenen-met-p3p-tactische-zaklamp","status":"publish","type":"product","link":"https:\/\/dogpride.nl\/de\/exxtremity-patrol-handschoenen-met-p3p-tactische-zaklamp\/","title":{"rendered":"Exxtremity Patrol-Handschuhe mit taktischer P3P-Taschenlampe"},"content":{"rendered":"<h4>Exxtremity Patrol-Handschuhe mit taktischer P3P-Taschenlampe<\/h4>\n<p>Exxtremity Patrol-Handschuhe mit taktischer P3P-Taschenlampe. Die Exxtremity Patrol-Handschuhe sind mit einer taktischen Taschenlampe ausgestattet.<\/p>\n<p>Diese ist auf einer Picatinny-Schiene montiert, um Sie unter allen Bedingungen zu beleuchten.<\/p>\n<p>Der ideale Handschuh f\u00fcr Zyno-, Taktik- oder Interventionseinheiten, Sie m\u00fcssen Ihre H\u00e4nde nicht mit einer Lampe belasten, diese wird direkt am Handschuh befestigt. M\u00f6glichkeit zur Befestigung am rechten oder linken Handschuh.<\/p>\n<p><span class=\"goog-text-highlight\">Der Exxtremity-Handschuh ist ein leichter Handschuh, eher orientierter Tasthandschuh<\/span><\/p>","protected":false},"excerpt":{"rendered":"<p>Exxtremity Patrol-Handschuhe mit taktischer P3P-Taschenlampe. Der ideale Handschuh f\u00fcr Zyno-, Taktik- oder Interventionseinheiten, Sie m\u00fcssen Ihre H\u00e4nde nicht mit einem Licht belasten.<\/p>","protected":false},"featured_media":75258,"template":"","meta":[],"product_brand":[],"product_cat":[2911],"product_tag":[],"class_list":{"0":"post-75257","1":"product","2":"type-product","3":"status-publish","4":"has-post-thumbnail","6":"product_cat-pbm","8":"first","9":"instock","10":"taxable","11":"shipping-taxable","12":"purchasable","13":"product-type-variable"},"mb":[],"mfb_rest_fields":["title"],"_links":{"self":[{"href":"https:\/\/dogpride.nl\/de\/wp-json\/wp\/v2\/product\/75257","targetHints":{"allow":["GET"]}}],"collection":[{"href":"https:\/\/dogpride.nl\/de\/wp-json\/wp\/v2\/product"}],"about":[{"href":"https:\/\/dogpride.nl\/de\/wp-json\/wp\/v2\/types\/product"}],"wp:featuredmedia":[{"embeddable":true,"href":"https:\/\/dogpride.nl\/de\/wp-json\/wp\/v2\/media\/75258"}],"wp:attachment":[{"href":"https:\/\/dogpride.nl\/de\/wp-json\/wp\/v2\/media?parent=75257"}],"wp:term":[{"taxonomy":"product_brand","embeddable":true,"href":"https:\/\/dogpride.nl\/de\/wp-json\/wp\/v2\/product_brand?post=75257"},{"taxonomy":"product_cat","embeddable":true,"href":"https:\/\/dogpride.nl\/de\/wp-json\/wp\/v2\/product_cat?post=75257"},{"taxonomy":"product_tag","embeddable":true,"href":"https:\/\/dogpride.nl\/de\/wp-json\/wp\/v2\/product_tag?post=75257"}],"curies":[{"name":"wp","href":"https:\/\/api.w.org\/{rel}","templated":true}]}}