{"id":75247,"date":"2021-10-06T09:43:05","date_gmt":"2021-10-06T07:43:05","guid":{"rendered":"https:\/\/www.dogpride.nl\/?post_type=product&#038;p=75247"},"modified":"2021-12-22T16:24:25","modified_gmt":"2021-12-22T15:24:25","slug":"titan-k9-snijbestendige-handschoenen-met-p5s-lamp","status":"publish","type":"product","link":"https:\/\/dogpride.nl\/de\/titan-k9-snijbestendige-handschoenen-met-p5s-lamp\/","title":{"rendered":"Schnittfeste Titan-K9-Handschuhe mit P5S-Lampe"},"content":{"rendered":"<h4>Schnittfeste Titan-K9-Handschuhe mit P5S-Lampe<\/h4>\n<p><span class=\"\">Schnittfeste Titan-K9-Handschuhe mit P5S-Lampe. Die schnittfesten Handschuhe Titan K9 sind speziell f\u00fcr kynotechnische Einheiten konzipiert.<\/span><\/p>\n<p>Verst\u00e4rkung an der Handfl\u00e4che, um eine Besch\u00e4digung des Handschuhs durch Scheuern des G\u00fcrtels oder der Kordel zu vermeiden.<br \/>\nDer auf Kevlar basierende Schnittschutz entspricht der Stufe 5, freih\u00e4ndige Beleuchtung dank der auf einer Picatiny-Schiene montierten Lampe.<\/p>\n<p>Nutzen :<\/p>\n<ul>\n<li><span class=\"goog-text-highlight\">H\u00e4nde frei <\/span><span class=\"goog-text-highlight\">Erleichterung<\/span><\/li>\n<li><span class=\"goog-text-highlight\">Schnittfestigkeit der Stufe 5<\/span><\/li>\n<li><span class=\"goog-text-highlight\">Sehr widerstandsf\u00e4hige Materialien<\/span><\/li>\n<li><span class=\"goog-text-highlight\">Optimale Fingerfertigkeit<\/span><\/li>\n<li><span class=\"goog-text-highlight\">Wirksamer Schutz vor St\u00f6\u00dfen und Schnitten<\/span><\/li>\n<li><span class=\"goog-text-highlight\">Atmungsaktiv<\/span><\/li>\n<li><span class=\"goog-text-highlight\">Fester oder Stroboskop-Beleuchtungsmodus<\/span><\/li>\n<li><span class=\"goog-text-highlight\">M\u00f6glichkeit, die Lampe als rechten oder linken Handschuh zu tragen<\/span><\/li>\n<\/ul>","protected":false},"excerpt":{"rendered":"<p>Schnittfeste Titan K9-Handschuhe mit P5S-Lampe. Der auf Kevlar basierende Schnittschutz entspricht der Stufe 5, freih\u00e4ndige Beleuchtung.<\/p>","protected":false},"featured_media":75248,"template":"","meta":[],"product_brand":[],"product_cat":[2911],"product_tag":[],"class_list":{"0":"post-75247","1":"product","2":"type-product","3":"status-publish","4":"has-post-thumbnail","6":"product_cat-pbm","8":"first","9":"instock","10":"taxable","11":"shipping-taxable","12":"purchasable","13":"product-type-variable"},"mb":[],"mfb_rest_fields":["title"],"_links":{"self":[{"href":"https:\/\/dogpride.nl\/de\/wp-json\/wp\/v2\/product\/75247","targetHints":{"allow":["GET"]}}],"collection":[{"href":"https:\/\/dogpride.nl\/de\/wp-json\/wp\/v2\/product"}],"about":[{"href":"https:\/\/dogpride.nl\/de\/wp-json\/wp\/v2\/types\/product"}],"wp:featuredmedia":[{"embeddable":true,"href":"https:\/\/dogpride.nl\/de\/wp-json\/wp\/v2\/media\/75248"}],"wp:attachment":[{"href":"https:\/\/dogpride.nl\/de\/wp-json\/wp\/v2\/media?parent=75247"}],"wp:term":[{"taxonomy":"product_brand","embeddable":true,"href":"https:\/\/dogpride.nl\/de\/wp-json\/wp\/v2\/product_brand?post=75247"},{"taxonomy":"product_cat","embeddable":true,"href":"https:\/\/dogpride.nl\/de\/wp-json\/wp\/v2\/product_cat?post=75247"},{"taxonomy":"product_tag","embeddable":true,"href":"https:\/\/dogpride.nl\/de\/wp-json\/wp\/v2\/product_tag?post=75247"}],"curies":[{"name":"wp","href":"https:\/\/api.w.org\/{rel}","templated":true}]}}